{"id":13869,"date":"2024-02-20T19:57:44","date_gmt":"2024-02-20T18:57:44","guid":{"rendered":"http:\/\/www.maria-koenigin.de\/?page_id=13869"},"modified":"2024-02-20T20:03:41","modified_gmt":"2024-02-20T19:03:41","slug":"grossprojekt-2018","status":"publish","type":"page","link":"https:\/\/www.maria-koenigin.de\/?page_id=13869","title":{"rendered":"Gro\u00dfprojekt 2018: Speditionsunternehmen"},"content":{"rendered":"<p style=\"text-align: justify;\">Im Pionierjahr der Junior Ingenieur Akademie erhielten die Sch\u00fclerinnen und Sch\u00fcler die Aufgabe, als Speditionsunternehmen Waren vom Produktionsort zum Lieferanten mit einem m\u00f6glichst hohen Automatisierungsgrad zu transportieren. Zu diesem Zweck wurde die Gruppe in zwei Teams aufgeteilt, welche die Speditionsunternehmen S\u00f6ren bzw. Schmidt &amp; Hoppe Co. KG gr\u00fcndeten. Innerhalb der Firmen wurde eine Struktur aus Bauingenieuren, Softwareingenieuren, Verantwortlichen f\u00fcr die Dokumentation und Projektleitern eingerichtet. Beide Firmen nutzen zur L\u00f6sung des Problems das Robotersystem von LEGO Mindstorms. Dabei wurde von der Fa. Hoppe und Schmidt ein Kipplastersystem und von der Firma S\u00f6ren ein Roboter mit Transportanh\u00e4nger konstruiert. Impressionen des Projekts sind im Folgenden dargestellt:<\/p>\n<p><img loading=\"lazy\" decoding=\"async\" class=\"alignnone wp-image-13871 size-large\" src=\"http:\/\/www.maria-koenigin.de\/wordpress\/wp-content\/uploads\/2024\/02\/20181001_114952-1024x576.jpg\" alt=\"\" width=\"625\" height=\"352\" srcset=\"https:\/\/www.maria-koenigin.de\/wordpress\/wp-content\/uploads\/2024\/02\/20181001_114952-1024x576.jpg 1024w, https:\/\/www.maria-koenigin.de\/wordpress\/wp-content\/uploads\/2024\/02\/20181001_114952-300x169.jpg 300w, https:\/\/www.maria-koenigin.de\/wordpress\/wp-content\/uploads\/2024\/02\/20181001_114952-768x432.jpg 768w, https:\/\/www.maria-koenigin.de\/wordpress\/wp-content\/uploads\/2024\/02\/20181001_114952-1536x864.jpg 1536w, https:\/\/www.maria-koenigin.de\/wordpress\/wp-content\/uploads\/2024\/02\/20181001_114952-2048x1152.jpg 2048w, https:\/\/www.maria-koenigin.de\/wordpress\/wp-content\/uploads\/2024\/02\/20181001_114952-624x351.jpg 624w\" sizes=\"auto, (max-width: 625px) 100vw, 625px\" \/><img loading=\"lazy\" decoding=\"async\" class=\"alignnone wp-image-13874 size-large\" src=\"http:\/\/www.maria-koenigin.de\/wordpress\/wp-content\/uploads\/2024\/02\/20180910_123751-1024x576.jpg\" alt=\"\" width=\"625\" height=\"352\" srcset=\"https:\/\/www.maria-koenigin.de\/wordpress\/wp-content\/uploads\/2024\/02\/20180910_123751-1024x576.jpg 1024w, https:\/\/www.maria-koenigin.de\/wordpress\/wp-content\/uploads\/2024\/02\/20180910_123751-300x169.jpg 300w, https:\/\/www.maria-koenigin.de\/wordpress\/wp-content\/uploads\/2024\/02\/20180910_123751-768x432.jpg 768w, https:\/\/www.maria-koenigin.de\/wordpress\/wp-content\/uploads\/2024\/02\/20180910_123751-1536x864.jpg 1536w, https:\/\/www.maria-koenigin.de\/wordpress\/wp-content\/uploads\/2024\/02\/20180910_123751-2048x1152.jpg 2048w, https:\/\/www.maria-koenigin.de\/wordpress\/wp-content\/uploads\/2024\/02\/20180910_123751-624x351.jpg 624w\" sizes=\"auto, (max-width: 625px) 100vw, 625px\" \/><img loading=\"lazy\" decoding=\"async\" class=\"alignnone wp-image-13870 size-large\" src=\"http:\/\/www.maria-koenigin.de\/wordpress\/wp-content\/uploads\/2024\/02\/20180924_114808-1024x576.jpg\" alt=\"\" width=\"625\" height=\"352\" srcset=\"https:\/\/www.maria-koenigin.de\/wordpress\/wp-content\/uploads\/2024\/02\/20180924_114808-1024x576.jpg 1024w, https:\/\/www.maria-koenigin.de\/wordpress\/wp-content\/uploads\/2024\/02\/20180924_114808-300x169.jpg 300w, https:\/\/www.maria-koenigin.de\/wordpress\/wp-content\/uploads\/2024\/02\/20180924_114808-768x432.jpg 768w, https:\/\/www.maria-koenigin.de\/wordpress\/wp-content\/uploads\/2024\/02\/20180924_114808-1536x864.jpg 1536w, https:\/\/www.maria-koenigin.de\/wordpress\/wp-content\/uploads\/2024\/02\/20180924_114808-2048x1152.jpg 2048w, https:\/\/www.maria-koenigin.de\/wordpress\/wp-content\/uploads\/2024\/02\/20180924_114808-624x351.jpg 624w\" sizes=\"auto, (max-width: 625px) 100vw, 625px\" \/> <img loading=\"lazy\" decoding=\"async\" class=\"alignnone wp-image-13872 size-large\" src=\"http:\/\/www.maria-koenigin.de\/wordpress\/wp-content\/uploads\/2024\/02\/20181029_125356-1024x576.jpg\" alt=\"\" width=\"625\" height=\"352\" srcset=\"https:\/\/www.maria-koenigin.de\/wordpress\/wp-content\/uploads\/2024\/02\/20181029_125356-1024x576.jpg 1024w, https:\/\/www.maria-koenigin.de\/wordpress\/wp-content\/uploads\/2024\/02\/20181029_125356-300x169.jpg 300w, https:\/\/www.maria-koenigin.de\/wordpress\/wp-content\/uploads\/2024\/02\/20181029_125356-768x432.jpg 768w, https:\/\/www.maria-koenigin.de\/wordpress\/wp-content\/uploads\/2024\/02\/20181029_125356-1536x864.jpg 1536w, https:\/\/www.maria-koenigin.de\/wordpress\/wp-content\/uploads\/2024\/02\/20181029_125356-2048x1152.jpg 2048w, https:\/\/www.maria-koenigin.de\/wordpress\/wp-content\/uploads\/2024\/02\/20181029_125356-624x351.jpg 624w\" sizes=\"auto, (max-width: 625px) 100vw, 625px\" \/> <img loading=\"lazy\" decoding=\"async\" class=\"alignnone wp-image-13873 size-large\" src=\"http:\/\/www.maria-koenigin.de\/wordpress\/wp-content\/uploads\/2024\/02\/20180910_123614-1024x576.jpg\" alt=\"\" width=\"625\" height=\"352\" srcset=\"https:\/\/www.maria-koenigin.de\/wordpress\/wp-content\/uploads\/2024\/02\/20180910_123614-1024x576.jpg 1024w, https:\/\/www.maria-koenigin.de\/wordpress\/wp-content\/uploads\/2024\/02\/20180910_123614-300x169.jpg 300w, https:\/\/www.maria-koenigin.de\/wordpress\/wp-content\/uploads\/2024\/02\/20180910_123614-768x432.jpg 768w, https:\/\/www.maria-koenigin.de\/wordpress\/wp-content\/uploads\/2024\/02\/20180910_123614-1536x864.jpg 1536w, https:\/\/www.maria-koenigin.de\/wordpress\/wp-content\/uploads\/2024\/02\/20180910_123614-2048x1152.jpg 2048w, https:\/\/www.maria-koenigin.de\/wordpress\/wp-content\/uploads\/2024\/02\/20180910_123614-624x351.jpg 624w\" sizes=\"auto, (max-width: 625px) 100vw, 625px\" \/> <img loading=\"lazy\" decoding=\"async\" class=\"alignnone wp-image-13875 size-large\" src=\"http:\/\/www.maria-koenigin.de\/wordpress\/wp-content\/uploads\/2024\/02\/20180910_123913-1024x576.jpg\" alt=\"\" width=\"625\" height=\"352\" srcset=\"https:\/\/www.maria-koenigin.de\/wordpress\/wp-content\/uploads\/2024\/02\/20180910_123913-1024x576.jpg 1024w, https:\/\/www.maria-koenigin.de\/wordpress\/wp-content\/uploads\/2024\/02\/20180910_123913-300x169.jpg 300w, https:\/\/www.maria-koenigin.de\/wordpress\/wp-content\/uploads\/2024\/02\/20180910_123913-768x432.jpg 768w, https:\/\/www.maria-koenigin.de\/wordpress\/wp-content\/uploads\/2024\/02\/20180910_123913-1536x864.jpg 1536w, https:\/\/www.maria-koenigin.de\/wordpress\/wp-content\/uploads\/2024\/02\/20180910_123913-2048x1152.jpg 2048w, https:\/\/www.maria-koenigin.de\/wordpress\/wp-content\/uploads\/2024\/02\/20180910_123913-624x351.jpg 624w\" sizes=\"auto, (max-width: 625px) 100vw, 625px\" \/><\/p>\n<p><a href=\"http:\/\/www.maria-koenigin.de\/?page_id=12746\">zur\u00fcck zur\u00a0 Projekt\u00fcbersicht<\/a><\/p>\n","protected":false},"excerpt":{"rendered":"<p>Im Pionierjahr der Junior Ingenieur Akademie erhielten die Sch\u00fclerinnen und Sch\u00fcler die Aufgabe, als Speditionsunternehmen Waren vom Produktionsort zum Lieferanten mit einem m\u00f6glichst hohen Automatisierungsgrad zu transportieren. Zu diesem Zweck wurde die Gruppe in zwei Teams aufgeteilt, welche die Speditionsunternehmen S\u00f6ren bzw. Schmidt &amp; Hoppe Co. KG gr\u00fcndeten. Innerhalb der Firmen wurde eine Struktur aus [&hellip;]<\/p>\n","protected":false},"author":14,"featured_media":0,"parent":0,"menu_order":0,"comment_status":"closed","ping_status":"closed","template":"","meta":{"ngg_post_thumbnail":0,"_mc_calendar":[],"footnotes":""},"class_list":["post-13869","page","type-page","status-publish","hentry"],"_links":{"self":[{"href":"https:\/\/www.maria-koenigin.de\/index.php?rest_route=\/wp\/v2\/pages\/13869","targetHints":{"allow":["GET"]}}],"collection":[{"href":"https:\/\/www.maria-koenigin.de\/index.php?rest_route=\/wp\/v2\/pages"}],"about":[{"href":"https:\/\/www.maria-koenigin.de\/index.php?rest_route=\/wp\/v2\/types\/page"}],"author":[{"embeddable":true,"href":"https:\/\/www.maria-koenigin.de\/index.php?rest_route=\/wp\/v2\/users\/14"}],"replies":[{"embeddable":true,"href":"https:\/\/www.maria-koenigin.de\/index.php?rest_route=%2Fwp%2Fv2%2Fcomments&post=13869"}],"version-history":[{"count":3,"href":"https:\/\/www.maria-koenigin.de\/index.php?rest_route=\/wp\/v2\/pages\/13869\/revisions"}],"predecessor-version":[{"id":13878,"href":"https:\/\/www.maria-koenigin.de\/index.php?rest_route=\/wp\/v2\/pages\/13869\/revisions\/13878"}],"wp:attachment":[{"href":"https:\/\/www.maria-koenigin.de\/index.php?rest_route=%2Fwp%2Fv2%2Fmedia&parent=13869"}],"curies":[{"name":"wp","href":"https:\/\/api.w.org\/{rel}","templated":true}]}}