{"id":14,"date":"2014-07-29T18:37:09","date_gmt":"2014-07-29T16:37:09","guid":{"rendered":"http:\/\/mkwordpress.bertels-online.com\/?page_id=14"},"modified":"2017-08-28T17:47:07","modified_gmt":"2017-08-28T15:47:07","slug":"chronik","status":"publish","type":"page","link":"https:\/\/www.maria-koenigin.de\/?page_id=14","title":{"rendered":"Chronik"},"content":{"rendered":"<table>\n<colgroup>\n<col width=\"50\" \/>\n<col width=\"550\" \/> <\/colgroup>\n<tbody>\n<tr>\n<td>1895<\/td>\n<td>Gr\u00fcndung der Kongregation der Missionare von der Heiligen Familie (Abk\u00fcrzung MSF: Missionarii a Sacra Familia) durch den franz\u00f6sischen Pater Jean Berthier (1840-1908) mit dem Ziel, junge und mittellose M\u00e4nner sowie Sp\u00e4tberufene f\u00fcr Aufgaben in der Mission auszubilden<\/td>\n<\/tr>\n<tr>\n<td>1919<\/td>\n<td>Anmietung der Adolfsburg in Oberhundem und Gr\u00fcndung der Missionsschule mit Internat f\u00fcr zun\u00e4chst 52 Sch\u00fcler und acht Lehrerpatres<\/td>\n<\/tr>\n<tr>\n<td>1940<\/td>\n<td>Schlie\u00dfung der Schule durch die Nationalsozialisten<\/td>\n<\/tr>\n<tr>\n<td>1946<\/td>\n<td>Wiederer\u00f6ffnung der Schule mit nur zehn Sch\u00fclern<\/td>\n<\/tr>\n<tr>\n<td>1956<\/td>\n<td>Neubau von Kloster und Missionsschule am heutigen Standort auf dem R\u00fcberg (an der Stra\u00dfe von Bilstein nach Altenhundem)<\/td>\n<\/tr>\n<tr>\n<td>1958<\/td>\n<td>Bis 1971 Bildung von F\u00f6rderklassen f\u00fcr jugendliche Sp\u00e4taussiedler aus Osteuropa mit zweij\u00e4hrigem F\u00f6rderkurs in Deutsch f\u00fcr insgesamt 220 Jungen<\/td>\n<\/tr>\n<tr>\n<td>1962<\/td>\n<td>Gr\u00fcndung einer Realschule f\u00fcr Jungen mit Latein als Fremdsprache, die bis 1972 bestand, und parallel dazu Abbau der alten Missionsschule<\/td>\n<\/tr>\n<tr>\n<td>1967<\/td>\n<td>Gr\u00fcndung des Privaten Alt- und Neusprachlichen Gymnasiums Maria K\u00f6nigin unter Leitung von OStR Paul Tigges mit zun\u00e4chst 26 Sch\u00fclern<\/td>\n<\/tr>\n<tr>\n<td>1971<\/td>\n<td>Einf\u00fchrung von Koedukation und Zweiz\u00fcgigkeit<\/td>\n<\/tr>\n<tr>\n<td>1975<\/td>\n<td>Schulerweiterungsbau mit Verwaltung und R\u00e4umen f\u00fcr die Naturwissenschaften (heutiges Geb\u00e4ude C)<\/td>\n<\/tr>\n<tr>\n<td>1976<\/td>\n<td>Erstes Abitur<\/td>\n<\/tr>\n<tr>\n<td>1981<\/td>\n<td>Aufl\u00f6sung des Internats<\/p>\n<p>Bau und Einweihung der neuen Turnhalle und der Erweiterungsbauten an den Schulgeb\u00e4uden<\/td>\n<\/tr>\n<tr>\n<td>1985<\/td>\n<td>Gr\u00fcndung des Arbeitkreises \u201eServir\u201c unter Leitung von Herrn Liesmann zur Unterst\u00fctzung der Jugendarbeit unseres Ordens in Brasilien<\/td>\n<\/tr>\n<tr>\n<td>1986<\/td>\n<td>Verabschiedung des Schulleiters OStD Tigges und Einf\u00fchrung seines Nachfolgers Pater Nies (MSF)<\/td>\n<\/tr>\n<tr>\n<td>1989<\/td>\n<td>Weiterentwicklung des Schulprogramms durch den ersten Sch\u00fcleraustausch mit dem franz\u00f6sischen Partnergymnasium St. Joseph in Th\u00f4nes und der<\/p>\n<p>M\u00f6glichkeit zur Wahl von Latein oder Franz\u00f6sisch als zweiter Fremdsprache<\/td>\n<\/tr>\n<tr>\n<td>1990<\/td>\n<td>Einf\u00fchrung der Dreiz\u00fcgigkeit<\/td>\n<\/tr>\n<tr>\n<td>1992<\/td>\n<td>25-j\u00e4hriges Jubil\u00e4um des Gymnasiums Maria K\u00f6nigin<\/p>\n<p>Gr\u00fcndung des Ehemaligenvereins<\/td>\n<\/tr>\n<tr>\n<td>1997<\/td>\n<td>Wechsel in der Schulleitung von OStD Pater Nies auf OStD Schleime<\/td>\n<\/tr>\n<tr>\n<td>2000<\/td>\n<td>Kooperation mit dem Gymnasium der Stadt Lennestadt in der Sekundarstufe II<\/td>\n<\/tr>\n<tr>\n<td>2001<\/td>\n<td>25. Abitur am Gymnasium Maria K\u00f6nigin;<\/p>\n<p>Errichtung der Stiftung \u201eGymnasium Maria K\u00f6nigin\u201c zur Unterst\u00fctzung des neugegr\u00fcndeten Tr\u00e4gervereins \u201eGymnasium Maria K\u00f6nigin e.V.;<\/p>\n<p>Weiterentwicklung des Schulprogramms durch den zweiten Sch\u00fcleraustausch mit dem polnischen Gymnasium Nr. 1 in Otwock (N\u00e4he Warschau) in der Tr\u00e4gerschaft unseres Ordens<\/td>\n<\/tr>\n<tr>\n<td>2002<\/td>\n<td>\u00dcbergabe der Tr\u00e4gerschaft des Gymnasiums von dem \u201eMissionare von der Heiligen Familie e.V.\u201c an den neuen Tr\u00e4gerverein \u201eGymnasium Maria K\u00f6nigin e.V.\u201c<\/td>\n<\/tr>\n<tr>\n<td>2004<\/td>\n<td>Umbauma\u00dfnahme zur Schaffung neuer Klassenr\u00e4ume durch Verlegung der Verwaltung in den ehemaligen Internatsbereich (heutiges Geb\u00e4ude D); zudem umfangreiche Brandschutzma\u00dfnahmen<\/td>\n<\/tr>\n<tr>\n<td>2005<\/td>\n<td>Gr\u00fcndung des Projekts \u201eJunge Kirche\u201c durch den Arbeitskreis Schulpastoral mit dem Ziel einer modernen Gottesdienstkultur<\/td>\n<\/tr>\n<tr>\n<td>2006<\/td>\n<td>Er\u00f6ffnung der \u201eLernbar\u201c (Cafeteria und Mediothek) nach Umbau der ehemaligen Gro\u00dfk\u00fcche f\u00fcr Internat und Kloster<\/td>\n<\/tr>\n<tr>\n<td>2007<\/td>\n<td>Erstmalig Zentralabitur in NRW<\/td>\n<\/tr>\n<tr>\n<td>2008<\/td>\n<td>50-j\u00e4hriges Jubil\u00e4um der Aufnahme des Schulbetriebs auf dem Klosterberg<\/p>\n<p>Weiterentwicklung des Schulprogramms durch den dritten Austausch mit dem irischen Partnergymnasium St. Joseph\u2019s Secondary School in Ballybunion, Grafschaft Kerry und der<\/p>\n<p>Einf\u00fchrung des Doppelstundenmodells (Unterrichtseinheiten von 90 Minuten)<\/td>\n<\/tr>\n<tr>\n<td>2009<\/td>\n<td>Weiterentwicklung des Schulprogramms durch die Jugendbegegnung mit der privaten Thomas Foreign Language School in Qingdao (Volksrepublik China) unter Federf\u00fchrung der Akademie Biggesee<\/td>\n<\/tr>\n<tr>\n<td>2010<\/td>\n<td>Modernisierungsma\u00dfnahmen in den naturwissenschaftlichen Fachr\u00e4umen, im Medienraum und in der oberen Pausenhalle<\/p>\n<p>25-j\u00e4hriges Jubil\u00e4um des Arbeitskreises \u201eServir\u201c zur Unterst\u00fctzung der Jugendarbeit in Brasilien<\/p>\n<p>Weiterentwicklung des Schulprogramms durch die Einrichtung der Hausaufgabenbetreuung im Rahmen der Individuellen F\u00f6rderung und nachfolgend schrittweiser Ausbau durch Sch\u00fclernachhilfe und Lernstudios<\/td>\n<\/tr>\n<tr>\n<td>2011<\/td>\n<td>sehr erfolgreiche Durchf\u00fchrung der Qualit\u00e4tsanalyse durch das Land NRW unter Beteiligung des Erzbistums Paderborn<\/td>\n<\/tr>\n<tr>\n<td>2013<\/td>\n<td>Einf\u00fchrung von Spanisch in den Jahrgangsstufen 8 und 10, Doppelabitur f\u00fcr G9-Sch\u00fclerinnen und Sch\u00fcler und erstes Abitur der Sch\u00fcler mit nur achtj\u00e4hriger Gymnasiallaufbahn (G8)<\/td>\n<\/tr>\n<tr>\n<td>2015<\/td>\n<td>Die verbliebenen Patres verlassen das Missionshaus &#8222;Maria K\u00f6nigin&#8220;<\/p>\n<p>30-j\u00e4hriges Jubil\u00e4um des Arbeitskreises \u201eServir\u201c zur Unterst\u00fctzung der Jugendarbeit in Brasilien, seit 2012 auch in Pundamilia (Kenia)<\/td>\n<\/tr>\n<tr>\n<td>2016<\/td>\n<td>erste Kontaktaufnahme mit einer Schule auf Teneriffa zur Einf\u00fchrung eines Austauschprogramms<\/td>\n<\/tr>\n<tr>\n<td>2017<\/td>\n<td>50-j\u00e4hriges Jubil\u00e4um des Gymnasiums \u201eMaria K\u00f6nigin\u201c mit Gala, Konzerten und Theaterauff\u00fchrungen<\/p>\n<p>25-j\u00e4hriges Jubil\u00e4um des Freundeskreises der Ehemaligen mit Ehemaligen-Fu\u00dfballturnier und Fete<\/td>\n<\/tr>\n<tr>\n<td>2018<\/td>\n<td><strong>Ausblick:<\/strong> Der Jugendhof Palotti Lennestadt bezieht die R\u00e4umlichkeiten des Missionshauses<\/td>\n<\/tr>\n<tr>\n<td><\/td>\n<td><strong>Aktueller Stand der Schule<\/strong>: ca. 850 Sch\u00fclerinnen und Sch\u00fcler aus den Ortschaften Lennestadts, der Gemeinde Kirchhundem, der Gemeinde Finnentrop und des Hochsauerlandkreises, \u00fcber 60 Lehrerinnen und Lehrer<\/td>\n<\/tr>\n<\/tbody>\n<\/table>\n<p style=\"text-align: right;\">zusammengestellt von J. Lambrecht (Stand: 02\/2017)<\/p>\n","protected":false},"excerpt":{"rendered":"<p>1895 Gr\u00fcndung der Kongregation der Missionare von der Heiligen Familie (Abk\u00fcrzung MSF: Missionarii a Sacra Familia) durch den franz\u00f6sischen Pater Jean Berthier (1840-1908) mit dem Ziel, junge und mittellose M\u00e4nner sowie Sp\u00e4tberufene f\u00fcr Aufgaben in der Mission auszubilden 1919 Anmietung der Adolfsburg in Oberhundem und Gr\u00fcndung der Missionsschule mit Internat f\u00fcr zun\u00e4chst 52 Sch\u00fcler und [&hellip;]<\/p>\n","protected":false},"author":1,"featured_media":0,"parent":8,"menu_order":0,"comment_status":"closed","ping_status":"closed","template":"","meta":{"ngg_post_thumbnail":0,"_mc_calendar":[],"footnotes":""},"class_list":["post-14","page","type-page","status-publish","hentry"],"_links":{"self":[{"href":"https:\/\/www.maria-koenigin.de\/index.php?rest_route=\/wp\/v2\/pages\/14","targetHints":{"allow":["GET"]}}],"collection":[{"href":"https:\/\/www.maria-koenigin.de\/index.php?rest_route=\/wp\/v2\/pages"}],"about":[{"href":"https:\/\/www.maria-koenigin.de\/index.php?rest_route=\/wp\/v2\/types\/page"}],"author":[{"embeddable":true,"href":"https:\/\/www.maria-koenigin.de\/index.php?rest_route=\/wp\/v2\/users\/1"}],"replies":[{"embeddable":true,"href":"https:\/\/www.maria-koenigin.de\/index.php?rest_route=%2Fwp%2Fv2%2Fcomments&post=14"}],"version-history":[{"count":15,"href":"https:\/\/www.maria-koenigin.de\/index.php?rest_route=\/wp\/v2\/pages\/14\/revisions"}],"predecessor-version":[{"id":6368,"href":"https:\/\/www.maria-koenigin.de\/index.php?rest_route=\/wp\/v2\/pages\/14\/revisions\/6368"}],"up":[{"embeddable":true,"href":"https:\/\/www.maria-koenigin.de\/index.php?rest_route=\/wp\/v2\/pages\/8"}],"wp:attachment":[{"href":"https:\/\/www.maria-koenigin.de\/index.php?rest_route=%2Fwp%2Fv2%2Fmedia&parent=14"}],"curies":[{"name":"wp","href":"https:\/\/api.w.org\/{rel}","templated":true}]}}