{"id":14033,"date":"2024-03-09T15:07:29","date_gmt":"2024-03-09T14:07:29","guid":{"rendered":"http:\/\/www.maria-koenigin.de\/?page_id=14033"},"modified":"2025-10-15T12:54:14","modified_gmt":"2025-10-15T10:54:14","slug":"technik","status":"publish","type":"page","link":"https:\/\/www.maria-koenigin.de\/?page_id=14033","title":{"rendered":"Technik"},"content":{"rendered":"<table border=\"0\">\n<tbody>\n<tr>\n<td><img loading=\"lazy\" decoding=\"async\" class=\"alignnone wp-image-16705 size-full\" src=\"http:\/\/www.maria-koenigin.de\/wordpress\/wp-content\/uploads\/2025\/08\/R7TH0006-Technik.jpg\" alt=\"\" width=\"1920\" height=\"1536\" srcset=\"https:\/\/www.maria-koenigin.de\/wordpress\/wp-content\/uploads\/2025\/08\/R7TH0006-Technik.jpg 1920w, https:\/\/www.maria-koenigin.de\/wordpress\/wp-content\/uploads\/2025\/08\/R7TH0006-Technik-300x240.jpg 300w, https:\/\/www.maria-koenigin.de\/wordpress\/wp-content\/uploads\/2025\/08\/R7TH0006-Technik-1024x819.jpg 1024w, https:\/\/www.maria-koenigin.de\/wordpress\/wp-content\/uploads\/2025\/08\/R7TH0006-Technik-768x614.jpg 768w, https:\/\/www.maria-koenigin.de\/wordpress\/wp-content\/uploads\/2025\/08\/R7TH0006-Technik-1536x1229.jpg 1536w, https:\/\/www.maria-koenigin.de\/wordpress\/wp-content\/uploads\/2025\/08\/R7TH0006-Technik-624x499.jpg 624w\" sizes=\"auto, (max-width: 1920px) 100vw, 1920px\" \/><\/td>\n<\/tr>\n<tr>\n<td><strong>Mitglieder der Fachschaft<\/strong><\/td>\n<\/tr>\n<tr>\n<td>Matthias Walter, Andr\u00e9 Bertels<\/td>\n<\/tr>\n<\/tbody>\n<\/table>\n<p class=\"\" data-start=\"49\" data-end=\"426\">Seit dem Schuljahr 2022\/23 bieten wir das Fach Technik in der Oberstufe an. Damit f\u00fchren wir den Technikunterricht, der seit 2017 im Rahmen der Junior Ingenieur Akademie als Wahlfach in den Klassen 9\/10 angeboten wird, in der Sekundarstufe II fort. Die Teilnahme an der Junior Ingenieur Akademie ist jedoch keine Voraussetzung, um das Fach Technik in der Oberstufe zu w\u00e4hlen. Das Fach Technik kann \u2013 wie jedes andere Fach \u2013 als Grundkurs oder Leistungskurs belegt werden. Au\u00dferdem ist es m\u00f6glich, Technik als Abiturpr\u00fcfungsfach zu w\u00e4hlen.<\/p>\n<p data-start=\"49\" data-end=\"426\"><img loading=\"lazy\" decoding=\"async\" class=\"alignnone wp-image-15929 size-large\" src=\"http:\/\/www.maria-koenigin.de\/wordpress\/wp-content\/uploads\/2025\/04\/20221221_143602-1024x768.jpg\" alt=\"\" width=\"625\" height=\"469\" srcset=\"https:\/\/www.maria-koenigin.de\/wordpress\/wp-content\/uploads\/2025\/04\/20221221_143602-1024x768.jpg 1024w, https:\/\/www.maria-koenigin.de\/wordpress\/wp-content\/uploads\/2025\/04\/20221221_143602-300x225.jpg 300w, https:\/\/www.maria-koenigin.de\/wordpress\/wp-content\/uploads\/2025\/04\/20221221_143602-768x576.jpg 768w, https:\/\/www.maria-koenigin.de\/wordpress\/wp-content\/uploads\/2025\/04\/20221221_143602-1536x1152.jpg 1536w, https:\/\/www.maria-koenigin.de\/wordpress\/wp-content\/uploads\/2025\/04\/20221221_143602-2048x1536.jpg 2048w, https:\/\/www.maria-koenigin.de\/wordpress\/wp-content\/uploads\/2025\/04\/20221221_143602-624x468.jpg 624w\" sizes=\"auto, (max-width: 625px) 100vw, 625px\" \/><\/p>\n<p class=\"\" data-start=\"594\" data-end=\"905\">Der Unterricht umfasst verschiedene technische Disziplinen mit einem starken Praxisbezug. Thematische Schwerpunkte sind unter anderem Digitaltechnik, Fertigungstechnik, Robotik, Steuerungstechnik, Automatisierungstechnik, Energietechnik, Versorgungstechnik, Statik, Bionik und innovative Zukunftstechnologien wie Wasserstofftechnik oder Elektromobilit\u00e4t.<\/p>\n<p data-start=\"594\" data-end=\"905\"><img loading=\"lazy\" decoding=\"async\" class=\"alignnone wp-image-15930 size-full\" src=\"http:\/\/www.maria-koenigin.de\/wordpress\/wp-content\/uploads\/2025\/04\/20250114_114235-scaled.jpg\" alt=\"\" width=\"2560\" height=\"1920\" srcset=\"https:\/\/www.maria-koenigin.de\/wordpress\/wp-content\/uploads\/2025\/04\/20250114_114235-scaled.jpg 2560w, https:\/\/www.maria-koenigin.de\/wordpress\/wp-content\/uploads\/2025\/04\/20250114_114235-300x225.jpg 300w, https:\/\/www.maria-koenigin.de\/wordpress\/wp-content\/uploads\/2025\/04\/20250114_114235-1024x768.jpg 1024w, https:\/\/www.maria-koenigin.de\/wordpress\/wp-content\/uploads\/2025\/04\/20250114_114235-768x576.jpg 768w, https:\/\/www.maria-koenigin.de\/wordpress\/wp-content\/uploads\/2025\/04\/20250114_114235-1536x1152.jpg 1536w, https:\/\/www.maria-koenigin.de\/wordpress\/wp-content\/uploads\/2025\/04\/20250114_114235-2048x1536.jpg 2048w, https:\/\/www.maria-koenigin.de\/wordpress\/wp-content\/uploads\/2025\/04\/20250114_114235-624x468.jpg 624w\" sizes=\"auto, (max-width: 2560px) 100vw, 2560px\" \/><\/p>\n<p><strong>Downloads<\/strong><\/p>\n<p><a href=\"http:\/\/www.maria-koenigin.de\/wordpress\/wp-content\/uploads\/2025\/03\/unterrichtsraster_TC_EF.pdf\" target=\"_blank\" rel=\"noopener\">Unterrichtsraster Einf\u00fchrungsphase<\/a><\/p>\n<p><a href=\"http:\/\/www.maria-koenigin.de\/wordpress\/wp-content\/uploads\/2025\/05\/uraster_Qphase.pdf\" target=\"_blank\" rel=\"noopener\">Unterrichtsraster Qualifikationsphase<\/a><\/p>\n","protected":false},"excerpt":{"rendered":"<p>Mitglieder der Fachschaft Matthias Walter, Andr\u00e9 Bertels Seit dem Schuljahr 2022\/23 bieten wir das Fach Technik in der Oberstufe an. Damit f\u00fchren wir den Technikunterricht, der seit 2017 im Rahmen der Junior Ingenieur Akademie als Wahlfach in den Klassen 9\/10 angeboten wird, in der Sekundarstufe II fort. Die Teilnahme an der Junior Ingenieur Akademie ist [&hellip;]<\/p>\n","protected":false},"author":1,"featured_media":0,"parent":0,"menu_order":0,"comment_status":"closed","ping_status":"closed","template":"","meta":{"ngg_post_thumbnail":0,"_mc_calendar":[],"footnotes":""},"class_list":["post-14033","page","type-page","status-publish","hentry"],"_links":{"self":[{"href":"https:\/\/www.maria-koenigin.de\/index.php?rest_route=\/wp\/v2\/pages\/14033","targetHints":{"allow":["GET"]}}],"collection":[{"href":"https:\/\/www.maria-koenigin.de\/index.php?rest_route=\/wp\/v2\/pages"}],"about":[{"href":"https:\/\/www.maria-koenigin.de\/index.php?rest_route=\/wp\/v2\/types\/page"}],"author":[{"embeddable":true,"href":"https:\/\/www.maria-koenigin.de\/index.php?rest_route=\/wp\/v2\/users\/1"}],"replies":[{"embeddable":true,"href":"https:\/\/www.maria-koenigin.de\/index.php?rest_route=%2Fwp%2Fv2%2Fcomments&post=14033"}],"version-history":[{"count":14,"href":"https:\/\/www.maria-koenigin.de\/index.php?rest_route=\/wp\/v2\/pages\/14033\/revisions"}],"predecessor-version":[{"id":17072,"href":"https:\/\/www.maria-koenigin.de\/index.php?rest_route=\/wp\/v2\/pages\/14033\/revisions\/17072"}],"wp:attachment":[{"href":"https:\/\/www.maria-koenigin.de\/index.php?rest_route=%2Fwp%2Fv2%2Fmedia&parent=14033"}],"curies":[{"name":"wp","href":"https:\/\/api.w.org\/{rel}","templated":true}]}}