{"id":14534,"date":"2024-08-13T19:04:26","date_gmt":"2024-08-13T17:04:26","guid":{"rendered":"https:\/\/www.maria-koenigin.de\/?page_id=14534"},"modified":"2025-04-23T11:52:47","modified_gmt":"2025-04-23T09:52:47","slug":"grossprojekte-2024","status":"publish","type":"page","link":"https:\/\/www.maria-koenigin.de\/?page_id=14534","title":{"rendered":"Abschlussprojekte 2024"},"content":{"rendered":"<p>Der Abschlussjahrgang 2024 ist ein ganz besonderer, da zum ersten Mal zwei Akademien parallel unterrichtet wurden und gemeinsam in Kleingruppen ihr Abschlussprojekt geplant und durchgef\u00fchrt haben. So entstanden vielseitige Projekte aus dem Bereich Technik:<\/p>\n<h1><strong><span style=\"color: #33cccc;\">Aluscheunenhelfer:<\/span><\/strong><\/h1>\n<p><strong>Projektidee:<\/strong> Unterst\u00fctzung f\u00fcr die Aluscheune, indem ein Laufband das<br \/>\nAlu in die Pressmaschine transportiert.<\/p>\n<p><strong>Umsetzung<\/strong>: 3D-Druck, Lego-Mindstorms Sensoren und Aktoren<\/p>\n<p>F\u00fcr eine detaillierte Dokumentation <a href=\"http:\/\/www.maria-koenigin.de\/wordpress\/wp-content\/uploads\/2024\/08\/Transportband.pdf\" target=\"_blank\" rel=\"noopener\">hier<\/a> klicken!<\/p>\n<p><img loading=\"lazy\" decoding=\"async\" class=\"wp-image-14548 size-full\" src=\"http:\/\/www.maria-koenigin.de\/wordpress\/wp-content\/uploads\/2024\/08\/JIA_Abschluss2024_0016-scaled.jpg\" alt=\"\" width=\"2560\" height=\"1706\" srcset=\"https:\/\/www.maria-koenigin.de\/wordpress\/wp-content\/uploads\/2024\/08\/JIA_Abschluss2024_0016-scaled.jpg 2560w, https:\/\/www.maria-koenigin.de\/wordpress\/wp-content\/uploads\/2024\/08\/JIA_Abschluss2024_0016-300x200.jpg 300w, https:\/\/www.maria-koenigin.de\/wordpress\/wp-content\/uploads\/2024\/08\/JIA_Abschluss2024_0016-1024x683.jpg 1024w, https:\/\/www.maria-koenigin.de\/wordpress\/wp-content\/uploads\/2024\/08\/JIA_Abschluss2024_0016-768x512.jpg 768w, https:\/\/www.maria-koenigin.de\/wordpress\/wp-content\/uploads\/2024\/08\/JIA_Abschluss2024_0016-1536x1024.jpg 1536w, https:\/\/www.maria-koenigin.de\/wordpress\/wp-content\/uploads\/2024\/08\/JIA_Abschluss2024_0016-2048x1365.jpg 2048w, https:\/\/www.maria-koenigin.de\/wordpress\/wp-content\/uploads\/2024\/08\/JIA_Abschluss2024_0016-624x416.jpg 624w\" sizes=\"auto, (max-width: 2560px) 100vw, 2560px\" \/><\/p>\n<p>&nbsp;<\/p>\n<h1><strong><span style=\"color: #33cccc;\">Parkleitsystem<\/span><\/strong><\/h1>\n<p><strong>Projektidee:<\/strong> Entwicklung eines Systems, das freie und belegte Parkpl\u00e4tze Farbsignal automatisch anzeigt<\/p>\n<p><strong>Umsetzung<\/strong>: Arduino, 3D-Druck, Grundlagen Elektrotechnik<\/p>\n<p>F\u00fcr eine detaillierte Dokumentation <a href=\"http:\/\/www.maria-koenigin.de\/wordpress\/wp-content\/uploads\/2024\/08\/Parkleitsystem.pdf\" target=\"_blank\" rel=\"noopener\">hier<\/a> klicken!<\/p>\n<p><img loading=\"lazy\" decoding=\"async\" class=\"wp-image-14549 size-full\" src=\"http:\/\/www.maria-koenigin.de\/wordpress\/wp-content\/uploads\/2024\/08\/JIA_Abschluss2024_0074-scaled.jpg\" alt=\"\" width=\"2560\" height=\"2410\" srcset=\"https:\/\/www.maria-koenigin.de\/wordpress\/wp-content\/uploads\/2024\/08\/JIA_Abschluss2024_0074-scaled.jpg 2560w, https:\/\/www.maria-koenigin.de\/wordpress\/wp-content\/uploads\/2024\/08\/JIA_Abschluss2024_0074-300x282.jpg 300w, https:\/\/www.maria-koenigin.de\/wordpress\/wp-content\/uploads\/2024\/08\/JIA_Abschluss2024_0074-1024x964.jpg 1024w, https:\/\/www.maria-koenigin.de\/wordpress\/wp-content\/uploads\/2024\/08\/JIA_Abschluss2024_0074-768x723.jpg 768w, https:\/\/www.maria-koenigin.de\/wordpress\/wp-content\/uploads\/2024\/08\/JIA_Abschluss2024_0074-1536x1446.jpg 1536w, https:\/\/www.maria-koenigin.de\/wordpress\/wp-content\/uploads\/2024\/08\/JIA_Abschluss2024_0074-2048x1928.jpg 2048w, https:\/\/www.maria-koenigin.de\/wordpress\/wp-content\/uploads\/2024\/08\/JIA_Abschluss2024_0074-624x587.jpg 624w\" sizes=\"auto, (max-width: 2560px) 100vw, 2560px\" \/><\/p>\n<p>&nbsp;<\/p>\n<h1><strong><span style=\"color: #33cccc;\">Innovatives Gew\u00e4chshaus<br \/>\n<\/span><\/strong><\/h1>\n<p><strong>Projektidee:<\/strong> Automatisierte und temperaturgesteuerte Bew\u00e4sserung von Pflanzen in einem Gew\u00e4chshaus mittels angesteuertem Schrittmotor<\/p>\n<p><strong>Umsetzung<\/strong>: Arduino, 3D-Druck, Steuerungstechnik<\/p>\n<p>F\u00fcr eine detaillierte Dokumentation <a href=\"http:\/\/www.maria-koenigin.de\/wordpress\/wp-content\/uploads\/2024\/08\/Gewaechshaus.pdf\" target=\"_blank\" rel=\"noopener\">hier<\/a> klicken!<\/p>\n<p><img loading=\"lazy\" decoding=\"async\" class=\"wp-image-14553 size-full\" src=\"http:\/\/www.maria-koenigin.de\/wordpress\/wp-content\/uploads\/2024\/08\/JIA_Abschluss2024_0100-scaled.jpg\" alt=\"\" width=\"2560\" height=\"1706\" srcset=\"https:\/\/www.maria-koenigin.de\/wordpress\/wp-content\/uploads\/2024\/08\/JIA_Abschluss2024_0100-scaled.jpg 2560w, https:\/\/www.maria-koenigin.de\/wordpress\/wp-content\/uploads\/2024\/08\/JIA_Abschluss2024_0100-300x200.jpg 300w, https:\/\/www.maria-koenigin.de\/wordpress\/wp-content\/uploads\/2024\/08\/JIA_Abschluss2024_0100-1024x683.jpg 1024w, https:\/\/www.maria-koenigin.de\/wordpress\/wp-content\/uploads\/2024\/08\/JIA_Abschluss2024_0100-768x512.jpg 768w, https:\/\/www.maria-koenigin.de\/wordpress\/wp-content\/uploads\/2024\/08\/JIA_Abschluss2024_0100-1536x1024.jpg 1536w, https:\/\/www.maria-koenigin.de\/wordpress\/wp-content\/uploads\/2024\/08\/JIA_Abschluss2024_0100-2048x1365.jpg 2048w, https:\/\/www.maria-koenigin.de\/wordpress\/wp-content\/uploads\/2024\/08\/JIA_Abschluss2024_0100-624x416.jpg 624w\" sizes=\"auto, (max-width: 2560px) 100vw, 2560px\" \/><\/p>\n<p>&nbsp;<\/p>\n<h1><strong><span style=\"color: #33cccc;\">Miniaturschule (Au\u00dfengeb\u00e4ude)<br \/>\n<\/span><\/strong><\/h1>\n<p><strong>Projektidee:<\/strong> Fertigung eines ma\u00dfstabsgetreuen Miniaturmodells unserer Schule<\/p>\n<p><strong>Umsetzung<\/strong>: 3D-Druck<\/p>\n<p>F\u00fcr eine detaillierte Dokumentation <a href=\"http:\/\/www.maria-koenigin.de\/wordpress\/wp-content\/uploads\/2024\/08\/Dokumentation-Miniaturschule.pdf\" target=\"_blank\" rel=\"noopener\">hier<\/a> klicken!<\/p>\n<p><img loading=\"lazy\" decoding=\"async\" class=\"alignnone wp-image-14565 size-full\" src=\"http:\/\/www.maria-koenigin.de\/wordpress\/wp-content\/uploads\/2024\/08\/20240613_084757-scaled.jpg\" alt=\"\" width=\"2560\" height=\"1153\" srcset=\"https:\/\/www.maria-koenigin.de\/wordpress\/wp-content\/uploads\/2024\/08\/20240613_084757-scaled.jpg 2560w, https:\/\/www.maria-koenigin.de\/wordpress\/wp-content\/uploads\/2024\/08\/20240613_084757-300x135.jpg 300w, https:\/\/www.maria-koenigin.de\/wordpress\/wp-content\/uploads\/2024\/08\/20240613_084757-1024x461.jpg 1024w, https:\/\/www.maria-koenigin.de\/wordpress\/wp-content\/uploads\/2024\/08\/20240613_084757-768x346.jpg 768w, https:\/\/www.maria-koenigin.de\/wordpress\/wp-content\/uploads\/2024\/08\/20240613_084757-1536x692.jpg 1536w, https:\/\/www.maria-koenigin.de\/wordpress\/wp-content\/uploads\/2024\/08\/20240613_084757-2048x922.jpg 2048w, https:\/\/www.maria-koenigin.de\/wordpress\/wp-content\/uploads\/2024\/08\/20240613_084757-624x281.jpg 624w\" sizes=\"auto, (max-width: 2560px) 100vw, 2560px\" \/><\/p>\n<p>&nbsp;<\/p>\n<h1><strong><span style=\"color: #33cccc;\">Miniaturschule (Innengeb\u00e4ude)<br \/>\n<\/span><\/strong><\/h1>\n<p><strong>Projektidee:<\/strong> Fertigung eines ma\u00dfstabsgetreuen und zerlegbaren Miniaturmodells des C-Trakts unserer Schule<\/p>\n<p><strong>Umsetzung<\/strong>: 3D-Druck<\/p>\n<p>F\u00fcr eine detaillierte Dokumentation <a href=\"http:\/\/www.maria-koenigin.de\/wordpress\/wp-content\/uploads\/2024\/08\/C-Trakt.pdf\" target=\"_blank\" rel=\"noopener\">hier<\/a> klicken!<\/p>\n<p><img loading=\"lazy\" decoding=\"async\" class=\"wp-image-14561 size-full\" src=\"http:\/\/www.maria-koenigin.de\/wordpress\/wp-content\/uploads\/2024\/08\/JIA_Abschluss2024_0096-scaled.jpg\" alt=\"\" width=\"2560\" height=\"2226\" srcset=\"https:\/\/www.maria-koenigin.de\/wordpress\/wp-content\/uploads\/2024\/08\/JIA_Abschluss2024_0096-scaled.jpg 2560w, https:\/\/www.maria-koenigin.de\/wordpress\/wp-content\/uploads\/2024\/08\/JIA_Abschluss2024_0096-300x261.jpg 300w, https:\/\/www.maria-koenigin.de\/wordpress\/wp-content\/uploads\/2024\/08\/JIA_Abschluss2024_0096-1024x890.jpg 1024w, https:\/\/www.maria-koenigin.de\/wordpress\/wp-content\/uploads\/2024\/08\/JIA_Abschluss2024_0096-768x668.jpg 768w, https:\/\/www.maria-koenigin.de\/wordpress\/wp-content\/uploads\/2024\/08\/JIA_Abschluss2024_0096-1536x1335.jpg 1536w, https:\/\/www.maria-koenigin.de\/wordpress\/wp-content\/uploads\/2024\/08\/JIA_Abschluss2024_0096-2048x1781.jpg 2048w, https:\/\/www.maria-koenigin.de\/wordpress\/wp-content\/uploads\/2024\/08\/JIA_Abschluss2024_0096-624x542.jpg 624w\" sizes=\"auto, (max-width: 2560px) 100vw, 2560px\" \/><\/p>\n<p>&nbsp;<\/p>\n<h1><strong><span style=\"color: #33cccc;\">Miniaturschule (Mediothek)<br \/>\n<\/span><\/strong><\/h1>\n<p><strong>Projektidee:<\/strong> Fertigung eines ma\u00dfstabsgetreuen Miniaturmodells zur Neugestaltung der Mediothek unserer Schule<\/p>\n<p><strong>Umsetzung<\/strong>: 3D-Druck, Holzbearbeitung<\/p>\n<p>F\u00fcr eine detaillierte Dokumentation <a href=\"http:\/\/www.maria-koenigin.de\/wordpress\/wp-content\/uploads\/2024\/08\/Mediothek.pdf\" target=\"_blank\" rel=\"noopener\">hier<\/a> klicken!<\/p>\n<p><img loading=\"lazy\" decoding=\"async\" class=\"wp-image-14563 size-full\" src=\"http:\/\/www.maria-koenigin.de\/wordpress\/wp-content\/uploads\/2024\/08\/JIA_Abschluss2024_0069-scaled.jpg\" alt=\"\" width=\"2560\" height=\"2280\" srcset=\"https:\/\/www.maria-koenigin.de\/wordpress\/wp-content\/uploads\/2024\/08\/JIA_Abschluss2024_0069-scaled.jpg 2560w, https:\/\/www.maria-koenigin.de\/wordpress\/wp-content\/uploads\/2024\/08\/JIA_Abschluss2024_0069-300x267.jpg 300w, https:\/\/www.maria-koenigin.de\/wordpress\/wp-content\/uploads\/2024\/08\/JIA_Abschluss2024_0069-1024x912.jpg 1024w, https:\/\/www.maria-koenigin.de\/wordpress\/wp-content\/uploads\/2024\/08\/JIA_Abschluss2024_0069-768x684.jpg 768w, https:\/\/www.maria-koenigin.de\/wordpress\/wp-content\/uploads\/2024\/08\/JIA_Abschluss2024_0069-1536x1368.jpg 1536w, https:\/\/www.maria-koenigin.de\/wordpress\/wp-content\/uploads\/2024\/08\/JIA_Abschluss2024_0069-2048x1824.jpg 2048w, https:\/\/www.maria-koenigin.de\/wordpress\/wp-content\/uploads\/2024\/08\/JIA_Abschluss2024_0069-624x556.jpg 624w\" sizes=\"auto, (max-width: 2560px) 100vw, 2560px\" \/><\/p>\n<p>&nbsp;<\/p>\n<h1><strong><span style=\"color: #33cccc;\">Miniaturschule (Sporthalle)<br \/>\n<\/span><\/strong><\/h1>\n<p><strong>Projektidee:<\/strong> Fertigung eines ma\u00dfstabsgetreuen Miniaturmodells der Sporthalle unserer Schule<\/p>\n<p><strong>Umsetzung<\/strong>: 3D-Druck<\/p>\n<p>F\u00fcr eine detaillierte Dokumentation <a href=\"http:\/\/www.maria-koenigin.de\/wordpress\/wp-content\/uploads\/2024\/08\/Turnhalle.pdf\" target=\"_blank\" rel=\"noopener\">hier<\/a> klicken!<\/p>\n<p><img loading=\"lazy\" decoding=\"async\" class=\"wp-image-14560 size-full\" src=\"http:\/\/www.maria-koenigin.de\/wordpress\/wp-content\/uploads\/2024\/08\/JIA_Abschluss2024_0077-scaled.jpg\" alt=\"\" width=\"2560\" height=\"1706\" srcset=\"https:\/\/www.maria-koenigin.de\/wordpress\/wp-content\/uploads\/2024\/08\/JIA_Abschluss2024_0077-scaled.jpg 2560w, https:\/\/www.maria-koenigin.de\/wordpress\/wp-content\/uploads\/2024\/08\/JIA_Abschluss2024_0077-300x200.jpg 300w, https:\/\/www.maria-koenigin.de\/wordpress\/wp-content\/uploads\/2024\/08\/JIA_Abschluss2024_0077-1024x683.jpg 1024w, https:\/\/www.maria-koenigin.de\/wordpress\/wp-content\/uploads\/2024\/08\/JIA_Abschluss2024_0077-768x512.jpg 768w, https:\/\/www.maria-koenigin.de\/wordpress\/wp-content\/uploads\/2024\/08\/JIA_Abschluss2024_0077-1536x1024.jpg 1536w, https:\/\/www.maria-koenigin.de\/wordpress\/wp-content\/uploads\/2024\/08\/JIA_Abschluss2024_0077-2048x1365.jpg 2048w, https:\/\/www.maria-koenigin.de\/wordpress\/wp-content\/uploads\/2024\/08\/JIA_Abschluss2024_0077-624x416.jpg 624w\" sizes=\"auto, (max-width: 2560px) 100vw, 2560px\" \/><\/p>\n<p>&nbsp;<\/p>\n<h1><strong><span style=\"color: #33cccc;\">M\u00fcllsammelroboter<br \/>\n<\/span><\/strong><\/h1>\n<p><strong>Projektidee:<\/strong> Automatisierte Reinigung von Unterrichtsr\u00e4umen mithilfe eines Roboters<\/p>\n<p><strong>Umsetzung<\/strong>: LEGO Mindstroms<\/p>\n<p><img loading=\"lazy\" decoding=\"async\" class=\"wp-image-14573 size-full\" src=\"http:\/\/www.maria-koenigin.de\/wordpress\/wp-content\/uploads\/2024\/08\/JIA_Abschluss2024_0064-scaled.jpg\" alt=\"\" width=\"2560\" height=\"1706\" srcset=\"https:\/\/www.maria-koenigin.de\/wordpress\/wp-content\/uploads\/2024\/08\/JIA_Abschluss2024_0064-scaled.jpg 2560w, https:\/\/www.maria-koenigin.de\/wordpress\/wp-content\/uploads\/2024\/08\/JIA_Abschluss2024_0064-300x200.jpg 300w, https:\/\/www.maria-koenigin.de\/wordpress\/wp-content\/uploads\/2024\/08\/JIA_Abschluss2024_0064-1024x683.jpg 1024w, https:\/\/www.maria-koenigin.de\/wordpress\/wp-content\/uploads\/2024\/08\/JIA_Abschluss2024_0064-768x512.jpg 768w, https:\/\/www.maria-koenigin.de\/wordpress\/wp-content\/uploads\/2024\/08\/JIA_Abschluss2024_0064-1536x1024.jpg 1536w, https:\/\/www.maria-koenigin.de\/wordpress\/wp-content\/uploads\/2024\/08\/JIA_Abschluss2024_0064-2048x1365.jpg 2048w, https:\/\/www.maria-koenigin.de\/wordpress\/wp-content\/uploads\/2024\/08\/JIA_Abschluss2024_0064-624x416.jpg 624w\" sizes=\"auto, (max-width: 2560px) 100vw, 2560px\" \/><\/p>\n<p>&nbsp;<\/p>\n<h1><strong><span style=\"color: #33cccc;\">Sanit\u00e4terknopf<br \/>\n<\/span><\/strong><\/h1>\n<p><strong>Projektidee:<\/strong> Fertigung eines Modells zur raumspezifischen Alarmierung des Schulsanit\u00e4tsdienstes<\/p>\n<p><strong>Umsetzung<\/strong>: 3D-Druck, LEGO Mindstorms (Aktoren)<\/p>\n<p>F\u00fcr eine detaillierte Dokumentation <a href=\"http:\/\/www.maria-koenigin.de\/wordpress\/wp-content\/uploads\/2024\/08\/Saniknopf.pdf\" target=\"_blank\" rel=\"noopener\">hier<\/a> klicken!<\/p>\n<p><img loading=\"lazy\" decoding=\"async\" class=\"wp-image-14579 size-full\" src=\"http:\/\/www.maria-koenigin.de\/wordpress\/wp-content\/uploads\/2024\/08\/JIA_Abschluss2024_0025-1-scaled.jpg\" alt=\"\" width=\"2560\" height=\"1706\" srcset=\"https:\/\/www.maria-koenigin.de\/wordpress\/wp-content\/uploads\/2024\/08\/JIA_Abschluss2024_0025-1-scaled.jpg 2560w, https:\/\/www.maria-koenigin.de\/wordpress\/wp-content\/uploads\/2024\/08\/JIA_Abschluss2024_0025-1-300x200.jpg 300w, https:\/\/www.maria-koenigin.de\/wordpress\/wp-content\/uploads\/2024\/08\/JIA_Abschluss2024_0025-1-1024x683.jpg 1024w, https:\/\/www.maria-koenigin.de\/wordpress\/wp-content\/uploads\/2024\/08\/JIA_Abschluss2024_0025-1-768x512.jpg 768w, https:\/\/www.maria-koenigin.de\/wordpress\/wp-content\/uploads\/2024\/08\/JIA_Abschluss2024_0025-1-1536x1024.jpg 1536w, https:\/\/www.maria-koenigin.de\/wordpress\/wp-content\/uploads\/2024\/08\/JIA_Abschluss2024_0025-1-2048x1365.jpg 2048w, https:\/\/www.maria-koenigin.de\/wordpress\/wp-content\/uploads\/2024\/08\/JIA_Abschluss2024_0025-1-624x416.jpg 624w\" sizes=\"auto, (max-width: 2560px) 100vw, 2560px\" \/><\/p>\n<h1><strong><span style=\"color: #33cccc;\">T\u00fcrotron<br \/>\n<\/span><\/strong><\/h1>\n<p><strong>Projektidee:<\/strong> Ansteuerung einer automatischen T\u00fcr\u00f6ffnung\/schlie\u00dfung bei Ann\u00e4herung<\/p>\n<p><strong>Umsetzung<\/strong>: 3D-Druck, LEGO Mindstorms (Aktoren, Sensoren), Holzbearbeitung<\/p>\n<p>F\u00fcr eine detaillierte Dokumentation <a href=\"http:\/\/www.maria-koenigin.de\/wordpress\/wp-content\/uploads\/2024\/08\/Tuerotron.pdf\" target=\"_blank\" rel=\"noopener\">hier<\/a> klicken!<\/p>\n<p><img loading=\"lazy\" decoding=\"async\" class=\"wp-image-14576 size-full\" src=\"http:\/\/www.maria-koenigin.de\/wordpress\/wp-content\/uploads\/2024\/08\/JIA_Abschluss2024_0026-scaled.jpg\" alt=\"\" width=\"1706\" height=\"2560\" srcset=\"https:\/\/www.maria-koenigin.de\/wordpress\/wp-content\/uploads\/2024\/08\/JIA_Abschluss2024_0026-scaled.jpg 1706w, https:\/\/www.maria-koenigin.de\/wordpress\/wp-content\/uploads\/2024\/08\/JIA_Abschluss2024_0026-200x300.jpg 200w, https:\/\/www.maria-koenigin.de\/wordpress\/wp-content\/uploads\/2024\/08\/JIA_Abschluss2024_0026-683x1024.jpg 683w, https:\/\/www.maria-koenigin.de\/wordpress\/wp-content\/uploads\/2024\/08\/JIA_Abschluss2024_0026-768x1152.jpg 768w, https:\/\/www.maria-koenigin.de\/wordpress\/wp-content\/uploads\/2024\/08\/JIA_Abschluss2024_0026-1024x1536.jpg 1024w, https:\/\/www.maria-koenigin.de\/wordpress\/wp-content\/uploads\/2024\/08\/JIA_Abschluss2024_0026-1365x2048.jpg 1365w, https:\/\/www.maria-koenigin.de\/wordpress\/wp-content\/uploads\/2024\/08\/JIA_Abschluss2024_0026-624x936.jpg 624w\" sizes=\"auto, (max-width: 1706px) 100vw, 1706px\" \/><\/p>\n<p><a href=\"https:\/\/www.maria-koenigin.de\/?page_id=12746\">zur\u00fcck zur Projekt\u00fcbersicht<\/a><\/p>\n","protected":false},"excerpt":{"rendered":"<p>Der Abschlussjahrgang 2024 ist ein ganz besonderer, da zum ersten Mal zwei Akademien parallel unterrichtet wurden und gemeinsam in Kleingruppen ihr Abschlussprojekt geplant und durchgef\u00fchrt haben. So entstanden vielseitige Projekte aus dem Bereich Technik: Aluscheunenhelfer: Projektidee: Unterst\u00fctzung f\u00fcr die Aluscheune, indem ein Laufband das Alu in die Pressmaschine transportiert. Umsetzung: 3D-Druck, Lego-Mindstorms Sensoren und Aktoren [&hellip;]<\/p>\n","protected":false},"author":14,"featured_media":0,"parent":0,"menu_order":0,"comment_status":"closed","ping_status":"closed","template":"","meta":{"ngg_post_thumbnail":0,"_mc_calendar":[],"footnotes":""},"class_list":["post-14534","page","type-page","status-publish","hentry"],"_links":{"self":[{"href":"https:\/\/www.maria-koenigin.de\/index.php?rest_route=\/wp\/v2\/pages\/14534","targetHints":{"allow":["GET"]}}],"collection":[{"href":"https:\/\/www.maria-koenigin.de\/index.php?rest_route=\/wp\/v2\/pages"}],"about":[{"href":"https:\/\/www.maria-koenigin.de\/index.php?rest_route=\/wp\/v2\/types\/page"}],"author":[{"embeddable":true,"href":"https:\/\/www.maria-koenigin.de\/index.php?rest_route=\/wp\/v2\/users\/14"}],"replies":[{"embeddable":true,"href":"https:\/\/www.maria-koenigin.de\/index.php?rest_route=%2Fwp%2Fv2%2Fcomments&post=14534"}],"version-history":[{"count":29,"href":"https:\/\/www.maria-koenigin.de\/index.php?rest_route=\/wp\/v2\/pages\/14534\/revisions"}],"predecessor-version":[{"id":15894,"href":"https:\/\/www.maria-koenigin.de\/index.php?rest_route=\/wp\/v2\/pages\/14534\/revisions\/15894"}],"wp:attachment":[{"href":"https:\/\/www.maria-koenigin.de\/index.php?rest_route=%2Fwp%2Fv2%2Fmedia&parent=14534"}],"curies":[{"name":"wp","href":"https:\/\/api.w.org\/{rel}","templated":true}]}}