{"id":150,"date":"2014-07-29T20:08:35","date_gmt":"2014-07-29T18:08:35","guid":{"rendered":"http:\/\/mkwordpress.bertels-online.com\/?page_id=150"},"modified":"2025-10-15T12:50:28","modified_gmt":"2025-10-15T10:50:28","slug":"spanisch","status":"publish","type":"page","link":"https:\/\/www.maria-koenigin.de\/?page_id=150","title":{"rendered":"Spanisch"},"content":{"rendered":"<table border=\"0\">\n<tbody>\n<tr>\n<td><img loading=\"lazy\" decoding=\"async\" class=\"alignnone wp-image-16690 size-full\" src=\"http:\/\/www.maria-koenigin.de\/wordpress\/wp-content\/uploads\/2025\/08\/R7TH0045-Spanisch.jpg\" alt=\"\" width=\"1920\" height=\"1680\" srcset=\"https:\/\/www.maria-koenigin.de\/wordpress\/wp-content\/uploads\/2025\/08\/R7TH0045-Spanisch.jpg 1920w, https:\/\/www.maria-koenigin.de\/wordpress\/wp-content\/uploads\/2025\/08\/R7TH0045-Spanisch-300x263.jpg 300w, https:\/\/www.maria-koenigin.de\/wordpress\/wp-content\/uploads\/2025\/08\/R7TH0045-Spanisch-1024x896.jpg 1024w, https:\/\/www.maria-koenigin.de\/wordpress\/wp-content\/uploads\/2025\/08\/R7TH0045-Spanisch-768x672.jpg 768w, https:\/\/www.maria-koenigin.de\/wordpress\/wp-content\/uploads\/2025\/08\/R7TH0045-Spanisch-1536x1344.jpg 1536w, https:\/\/www.maria-koenigin.de\/wordpress\/wp-content\/uploads\/2025\/08\/R7TH0045-Spanisch-624x546.jpg 624w\" sizes=\"auto, (max-width: 1920px) 100vw, 1920px\" \/><\/td>\n<\/tr>\n<tr>\n<td><strong>Mitglieder der Fachschaft<\/strong><\/td>\n<\/tr>\n<tr>\n<td>Lisa Braune, Katharina Komperna\u00df, Nathaly N\u00fcckel, Verena Pinner, Dr. Alexander Sieler (Referendar)<\/td>\n<\/tr>\n<\/tbody>\n<\/table>\n<p><strong>Downloads<\/strong><\/p>\n<p><a title=\"KLP Jahrgangsstufe 8\" href=\"http:\/\/www.maria-koenigin.de\/wordpress\/wp-content\/inhalte\/lehrplaene\/spanisch\/spanisch_jgs_8.pdf\" target=\"_blank\" rel=\"noopener noreferrer\">KLP Jahrgangsstufe 8<\/a><\/p>\n<p><a title=\"KLP Jahrgangsstufe 9\" href=\"http:\/\/www.maria-koenigin.de\/wordpress\/wp-content\/inhalte\/lehrplaene\/spanisch\/spanisch_jgs_9.pdf\" target=\"_blank\" rel=\"noopener noreferrer\">KLP Jahrgangsstufe 9<\/a><\/p>\n<p><a title=\"KLP Einf\u00fchrungsphase SekII\" href=\"http:\/\/www.maria-koenigin.de\/wordpress\/wp-content\/inhalte\/lehrplaene\/spanisch\/klp_spanisch_ef.pdf\" target=\"_blank\" rel=\"noopener noreferrer\">Kernlehrplan Einf\u00fchrungsphase fortgef\u00fchrt<\/a><\/p>\n<p><a title=\"KLP Q-Phase fortgef\u00fchrt\" href=\"http:\/\/www.maria-koenigin.de\/wordpress\/wp-content\/inhalte\/lehrplaene\/spanisch\/spanisch_q_fortgef\u00fchrt.pdf\" target=\"_blank\" rel=\"noopener noreferrer\">KLP Q-Phase fortgef\u00fchrt<\/a><\/p>\n<p><a title=\"KLP Einf\u00fchrungsphase neu einsetzend\" href=\"http:\/\/www.maria-koenigin.de\/wordpress\/wp-content\/inhalte\/lehrplaene\/spanisch\/klp_spanisch_ef_neueinsetzend.pdf\" target=\"_blank\" rel=\"noopener noreferrer\">Kernlehrplan Einf\u00fchrungsphase neu einsetzend<\/a><\/p>\n<p><a title=\"KLP Q-Phase neu einsetzend\" href=\"http:\/\/www.maria-koenigin.de\/wordpress\/wp-content\/inhalte\/lehrplaene\/spanisch\/spanisch_q_neu.pdf\" target=\"_blank\" rel=\"noopener noreferrer\">KLP Q-Phase neu einsetzend<\/a><\/p>\n","protected":false},"excerpt":{"rendered":"<p>Mitglieder der Fachschaft Lisa Braune, Katharina Komperna\u00df, Nathaly N\u00fcckel, Verena Pinner, Dr. Alexander Sieler (Referendar) Downloads KLP Jahrgangsstufe 8 KLP Jahrgangsstufe 9 Kernlehrplan Einf\u00fchrungsphase fortgef\u00fchrt KLP Q-Phase fortgef\u00fchrt Kernlehrplan Einf\u00fchrungsphase neu einsetzend KLP Q-Phase neu einsetzend<\/p>\n","protected":false},"author":1,"featured_media":0,"parent":146,"menu_order":0,"comment_status":"closed","ping_status":"closed","template":"","meta":{"ngg_post_thumbnail":0,"_mc_calendar":[],"footnotes":""},"class_list":["post-150","page","type-page","status-publish","hentry"],"_links":{"self":[{"href":"https:\/\/www.maria-koenigin.de\/index.php?rest_route=\/wp\/v2\/pages\/150","targetHints":{"allow":["GET"]}}],"collection":[{"href":"https:\/\/www.maria-koenigin.de\/index.php?rest_route=\/wp\/v2\/pages"}],"about":[{"href":"https:\/\/www.maria-koenigin.de\/index.php?rest_route=\/wp\/v2\/types\/page"}],"author":[{"embeddable":true,"href":"https:\/\/www.maria-koenigin.de\/index.php?rest_route=\/wp\/v2\/users\/1"}],"replies":[{"embeddable":true,"href":"https:\/\/www.maria-koenigin.de\/index.php?rest_route=%2Fwp%2Fv2%2Fcomments&post=150"}],"version-history":[{"count":35,"href":"https:\/\/www.maria-koenigin.de\/index.php?rest_route=\/wp\/v2\/pages\/150\/revisions"}],"predecessor-version":[{"id":17064,"href":"https:\/\/www.maria-koenigin.de\/index.php?rest_route=\/wp\/v2\/pages\/150\/revisions\/17064"}],"up":[{"embeddable":true,"href":"https:\/\/www.maria-koenigin.de\/index.php?rest_route=\/wp\/v2\/pages\/146"}],"wp:attachment":[{"href":"https:\/\/www.maria-koenigin.de\/index.php?rest_route=%2Fwp%2Fv2%2Fmedia&parent=150"}],"curies":[{"name":"wp","href":"https:\/\/api.w.org\/{rel}","templated":true}]}}