{"id":15597,"date":"2025-03-24T20:11:32","date_gmt":"2025-03-24T19:11:32","guid":{"rendered":"https:\/\/www.maria-koenigin.de\/?page_id=15597"},"modified":"2025-04-23T15:52:01","modified_gmt":"2025-04-23T13:52:01","slug":"labortage-fh-suedwestfalen","status":"publish","type":"page","link":"https:\/\/www.maria-koenigin.de\/?page_id=15597","title":{"rendered":"Labortage FH S\u00fcdwestfalen"},"content":{"rendered":"<p style=\"text-align: justify;\" data-start=\"87\" data-end=\"368\">Im Rahmen der Labortage besuchen wir mit der Junior-Ingenieur-Akademie die Fachhochschule S\u00fcdwestfalen in Meschede. W\u00e4hrend dieses Besuchs erhalten unsere Sch\u00fcler*innen einen umfassenden Einblick in die Studienm\u00f6glichkeiten der Fachbereiche Elektrotechnik und Metall-verarbeitung.<\/p>\n<p style=\"text-align: justify;\" data-start=\"370\" data-end=\"609\">Neben theoretischen Informationen steht vor allem die praktische Arbeit im Vordergrund. In verschiedenen Workshops zu den Themen L\u00f6ten, Brennstoffzellen und Metallverarbeitung (\u201eHeavy Metal\u201c) k\u00f6nnen die Sch\u00fcler*innen selbst aktiv werden:<\/p>\n<p data-start=\"370\" data-end=\"609\"><img loading=\"lazy\" decoding=\"async\" class=\"alignnone wp-image-15606 size-full\" src=\"http:\/\/www.maria-koenigin.de\/wordpress\/wp-content\/uploads\/2025\/03\/20240612_132038-scaled.jpg\" alt=\"\" width=\"2560\" height=\"1153\" srcset=\"https:\/\/www.maria-koenigin.de\/wordpress\/wp-content\/uploads\/2025\/03\/20240612_132038-scaled.jpg 2560w, https:\/\/www.maria-koenigin.de\/wordpress\/wp-content\/uploads\/2025\/03\/20240612_132038-300x135.jpg 300w, https:\/\/www.maria-koenigin.de\/wordpress\/wp-content\/uploads\/2025\/03\/20240612_132038-1024x461.jpg 1024w, https:\/\/www.maria-koenigin.de\/wordpress\/wp-content\/uploads\/2025\/03\/20240612_132038-768x346.jpg 768w, https:\/\/www.maria-koenigin.de\/wordpress\/wp-content\/uploads\/2025\/03\/20240612_132038-1536x692.jpg 1536w, https:\/\/www.maria-koenigin.de\/wordpress\/wp-content\/uploads\/2025\/03\/20240612_132038-2048x922.jpg 2048w, https:\/\/www.maria-koenigin.de\/wordpress\/wp-content\/uploads\/2025\/03\/20240612_132038-624x281.jpg 624w\" sizes=\"auto, (max-width: 2560px) 100vw, 2560px\" \/><\/p>\n<ul data-start=\"611\" data-end=\"1337\">\n<li data-start=\"611\" data-end=\"748\"><strong data-start=\"613\" data-end=\"630\">L\u00f6t-Workshop:<\/strong> Hier erhalten die Teilnehmenden vertiefte Einblicke in das Hei\u00dfl\u00f6ten und fertigen ein kleines technisches Ger\u00e4t an.<\/li>\n<\/ul>\n<p><img loading=\"lazy\" decoding=\"async\" class=\"alignnone wp-image-15604 size-full\" src=\"http:\/\/www.maria-koenigin.de\/wordpress\/wp-content\/uploads\/2025\/03\/20240612_123653-scaled.jpg\" alt=\"\" width=\"2560\" height=\"1153\" srcset=\"https:\/\/www.maria-koenigin.de\/wordpress\/wp-content\/uploads\/2025\/03\/20240612_123653-scaled.jpg 2560w, https:\/\/www.maria-koenigin.de\/wordpress\/wp-content\/uploads\/2025\/03\/20240612_123653-300x135.jpg 300w, https:\/\/www.maria-koenigin.de\/wordpress\/wp-content\/uploads\/2025\/03\/20240612_123653-1024x461.jpg 1024w, https:\/\/www.maria-koenigin.de\/wordpress\/wp-content\/uploads\/2025\/03\/20240612_123653-768x346.jpg 768w, https:\/\/www.maria-koenigin.de\/wordpress\/wp-content\/uploads\/2025\/03\/20240612_123653-1536x692.jpg 1536w, https:\/\/www.maria-koenigin.de\/wordpress\/wp-content\/uploads\/2025\/03\/20240612_123653-2048x922.jpg 2048w, https:\/\/www.maria-koenigin.de\/wordpress\/wp-content\/uploads\/2025\/03\/20240612_123653-624x281.jpg 624w\" sizes=\"auto, (max-width: 2560px) 100vw, 2560px\" \/><\/p>\n<p><img loading=\"lazy\" decoding=\"async\" class=\"alignnone wp-image-15603 size-full\" src=\"http:\/\/www.maria-koenigin.de\/wordpress\/wp-content\/uploads\/2025\/03\/20240612_123613-scaled.jpg\" alt=\"\" width=\"2560\" height=\"1153\" srcset=\"https:\/\/www.maria-koenigin.de\/wordpress\/wp-content\/uploads\/2025\/03\/20240612_123613-scaled.jpg 2560w, https:\/\/www.maria-koenigin.de\/wordpress\/wp-content\/uploads\/2025\/03\/20240612_123613-300x135.jpg 300w, https:\/\/www.maria-koenigin.de\/wordpress\/wp-content\/uploads\/2025\/03\/20240612_123613-1024x461.jpg 1024w, https:\/\/www.maria-koenigin.de\/wordpress\/wp-content\/uploads\/2025\/03\/20240612_123613-768x346.jpg 768w, https:\/\/www.maria-koenigin.de\/wordpress\/wp-content\/uploads\/2025\/03\/20240612_123613-1536x692.jpg 1536w, https:\/\/www.maria-koenigin.de\/wordpress\/wp-content\/uploads\/2025\/03\/20240612_123613-2048x922.jpg 2048w, https:\/\/www.maria-koenigin.de\/wordpress\/wp-content\/uploads\/2025\/03\/20240612_123613-624x281.jpg 624w\" sizes=\"auto, (max-width: 2560px) 100vw, 2560px\" \/><\/p>\n<ul data-start=\"611\" data-end=\"1337\">\n<li style=\"text-align: justify;\" data-start=\"749\" data-end=\"1059\"><strong data-start=\"751\" data-end=\"781\">Brennstoffzellen-Workshop:<\/strong> Die Sch\u00fcler*innen setzen sich mit Wasserstofftechnologien auseinander \u2013 von der chemischen Zusammensetzung \u00fcber die Herkunft bis hin zur Weiterverarbeitung. Anschlie\u00dfend bauen sie mithilfe des Fischertechnik-Systems ein Brennstoffzellenauto und nehmen es im Labor in Betrieb.<\/li>\n<\/ul>\n<p><strong data-start=\"1062\" data-end=\"1087\"><img loading=\"lazy\" decoding=\"async\" class=\"alignnone wp-image-15600 size-full\" src=\"http:\/\/www.maria-koenigin.de\/wordpress\/wp-content\/uploads\/2025\/03\/20240612_140722-scaled.jpg\" alt=\"\" width=\"2560\" height=\"1153\" srcset=\"https:\/\/www.maria-koenigin.de\/wordpress\/wp-content\/uploads\/2025\/03\/20240612_140722-scaled.jpg 2560w, https:\/\/www.maria-koenigin.de\/wordpress\/wp-content\/uploads\/2025\/03\/20240612_140722-300x135.jpg 300w, https:\/\/www.maria-koenigin.de\/wordpress\/wp-content\/uploads\/2025\/03\/20240612_140722-1024x461.jpg 1024w, https:\/\/www.maria-koenigin.de\/wordpress\/wp-content\/uploads\/2025\/03\/20240612_140722-768x346.jpg 768w, https:\/\/www.maria-koenigin.de\/wordpress\/wp-content\/uploads\/2025\/03\/20240612_140722-1536x692.jpg 1536w, https:\/\/www.maria-koenigin.de\/wordpress\/wp-content\/uploads\/2025\/03\/20240612_140722-2048x922.jpg 2048w, https:\/\/www.maria-koenigin.de\/wordpress\/wp-content\/uploads\/2025\/03\/20240612_140722-624x281.jpg 624w\" sizes=\"auto, (max-width: 2560px) 100vw, 2560px\" \/><\/strong><\/p>\n<p><img loading=\"lazy\" decoding=\"async\" class=\"alignnone wp-image-15601 size-full\" src=\"http:\/\/www.maria-koenigin.de\/wordpress\/wp-content\/uploads\/2025\/03\/20240612_140750-scaled.jpg\" alt=\"\" width=\"2560\" height=\"1153\" srcset=\"https:\/\/www.maria-koenigin.de\/wordpress\/wp-content\/uploads\/2025\/03\/20240612_140750-scaled.jpg 2560w, https:\/\/www.maria-koenigin.de\/wordpress\/wp-content\/uploads\/2025\/03\/20240612_140750-300x135.jpg 300w, https:\/\/www.maria-koenigin.de\/wordpress\/wp-content\/uploads\/2025\/03\/20240612_140750-1024x461.jpg 1024w, https:\/\/www.maria-koenigin.de\/wordpress\/wp-content\/uploads\/2025\/03\/20240612_140750-768x346.jpg 768w, https:\/\/www.maria-koenigin.de\/wordpress\/wp-content\/uploads\/2025\/03\/20240612_140750-1536x692.jpg 1536w, https:\/\/www.maria-koenigin.de\/wordpress\/wp-content\/uploads\/2025\/03\/20240612_140750-2048x922.jpg 2048w, https:\/\/www.maria-koenigin.de\/wordpress\/wp-content\/uploads\/2025\/03\/20240612_140750-624x281.jpg 624w\" sizes=\"auto, (max-width: 2560px) 100vw, 2560px\" \/><\/p>\n<ul data-start=\"611\" data-end=\"1337\">\n<li style=\"text-align: justify;\" data-start=\"1060\" data-end=\"1337\"><strong data-start=\"1062\" data-end=\"1087\">Heavy-Metal-Workshop:<\/strong> In diesem Workshop zur Metallverarbeitung stellen die Sch\u00fcler*innen aus einem einzelnen Metallst\u00fcck ein kreatives Objekt, beispielsweise eine Rose, her. Dabei erlernen sie grundlegende handwerkliche Techniken wie Biegen oder Umformen. Ein Highlight ist sicherlich das abschlie\u00dfende Schwei\u00dfen.<\/li>\n<\/ul>\n<p><img loading=\"lazy\" decoding=\"async\" class=\"alignnone wp-image-15605 size-full\" src=\"http:\/\/www.maria-koenigin.de\/wordpress\/wp-content\/uploads\/2025\/03\/20240612_131554-scaled.jpg\" alt=\"\" width=\"2560\" height=\"1153\" srcset=\"https:\/\/www.maria-koenigin.de\/wordpress\/wp-content\/uploads\/2025\/03\/20240612_131554-scaled.jpg 2560w, https:\/\/www.maria-koenigin.de\/wordpress\/wp-content\/uploads\/2025\/03\/20240612_131554-300x135.jpg 300w, https:\/\/www.maria-koenigin.de\/wordpress\/wp-content\/uploads\/2025\/03\/20240612_131554-1024x461.jpg 1024w, https:\/\/www.maria-koenigin.de\/wordpress\/wp-content\/uploads\/2025\/03\/20240612_131554-768x346.jpg 768w, https:\/\/www.maria-koenigin.de\/wordpress\/wp-content\/uploads\/2025\/03\/20240612_131554-1536x692.jpg 1536w, https:\/\/www.maria-koenigin.de\/wordpress\/wp-content\/uploads\/2025\/03\/20240612_131554-2048x922.jpg 2048w, https:\/\/www.maria-koenigin.de\/wordpress\/wp-content\/uploads\/2025\/03\/20240612_131554-624x281.jpg 624w\" sizes=\"auto, (max-width: 2560px) 100vw, 2560px\" \/><\/p>\n<p><img loading=\"lazy\" decoding=\"async\" class=\"alignnone wp-image-15599 size-full\" src=\"http:\/\/www.maria-koenigin.de\/wordpress\/wp-content\/uploads\/2025\/03\/20240612_134741-scaled.jpg\" alt=\"\" width=\"2560\" height=\"1153\" srcset=\"https:\/\/www.maria-koenigin.de\/wordpress\/wp-content\/uploads\/2025\/03\/20240612_134741-scaled.jpg 2560w, https:\/\/www.maria-koenigin.de\/wordpress\/wp-content\/uploads\/2025\/03\/20240612_134741-300x135.jpg 300w, https:\/\/www.maria-koenigin.de\/wordpress\/wp-content\/uploads\/2025\/03\/20240612_134741-1024x461.jpg 1024w, https:\/\/www.maria-koenigin.de\/wordpress\/wp-content\/uploads\/2025\/03\/20240612_134741-768x346.jpg 768w, https:\/\/www.maria-koenigin.de\/wordpress\/wp-content\/uploads\/2025\/03\/20240612_134741-1536x692.jpg 1536w, https:\/\/www.maria-koenigin.de\/wordpress\/wp-content\/uploads\/2025\/03\/20240612_134741-2048x922.jpg 2048w, https:\/\/www.maria-koenigin.de\/wordpress\/wp-content\/uploads\/2025\/03\/20240612_134741-624x281.jpg 624w\" sizes=\"auto, (max-width: 2560px) 100vw, 2560px\" \/><\/p>\n<p><img loading=\"lazy\" decoding=\"async\" class=\"alignnone wp-image-15602 size-full\" src=\"http:\/\/www.maria-koenigin.de\/wordpress\/wp-content\/uploads\/2025\/03\/20240612_091712-scaled.jpg\" alt=\"\" width=\"1920\" height=\"2560\" srcset=\"https:\/\/www.maria-koenigin.de\/wordpress\/wp-content\/uploads\/2025\/03\/20240612_091712-scaled.jpg 1920w, https:\/\/www.maria-koenigin.de\/wordpress\/wp-content\/uploads\/2025\/03\/20240612_091712-225x300.jpg 225w, https:\/\/www.maria-koenigin.de\/wordpress\/wp-content\/uploads\/2025\/03\/20240612_091712-768x1024.jpg 768w, https:\/\/www.maria-koenigin.de\/wordpress\/wp-content\/uploads\/2025\/03\/20240612_091712-1152x1536.jpg 1152w, https:\/\/www.maria-koenigin.de\/wordpress\/wp-content\/uploads\/2025\/03\/20240612_091712-1536x2048.jpg 1536w, https:\/\/www.maria-koenigin.de\/wordpress\/wp-content\/uploads\/2025\/03\/20240612_091712-624x832.jpg 624w\" sizes=\"auto, (max-width: 1920px) 100vw, 1920px\" \/><\/p>\n<p><a href=\"http:\/\/www.maria-koenigin.de\/?page_id=12736\">zur\u00fcck<\/a> zur \u00dcbersicht der Angebote<\/p>\n","protected":false},"excerpt":{"rendered":"<p>Im Rahmen der Labortage besuchen wir mit der Junior-Ingenieur-Akademie die Fachhochschule S\u00fcdwestfalen in Meschede. W\u00e4hrend dieses Besuchs erhalten unsere Sch\u00fcler*innen einen umfassenden Einblick in die Studienm\u00f6glichkeiten der Fachbereiche Elektrotechnik und Metall-verarbeitung. Neben theoretischen Informationen steht vor allem die praktische Arbeit im Vordergrund. In verschiedenen Workshops zu den Themen L\u00f6ten, Brennstoffzellen und Metallverarbeitung (\u201eHeavy Metal\u201c) k\u00f6nnen [&hellip;]<\/p>\n","protected":false},"author":14,"featured_media":0,"parent":0,"menu_order":0,"comment_status":"closed","ping_status":"closed","template":"","meta":{"ngg_post_thumbnail":0,"_mc_calendar":[],"footnotes":""},"class_list":["post-15597","page","type-page","status-publish","hentry"],"_links":{"self":[{"href":"https:\/\/www.maria-koenigin.de\/index.php?rest_route=\/wp\/v2\/pages\/15597","targetHints":{"allow":["GET"]}}],"collection":[{"href":"https:\/\/www.maria-koenigin.de\/index.php?rest_route=\/wp\/v2\/pages"}],"about":[{"href":"https:\/\/www.maria-koenigin.de\/index.php?rest_route=\/wp\/v2\/types\/page"}],"author":[{"embeddable":true,"href":"https:\/\/www.maria-koenigin.de\/index.php?rest_route=\/wp\/v2\/users\/14"}],"replies":[{"embeddable":true,"href":"https:\/\/www.maria-koenigin.de\/index.php?rest_route=%2Fwp%2Fv2%2Fcomments&post=15597"}],"version-history":[{"count":6,"href":"https:\/\/www.maria-koenigin.de\/index.php?rest_route=\/wp\/v2\/pages\/15597\/revisions"}],"predecessor-version":[{"id":16163,"href":"https:\/\/www.maria-koenigin.de\/index.php?rest_route=\/wp\/v2\/pages\/15597\/revisions\/16163"}],"wp:attachment":[{"href":"https:\/\/www.maria-koenigin.de\/index.php?rest_route=%2Fwp%2Fv2%2Fmedia&parent=15597"}],"curies":[{"name":"wp","href":"https:\/\/api.w.org\/{rel}","templated":true}]}}