{"id":15616,"date":"2025-03-24T20:34:05","date_gmt":"2025-03-24T19:34:05","guid":{"rendered":"https:\/\/www.maria-koenigin.de\/?page_id=15616"},"modified":"2025-04-23T15:46:10","modified_gmt":"2025-04-23T13:46:10","slug":"cyber-mentor","status":"publish","type":"page","link":"https:\/\/www.maria-koenigin.de\/?page_id=15616","title":{"rendered":"Cyber Mentor"},"content":{"rendered":"<p data-start=\"44\" data-end=\"464\"><a href=\"http:\/\/www.maria-koenigin.de\/wordpress\/wp-content\/uploads\/2025\/03\/2019-07-18-logo-cmplus733x414.jpg\"><img loading=\"lazy\" decoding=\"async\" class=\"alignnone size-medium wp-image-15619\" src=\"http:\/\/www.maria-koenigin.de\/wordpress\/wp-content\/uploads\/2025\/03\/2019-07-18-logo-cmplus733x414-300x169.jpg\" alt=\"\" width=\"300\" height=\"169\" srcset=\"https:\/\/www.maria-koenigin.de\/wordpress\/wp-content\/uploads\/2025\/03\/2019-07-18-logo-cmplus733x414-300x169.jpg 300w, https:\/\/www.maria-koenigin.de\/wordpress\/wp-content\/uploads\/2025\/03\/2019-07-18-logo-cmplus733x414-624x352.jpg 624w, https:\/\/www.maria-koenigin.de\/wordpress\/wp-content\/uploads\/2025\/03\/2019-07-18-logo-cmplus733x414.jpg 733w\" sizes=\"auto, (max-width: 300px) 100vw, 300px\" \/><\/a><\/p>\n<p style=\"text-align: justify;\" data-start=\"44\" data-end=\"464\"><strong data-start=\"44\" data-end=\"67\">M\u00e4dels, aufgepasst!<\/strong> CyberMentor ist Deutschlands gr\u00f6\u00dftes Online-Mentoring-Programm f\u00fcr M\u00e4dchen in den MINT-F\u00e4chern. Jedes Jahr k\u00f6nnen bis zu 800 Sch\u00fclerinnen der Klassen 5 bis 13 teilnehmen und werden ein Jahr lang von einer pers\u00f6nlichen Mentorin begleitet. Diese steht ihnen als inspirierendes Vorbild zur Seite, gibt Impulse f\u00fcr spannende MINT-Aktivit\u00e4ten und unterst\u00fctzt bei der Studien- und Berufsorientierung.<\/p>\n<p style=\"text-align: justify;\" data-start=\"466\" data-end=\"873\">Die Mentoring-Plattform ist gesch\u00fctzt und bietet verschiedene Kommunikationsm\u00f6glichkeiten wie Mail, Chat und Forum. Zus\u00e4tzlich erhalten die Teilnehmerinnen wertvolle Informationen zu MINT-Themen, Studieng\u00e4ngen und Berufsperspektiven. Der Einstieg ins Programm ist jedes Jahr im Oktober m\u00f6glich, sodass die M\u00e4dchen direkt starten und sich in unterschiedlichen Projektphasen gegenseitig unterst\u00fctzen k\u00f6nnen.<\/p>\n<p style=\"text-align: justify;\" data-start=\"875\" data-end=\"1046\">J\u00e4hrlich engagieren sich MINT-Fachfrauen aus Wirtschaft und Wissenschaft in diesem wissenschaftlich begleiteten Programm, um gezielt den weiblichen Nachwuchs zu f\u00f6rdern.<\/p>\n<p style=\"text-align: justify;\" data-start=\"1048\" data-end=\"1226\">Falls du Interesse hast, am CyberMentor-Programm teilzunehmen, unterst\u00fctzt dich das Gymnasium Maria K\u00f6nigin sowohl bei der Bewerbung als auch bei der technischen Infrastruktur! Weiter Infos findest du unter: <a href=\"https:\/\/cybermentor.de\/\" target=\"_blank\" rel=\"noopener\">https:\/\/cybermentor.de\/<\/a><\/p>\n<p data-start=\"1048\" data-end=\"1226\"><img loading=\"lazy\" decoding=\"async\" class=\"alignnone wp-image-15618 size-full\" src=\"http:\/\/www.maria-koenigin.de\/wordpress\/wp-content\/uploads\/2025\/03\/JIA_Abschluss2024_0004.png\" alt=\"\" width=\"3631\" height=\"3129\" srcset=\"https:\/\/www.maria-koenigin.de\/wordpress\/wp-content\/uploads\/2025\/03\/JIA_Abschluss2024_0004.png 3631w, https:\/\/www.maria-koenigin.de\/wordpress\/wp-content\/uploads\/2025\/03\/JIA_Abschluss2024_0004-300x259.png 300w, https:\/\/www.maria-koenigin.de\/wordpress\/wp-content\/uploads\/2025\/03\/JIA_Abschluss2024_0004-1024x882.png 1024w, https:\/\/www.maria-koenigin.de\/wordpress\/wp-content\/uploads\/2025\/03\/JIA_Abschluss2024_0004-768x662.png 768w, https:\/\/www.maria-koenigin.de\/wordpress\/wp-content\/uploads\/2025\/03\/JIA_Abschluss2024_0004-1536x1324.png 1536w, https:\/\/www.maria-koenigin.de\/wordpress\/wp-content\/uploads\/2025\/03\/JIA_Abschluss2024_0004-2048x1765.png 2048w, https:\/\/www.maria-koenigin.de\/wordpress\/wp-content\/uploads\/2025\/03\/JIA_Abschluss2024_0004-624x538.png 624w\" sizes=\"auto, (max-width: 3631px) 100vw, 3631px\" \/><\/p>\n<p data-start=\"1228\" data-end=\"1264\" data-is-last-node=\"\" data-is-only-node=\"\"><strong data-start=\"1228\" data-end=\"1264\" data-is-last-node=\"\">Ansprechpartner: Matthias Walter<\/strong><\/p>\n<p data-start=\"1228\" data-end=\"1264\" data-is-last-node=\"\" data-is-only-node=\"\"><a href=\"http:\/\/www.maria-koenigin.de\/?page_id=12736\">zur\u00fcck<\/a> zur \u00dcbersicht der Angebote<\/p>\n","protected":false},"excerpt":{"rendered":"<p>M\u00e4dels, aufgepasst! CyberMentor ist Deutschlands gr\u00f6\u00dftes Online-Mentoring-Programm f\u00fcr M\u00e4dchen in den MINT-F\u00e4chern. Jedes Jahr k\u00f6nnen bis zu 800 Sch\u00fclerinnen der Klassen 5 bis 13 teilnehmen und werden ein Jahr lang von einer pers\u00f6nlichen Mentorin begleitet. Diese steht ihnen als inspirierendes Vorbild zur Seite, gibt Impulse f\u00fcr spannende MINT-Aktivit\u00e4ten und unterst\u00fctzt bei der Studien- und Berufsorientierung. [&hellip;]<\/p>\n","protected":false},"author":14,"featured_media":0,"parent":0,"menu_order":0,"comment_status":"closed","ping_status":"closed","template":"","meta":{"ngg_post_thumbnail":0,"_mc_calendar":[],"footnotes":""},"class_list":["post-15616","page","type-page","status-publish","hentry"],"_links":{"self":[{"href":"https:\/\/www.maria-koenigin.de\/index.php?rest_route=\/wp\/v2\/pages\/15616","targetHints":{"allow":["GET"]}}],"collection":[{"href":"https:\/\/www.maria-koenigin.de\/index.php?rest_route=\/wp\/v2\/pages"}],"about":[{"href":"https:\/\/www.maria-koenigin.de\/index.php?rest_route=\/wp\/v2\/types\/page"}],"author":[{"embeddable":true,"href":"https:\/\/www.maria-koenigin.de\/index.php?rest_route=\/wp\/v2\/users\/14"}],"replies":[{"embeddable":true,"href":"https:\/\/www.maria-koenigin.de\/index.php?rest_route=%2Fwp%2Fv2%2Fcomments&post=15616"}],"version-history":[{"count":7,"href":"https:\/\/www.maria-koenigin.de\/index.php?rest_route=\/wp\/v2\/pages\/15616\/revisions"}],"predecessor-version":[{"id":16153,"href":"https:\/\/www.maria-koenigin.de\/index.php?rest_route=\/wp\/v2\/pages\/15616\/revisions\/16153"}],"wp:attachment":[{"href":"https:\/\/www.maria-koenigin.de\/index.php?rest_route=%2Fwp%2Fv2%2Fmedia&parent=15616"}],"curies":[{"name":"wp","href":"https:\/\/api.w.org\/{rel}","templated":true}]}}