{"id":15629,"date":"2025-03-21T07:27:17","date_gmt":"2025-03-21T06:27:17","guid":{"rendered":"https:\/\/www.maria-koenigin.de\/?page_id=15629"},"modified":"2025-03-26T17:01:49","modified_gmt":"2025-03-26T16:01:49","slug":"feuer-und-flamme","status":"publish","type":"page","link":"https:\/\/www.maria-koenigin.de\/?page_id=15629","title":{"rendered":"Feuer und Flamme"},"content":{"rendered":"<p style=\"text-align: left;\" data-start=\"45\" data-end=\"219\">Am Gymnasium Maria K\u00f6nigin findet jedes Jahr zu Sommerbeginn ein Tag der Brandschutzerziehung f\u00fcr die Jahrgangsstufe 7 in Zusammenarbeit mit der Feuerwehr Lennestadt statt.<\/p>\n<p data-start=\"45\" data-end=\"219\"><img loading=\"lazy\" decoding=\"async\" class=\"alignnone wp-image-12171 size-full\" src=\"http:\/\/www.maria-koenigin.de\/wordpress\/wp-content\/uploads\/2023\/05\/20230418_122525-01.jpeg\" alt=\"\" width=\"640\" height=\"479\" srcset=\"https:\/\/www.maria-koenigin.de\/wordpress\/wp-content\/uploads\/2023\/05\/20230418_122525-01.jpeg 640w, https:\/\/www.maria-koenigin.de\/wordpress\/wp-content\/uploads\/2023\/05\/20230418_122525-01-300x225.jpeg 300w, https:\/\/www.maria-koenigin.de\/wordpress\/wp-content\/uploads\/2023\/05\/20230418_122525-01-624x467.jpeg 624w\" sizes=\"auto, (max-width: 640px) 100vw, 640px\" \/><\/p>\n<p style=\"text-align: justify;\" data-start=\"221\" data-end=\"808\">An diesem Tag k\u00f6nnen die Sch\u00fclerinnen und Sch\u00fcler ihr im Chemieunterricht erworbenes Wissen zum Thema \u201eFeuer und Flamme\u201c praktisch anwenden. Im Unterricht setzen sie sich intensiv mit der Faszination des Feuers sowie den Grundlagen der Brandbek\u00e4mpfung auseinander. Dank ihres Vorwissens \u00fcber das Verbrennungsdreieck, verschiedene Brandklassen und geeignete L\u00f6schmethoden meistern die Sch\u00fclerinnen die verschiedenen Stationen mit Bravour. Dazu geh\u00f6ren unter anderem \u201eHilfe, es brennt!\u201c, \u201eBrandbek\u00e4mpfung mit der K\u00fcbelspritze\u201c oder der Aufbau eines L\u00f6schangriffs inklusive Setzen eines Verteilers.<\/p>\n<p style=\"text-align: justify;\" data-start=\"810\" data-end=\"1176\" data-is-last-node=\"\" data-is-only-node=\"\">Ziel des Unterrichtsvorhabens und des Brandschutzerziehungstages ist es, einen sicheren Umgang mit Feuer zu vermitteln, Br\u00e4nde zu vermeiden und richtig zu reagieren, falls es doch einmal brennt. Zudem erhalten die Sch\u00fclerinnen und Sch\u00fcler spannende Einblicke in die Arbeit der Feuerwehr, wobei die praxisnahe Zusammenarbeit mit erfahrenen Feuerwehrkr\u00e4ften im Mittelpunkt steht.<\/p>\n<p data-start=\"810\" data-end=\"1176\" data-is-last-node=\"\" data-is-only-node=\"\"><img loading=\"lazy\" decoding=\"async\" class=\"alignnone wp-image-10991 size-full\" src=\"http:\/\/www.maria-koenigin.de\/wordpress\/wp-content\/uploads\/2022\/08\/Feuerwehr-1-klein.jpg\" alt=\"\" width=\"640\" height=\"480\" srcset=\"https:\/\/www.maria-koenigin.de\/wordpress\/wp-content\/uploads\/2022\/08\/Feuerwehr-1-klein.jpg 640w, https:\/\/www.maria-koenigin.de\/wordpress\/wp-content\/uploads\/2022\/08\/Feuerwehr-1-klein-300x225.jpg 300w, https:\/\/www.maria-koenigin.de\/wordpress\/wp-content\/uploads\/2022\/08\/Feuerwehr-1-klein-624x468.jpg 624w\" sizes=\"auto, (max-width: 640px) 100vw, 640px\" \/><\/p>\n<p data-start=\"810\" data-end=\"1176\" data-is-last-node=\"\" data-is-only-node=\"\"><img loading=\"lazy\" decoding=\"async\" class=\"alignnone wp-image-12168 size-full\" src=\"http:\/\/www.maria-koenigin.de\/wordpress\/wp-content\/uploads\/2023\/05\/20230418_122249-01-1.jpeg\" alt=\"\" width=\"640\" height=\"480\" srcset=\"https:\/\/www.maria-koenigin.de\/wordpress\/wp-content\/uploads\/2023\/05\/20230418_122249-01-1.jpeg 640w, https:\/\/www.maria-koenigin.de\/wordpress\/wp-content\/uploads\/2023\/05\/20230418_122249-01-1-300x225.jpeg 300w, https:\/\/www.maria-koenigin.de\/wordpress\/wp-content\/uploads\/2023\/05\/20230418_122249-01-1-624x468.jpeg 624w\" sizes=\"auto, (max-width: 640px) 100vw, 640px\" \/><\/p>\n<p data-start=\"810\" data-end=\"1176\" data-is-last-node=\"\" data-is-only-node=\"\"><img loading=\"lazy\" decoding=\"async\" class=\"alignnone wp-image-12169 size-full\" src=\"http:\/\/www.maria-koenigin.de\/wordpress\/wp-content\/uploads\/2023\/05\/20230418_113253-01.jpeg\" alt=\"\" width=\"640\" height=\"480\" srcset=\"https:\/\/www.maria-koenigin.de\/wordpress\/wp-content\/uploads\/2023\/05\/20230418_113253-01.jpeg 640w, https:\/\/www.maria-koenigin.de\/wordpress\/wp-content\/uploads\/2023\/05\/20230418_113253-01-300x225.jpeg 300w, https:\/\/www.maria-koenigin.de\/wordpress\/wp-content\/uploads\/2023\/05\/20230418_113253-01-624x468.jpeg 624w\" sizes=\"auto, (max-width: 640px) 100vw, 640px\" \/><\/p>\n<p data-start=\"810\" data-end=\"1176\" data-is-last-node=\"\" data-is-only-node=\"\"><a href=\"http:\/\/www.maria-koenigin.de\/?page_id=12736\">zur\u00fcck<\/a> zur \u00dcbersicht der Angebote<\/p>\n","protected":false},"excerpt":{"rendered":"<p>Am Gymnasium Maria K\u00f6nigin findet jedes Jahr zu Sommerbeginn ein Tag der Brandschutzerziehung f\u00fcr die Jahrgangsstufe 7 in Zusammenarbeit mit der Feuerwehr Lennestadt statt. An diesem Tag k\u00f6nnen die Sch\u00fclerinnen und Sch\u00fcler ihr im Chemieunterricht erworbenes Wissen zum Thema \u201eFeuer und Flamme\u201c praktisch anwenden. Im Unterricht setzen sie sich intensiv mit der Faszination des Feuers [&hellip;]<\/p>\n","protected":false},"author":14,"featured_media":0,"parent":0,"menu_order":0,"comment_status":"closed","ping_status":"closed","template":"","meta":{"ngg_post_thumbnail":0,"_mc_calendar":[],"footnotes":""},"class_list":["post-15629","page","type-page","status-publish","hentry"],"_links":{"self":[{"href":"https:\/\/www.maria-koenigin.de\/index.php?rest_route=\/wp\/v2\/pages\/15629","targetHints":{"allow":["GET"]}}],"collection":[{"href":"https:\/\/www.maria-koenigin.de\/index.php?rest_route=\/wp\/v2\/pages"}],"about":[{"href":"https:\/\/www.maria-koenigin.de\/index.php?rest_route=\/wp\/v2\/types\/page"}],"author":[{"embeddable":true,"href":"https:\/\/www.maria-koenigin.de\/index.php?rest_route=\/wp\/v2\/users\/14"}],"replies":[{"embeddable":true,"href":"https:\/\/www.maria-koenigin.de\/index.php?rest_route=%2Fwp%2Fv2%2Fcomments&post=15629"}],"version-history":[{"count":6,"href":"https:\/\/www.maria-koenigin.de\/index.php?rest_route=\/wp\/v2\/pages\/15629\/revisions"}],"predecessor-version":[{"id":15760,"href":"https:\/\/www.maria-koenigin.de\/index.php?rest_route=\/wp\/v2\/pages\/15629\/revisions\/15760"}],"wp:attachment":[{"href":"https:\/\/www.maria-koenigin.de\/index.php?rest_route=%2Fwp%2Fv2%2Fmedia&parent=15629"}],"curies":[{"name":"wp","href":"https:\/\/api.w.org\/{rel}","templated":true}]}}