{"id":15634,"date":"2025-03-24T20:18:43","date_gmt":"2025-03-24T19:18:43","guid":{"rendered":"https:\/\/www.maria-koenigin.de\/?page_id=15634"},"modified":"2025-03-26T17:13:42","modified_gmt":"2025-03-26T16:13:42","slug":"workshop-speicherprogrammierbare-systeme","status":"publish","type":"page","link":"https:\/\/www.maria-koenigin.de\/?page_id=15634","title":{"rendered":"Workshop: Speicherprogrammierbare Systeme"},"content":{"rendered":"<p style=\"text-align: justify;\" data-start=\"56\" data-end=\"342\">Im Rahmen des Technikunterrichts der Jahrgangsstufe Q1 besuchen wir einmal j\u00e4hrlich die Lehrwerkstatt Attendorn (LEWA) f\u00fcr einen praktischen Workshop. Ziel ist es, die Sch\u00fclerinnen und Sch\u00fcler in die Automatisierungstechnik und die Funktionsweise speicherprogrammierbarer Steuerungen (SPS) einzuf\u00fchren.<\/p>\n<p><img loading=\"lazy\" decoding=\"async\" class=\"alignnone wp-image-15637 size-full\" src=\"http:\/\/www.maria-koenigin.de\/wordpress\/wp-content\/uploads\/2025\/03\/20240320_0948220-scaled.jpg\" alt=\"\" width=\"2560\" height=\"1920\" srcset=\"https:\/\/www.maria-koenigin.de\/wordpress\/wp-content\/uploads\/2025\/03\/20240320_0948220-scaled.jpg 2560w, https:\/\/www.maria-koenigin.de\/wordpress\/wp-content\/uploads\/2025\/03\/20240320_0948220-300x225.jpg 300w, https:\/\/www.maria-koenigin.de\/wordpress\/wp-content\/uploads\/2025\/03\/20240320_0948220-1024x768.jpg 1024w, https:\/\/www.maria-koenigin.de\/wordpress\/wp-content\/uploads\/2025\/03\/20240320_0948220-768x576.jpg 768w, https:\/\/www.maria-koenigin.de\/wordpress\/wp-content\/uploads\/2025\/03\/20240320_0948220-1536x1152.jpg 1536w, https:\/\/www.maria-koenigin.de\/wordpress\/wp-content\/uploads\/2025\/03\/20240320_0948220-2048x1536.jpg 2048w, https:\/\/www.maria-koenigin.de\/wordpress\/wp-content\/uploads\/2025\/03\/20240320_0948220-624x468.jpg 624w\" sizes=\"auto, (max-width: 2560px) 100vw, 2560px\" \/><\/p>\n<p style=\"text-align: justify;\" data-start=\"344\" data-end=\"636\">Die Lehrwerkstatt Attendorn stellt individuelle Arbeitspl\u00e4tze zur Verf\u00fcgung, an denen mit dem Siemens-LOGO!-System gearbeitet wird. Dabei k\u00f6nnen die Sch\u00fclerinnen und Sch\u00fcler auf ihre Kenntnisse aus der Digitaltechnik zur\u00fcckgreifen und erste einf\u00fchrende Aufgaben in das Siemens-LOGO!-System \u00fcbertragen. Im Laufe des Tages vertiefen sie ihr Wissen zur Ansteuerung verschiedener Aktoren und zur Reaktion auf Sensorsignale. Am Ende des Workshops sind sie optimal darauf vorbereitet, ihre Erkenntnisse im Unterricht anzuwenden und mit den Siemens-LOGO!-Ger\u00e4ten an unserer Schule weiterzuarbeiten.<\/p>\n<p data-start=\"344\" data-end=\"636\"><img loading=\"lazy\" decoding=\"async\" class=\"alignnone wp-image-15636 size-full\" src=\"http:\/\/www.maria-koenigin.de\/wordpress\/wp-content\/uploads\/2025\/03\/20240320_103537-scaled.jpg\" alt=\"\" width=\"2560\" height=\"1920\" srcset=\"https:\/\/www.maria-koenigin.de\/wordpress\/wp-content\/uploads\/2025\/03\/20240320_103537-scaled.jpg 2560w, https:\/\/www.maria-koenigin.de\/wordpress\/wp-content\/uploads\/2025\/03\/20240320_103537-300x225.jpg 300w, https:\/\/www.maria-koenigin.de\/wordpress\/wp-content\/uploads\/2025\/03\/20240320_103537-1024x768.jpg 1024w, https:\/\/www.maria-koenigin.de\/wordpress\/wp-content\/uploads\/2025\/03\/20240320_103537-768x576.jpg 768w, https:\/\/www.maria-koenigin.de\/wordpress\/wp-content\/uploads\/2025\/03\/20240320_103537-1536x1152.jpg 1536w, https:\/\/www.maria-koenigin.de\/wordpress\/wp-content\/uploads\/2025\/03\/20240320_103537-2048x1536.jpg 2048w, https:\/\/www.maria-koenigin.de\/wordpress\/wp-content\/uploads\/2025\/03\/20240320_103537-624x468.jpg 624w\" sizes=\"auto, (max-width: 2560px) 100vw, 2560px\" \/><img loading=\"lazy\" decoding=\"async\" class=\"alignnone wp-image-15638 size-full\" src=\"http:\/\/www.maria-koenigin.de\/wordpress\/wp-content\/uploads\/2025\/03\/20240320_103510-scaled.jpg\" alt=\"\" width=\"2560\" height=\"1920\" srcset=\"https:\/\/www.maria-koenigin.de\/wordpress\/wp-content\/uploads\/2025\/03\/20240320_103510-scaled.jpg 2560w, https:\/\/www.maria-koenigin.de\/wordpress\/wp-content\/uploads\/2025\/03\/20240320_103510-300x225.jpg 300w, https:\/\/www.maria-koenigin.de\/wordpress\/wp-content\/uploads\/2025\/03\/20240320_103510-1024x768.jpg 1024w, https:\/\/www.maria-koenigin.de\/wordpress\/wp-content\/uploads\/2025\/03\/20240320_103510-768x576.jpg 768w, https:\/\/www.maria-koenigin.de\/wordpress\/wp-content\/uploads\/2025\/03\/20240320_103510-1536x1152.jpg 1536w, https:\/\/www.maria-koenigin.de\/wordpress\/wp-content\/uploads\/2025\/03\/20240320_103510-2048x1536.jpg 2048w, https:\/\/www.maria-koenigin.de\/wordpress\/wp-content\/uploads\/2025\/03\/20240320_103510-624x468.jpg 624w\" sizes=\"auto, (max-width: 2560px) 100vw, 2560px\" \/><\/p>\n<p data-start=\"344\" data-end=\"636\"><img loading=\"lazy\" decoding=\"async\" class=\"alignnone wp-image-15639 size-full\" src=\"http:\/\/www.maria-koenigin.de\/wordpress\/wp-content\/uploads\/2025\/03\/20240320_093936-scaled.jpg\" alt=\"\" width=\"2560\" height=\"1920\" srcset=\"https:\/\/www.maria-koenigin.de\/wordpress\/wp-content\/uploads\/2025\/03\/20240320_093936-scaled.jpg 2560w, https:\/\/www.maria-koenigin.de\/wordpress\/wp-content\/uploads\/2025\/03\/20240320_093936-300x225.jpg 300w, https:\/\/www.maria-koenigin.de\/wordpress\/wp-content\/uploads\/2025\/03\/20240320_093936-1024x768.jpg 1024w, https:\/\/www.maria-koenigin.de\/wordpress\/wp-content\/uploads\/2025\/03\/20240320_093936-768x576.jpg 768w, https:\/\/www.maria-koenigin.de\/wordpress\/wp-content\/uploads\/2025\/03\/20240320_093936-1536x1152.jpg 1536w, https:\/\/www.maria-koenigin.de\/wordpress\/wp-content\/uploads\/2025\/03\/20240320_093936-2048x1536.jpg 2048w, https:\/\/www.maria-koenigin.de\/wordpress\/wp-content\/uploads\/2025\/03\/20240320_093936-624x468.jpg 624w\" sizes=\"auto, (max-width: 2560px) 100vw, 2560px\" \/><\/p>\n<p data-start=\"344\" data-end=\"636\"><a href=\"http:\/\/www.maria-koenigin.de\/?page_id=12736\">zur\u00fcck<\/a> zur \u00dcbersicht der Angebote<\/p>\n","protected":false},"excerpt":{"rendered":"<p>Im Rahmen des Technikunterrichts der Jahrgangsstufe Q1 besuchen wir einmal j\u00e4hrlich die Lehrwerkstatt Attendorn (LEWA) f\u00fcr einen praktischen Workshop. Ziel ist es, die Sch\u00fclerinnen und Sch\u00fcler in die Automatisierungstechnik und die Funktionsweise speicherprogrammierbarer Steuerungen (SPS) einzuf\u00fchren. Die Lehrwerkstatt Attendorn stellt individuelle Arbeitspl\u00e4tze zur Verf\u00fcgung, an denen mit dem Siemens-LOGO!-System gearbeitet wird. Dabei k\u00f6nnen die Sch\u00fclerinnen [&hellip;]<\/p>\n","protected":false},"author":14,"featured_media":0,"parent":0,"menu_order":0,"comment_status":"closed","ping_status":"closed","template":"","meta":{"ngg_post_thumbnail":0,"_mc_calendar":[],"footnotes":""},"class_list":["post-15634","page","type-page","status-publish","hentry"],"_links":{"self":[{"href":"https:\/\/www.maria-koenigin.de\/index.php?rest_route=\/wp\/v2\/pages\/15634","targetHints":{"allow":["GET"]}}],"collection":[{"href":"https:\/\/www.maria-koenigin.de\/index.php?rest_route=\/wp\/v2\/pages"}],"about":[{"href":"https:\/\/www.maria-koenigin.de\/index.php?rest_route=\/wp\/v2\/types\/page"}],"author":[{"embeddable":true,"href":"https:\/\/www.maria-koenigin.de\/index.php?rest_route=\/wp\/v2\/users\/14"}],"replies":[{"embeddable":true,"href":"https:\/\/www.maria-koenigin.de\/index.php?rest_route=%2Fwp%2Fv2%2Fcomments&post=15634"}],"version-history":[{"count":5,"href":"https:\/\/www.maria-koenigin.de\/index.php?rest_route=\/wp\/v2\/pages\/15634\/revisions"}],"predecessor-version":[{"id":15769,"href":"https:\/\/www.maria-koenigin.de\/index.php?rest_route=\/wp\/v2\/pages\/15634\/revisions\/15769"}],"wp:attachment":[{"href":"https:\/\/www.maria-koenigin.de\/index.php?rest_route=%2Fwp%2Fv2%2Fmedia&parent=15634"}],"curies":[{"name":"wp","href":"https:\/\/api.w.org\/{rel}","templated":true}]}}