{"id":15734,"date":"2025-03-26T15:40:20","date_gmt":"2025-03-26T14:40:20","guid":{"rendered":"https:\/\/www.maria-koenigin.de\/?page_id=15734"},"modified":"2025-04-23T15:36:17","modified_gmt":"2025-04-23T13:36:17","slug":"invent-a-chip","status":"publish","type":"page","link":"https:\/\/www.maria-koenigin.de\/?page_id=15734","title":{"rendered":"Invent a Chip"},"content":{"rendered":"<p class=\"\" style=\"text-align: justify;\" data-start=\"70\" data-end=\"219\">Du hast Lust, in die Welt der Mikroelektronik einzutauchen und sogar deinen eigenen Chip zu entwickeln? Dann ist <strong data-start=\"183\" data-end=\"200\">INVENT a CHIP<\/strong> genau dein Ding!<\/p>\n<p data-start=\"70\" data-end=\"219\"><img loading=\"lazy\" decoding=\"async\" class=\"alignnone wp-image-15756 size-full\" src=\"http:\/\/www.maria-koenigin.de\/wordpress\/wp-content\/uploads\/2025\/03\/20250307_101834-scaled.jpg\" alt=\"\" width=\"2560\" height=\"1920\" srcset=\"https:\/\/www.maria-koenigin.de\/wordpress\/wp-content\/uploads\/2025\/03\/20250307_101834-scaled.jpg 2560w, https:\/\/www.maria-koenigin.de\/wordpress\/wp-content\/uploads\/2025\/03\/20250307_101834-300x225.jpg 300w, https:\/\/www.maria-koenigin.de\/wordpress\/wp-content\/uploads\/2025\/03\/20250307_101834-1024x768.jpg 1024w, https:\/\/www.maria-koenigin.de\/wordpress\/wp-content\/uploads\/2025\/03\/20250307_101834-768x576.jpg 768w, https:\/\/www.maria-koenigin.de\/wordpress\/wp-content\/uploads\/2025\/03\/20250307_101834-1536x1152.jpg 1536w, https:\/\/www.maria-koenigin.de\/wordpress\/wp-content\/uploads\/2025\/03\/20250307_101834-2048x1536.jpg 2048w, https:\/\/www.maria-koenigin.de\/wordpress\/wp-content\/uploads\/2025\/03\/20250307_101834-624x468.jpg 624w\" sizes=\"auto, (max-width: 2560px) 100vw, 2560px\" \/><\/p>\n<p class=\"\" style=\"text-align: justify;\" data-start=\"221\" data-end=\"515\">Jedes Jahr veranstalten der <a href=\"https:\/\/www.vde.com\/de\" target=\"_blank\" rel=\"noopener\"><strong data-start=\"249\" data-end=\"256\">VDE<\/strong><\/a> und das <a href=\"https:\/\/www.bmbf.de\/DE\/Home\/home_node.html\" target=\"_blank\" rel=\"noopener\"><strong data-start=\"265\" data-end=\"319\">Bundesministerium f\u00fcr Bildung und Forschung (BMBF)<\/strong><\/a> diesen spannenden Wettbewerb f\u00fcr technikbegeisterte Sch\u00fclerinnen und Sch\u00fcler der 9. bis 13. Klasse. Hier kannst du nicht nur dein Wissen testen, sondern auch selbst kreativ werden und richtig was bewegen!<\/p>\n<p class=\"\" style=\"text-align: justify;\" data-start=\"517\" data-end=\"533\">So l\u00e4uft\u2019s ab:<\/p>\n<p class=\"\" style=\"text-align: justify;\" data-start=\"535\" data-end=\"743\"><strong data-start=\"538\" data-end=\"550\">IaC-Quiz<\/strong>: Starte mit einem kurzen Online-Quiz und checke dein Wissen rund um Mikroelektronik und K\u00fcnstliche Intelligenz. Schulen mit besonders vielen und guten Antworten k\u00f6nnen sogar Preise gewinnen!<\/p>\n<p class=\"\" style=\"text-align: justify;\" data-start=\"745\" data-end=\"892\"><strong data-start=\"748\" data-end=\"765\">IaC-Challenge<\/strong>: Hier wird\u2019s praktisch! Du bekommst die Chance, erste eigene Chipdesigns auszuprobieren \u2013 und das ganz unkompliziert online.<\/p>\n<p class=\"\" style=\"text-align: justify;\" data-start=\"894\" data-end=\"1032\"><strong data-start=\"897\" data-end=\"912\">Praxisphase<\/strong>: Du hast eine geniale Idee f\u00fcr eine Mikrochip-Anwendung? Dann setze sie mit Unterst\u00fctzung von echten Experten um!<\/p>\n<p data-start=\"894\" data-end=\"1032\"><img loading=\"lazy\" decoding=\"async\" class=\"alignnone wp-image-15757 size-full\" src=\"http:\/\/www.maria-koenigin.de\/wordpress\/wp-content\/uploads\/2025\/03\/20250307_102013-scaled.jpg\" alt=\"\" width=\"2560\" height=\"1920\" srcset=\"https:\/\/www.maria-koenigin.de\/wordpress\/wp-content\/uploads\/2025\/03\/20250307_102013-scaled.jpg 2560w, https:\/\/www.maria-koenigin.de\/wordpress\/wp-content\/uploads\/2025\/03\/20250307_102013-300x225.jpg 300w, https:\/\/www.maria-koenigin.de\/wordpress\/wp-content\/uploads\/2025\/03\/20250307_102013-1024x768.jpg 1024w, https:\/\/www.maria-koenigin.de\/wordpress\/wp-content\/uploads\/2025\/03\/20250307_102013-768x576.jpg 768w, https:\/\/www.maria-koenigin.de\/wordpress\/wp-content\/uploads\/2025\/03\/20250307_102013-1536x1152.jpg 1536w, https:\/\/www.maria-koenigin.de\/wordpress\/wp-content\/uploads\/2025\/03\/20250307_102013-2048x1536.jpg 2048w, https:\/\/www.maria-koenigin.de\/wordpress\/wp-content\/uploads\/2025\/03\/20250307_102013-624x468.jpg 624w\" sizes=\"auto, (max-width: 2560px) 100vw, 2560px\" \/><\/p>\n<p class=\"\" style=\"text-align: justify;\" data-start=\"1034\" data-end=\"1259\">Neben einer Menge Spa\u00df und neuen Skills gibt\u2019s nat\u00fcrlich auch starke Preise: von Geldgewinnen \u00fcber Mikrocontroller bis hin zu exklusiven Praktika. Au\u00dferdem kann die Teilnahme ein echter Pluspunkt f\u00fcr deinen Lebenslauf sein!<\/p>\n<p class=\"\" data-start=\"1261\" data-end=\"1377\">Lust mitzumachen? Dann informiere dich unter: <a class=\"\" href=\"https:\/\/www.invent-a-chip.de\/\" target=\"_blank\" rel=\"noopener\" data-start=\"1326\" data-end=\"1375\">invent-a-chip.de<\/a><\/p>\n<p data-start=\"1261\" data-end=\"1377\"><strong>Ansprechpartner: Matthias Walter<\/strong><\/p>\n<p data-start=\"1261\" data-end=\"1377\"><a href=\"http:\/\/www.maria-koenigin.de\/?page_id=12734\">zur\u00fcck<\/a> zur \u00dcbersicht der Wettbewerbe<\/p>\n","protected":false},"excerpt":{"rendered":"<p>Du hast Lust, in die Welt der Mikroelektronik einzutauchen und sogar deinen eigenen Chip zu entwickeln? Dann ist INVENT a CHIP genau dein Ding! Jedes Jahr veranstalten der VDE und das Bundesministerium f\u00fcr Bildung und Forschung (BMBF) diesen spannenden Wettbewerb f\u00fcr technikbegeisterte Sch\u00fclerinnen und Sch\u00fcler der 9. bis 13. Klasse. Hier kannst du nicht nur [&hellip;]<\/p>\n","protected":false},"author":14,"featured_media":0,"parent":0,"menu_order":0,"comment_status":"closed","ping_status":"closed","template":"","meta":{"ngg_post_thumbnail":0,"_mc_calendar":[],"footnotes":""},"class_list":["post-15734","page","type-page","status-publish","hentry"],"_links":{"self":[{"href":"https:\/\/www.maria-koenigin.de\/index.php?rest_route=\/wp\/v2\/pages\/15734","targetHints":{"allow":["GET"]}}],"collection":[{"href":"https:\/\/www.maria-koenigin.de\/index.php?rest_route=\/wp\/v2\/pages"}],"about":[{"href":"https:\/\/www.maria-koenigin.de\/index.php?rest_route=\/wp\/v2\/types\/page"}],"author":[{"embeddable":true,"href":"https:\/\/www.maria-koenigin.de\/index.php?rest_route=\/wp\/v2\/users\/14"}],"replies":[{"embeddable":true,"href":"https:\/\/www.maria-koenigin.de\/index.php?rest_route=%2Fwp%2Fv2%2Fcomments&post=15734"}],"version-history":[{"count":7,"href":"https:\/\/www.maria-koenigin.de\/index.php?rest_route=\/wp\/v2\/pages\/15734\/revisions"}],"predecessor-version":[{"id":15740,"href":"https:\/\/www.maria-koenigin.de\/index.php?rest_route=\/wp\/v2\/pages\/15734\/revisions\/15740"}],"wp:attachment":[{"href":"https:\/\/www.maria-koenigin.de\/index.php?rest_route=%2Fwp%2Fv2%2Fmedia&parent=15734"}],"curies":[{"name":"wp","href":"https:\/\/api.w.org\/{rel}","templated":true}]}}