{"id":15778,"date":"2025-03-27T16:53:31","date_gmt":"2025-03-27T15:53:31","guid":{"rendered":"https:\/\/www.maria-koenigin.de\/?page_id=15778"},"modified":"2025-04-23T15:40:50","modified_gmt":"2025-04-23T13:40:50","slug":"naturpark","status":"publish","type":"page","link":"https:\/\/www.maria-koenigin.de\/?page_id=15778","title":{"rendered":"Naturerlebnis Gymnasium Maria K\u00f6nigin"},"content":{"rendered":"<h1>Ein Ort f\u00fcr nachhaltige Umweltbildung<\/h1>\n<p style=\"text-align: justify;\">Im Jahr 2022 wurde das Gymnasium Maria K\u00f6nigin vom Verband Deutscher Naturparke (VDN) als einzige weiterf\u00fchrende Schule im Kreis Olpe zur Naturpark-Schule ernannt. Diese Auszeichnung w\u00fcrdigt das jahrelange Engagement von Sch\u00fcler*innen, Eltern und Lehrkr\u00e4ften f\u00fcr den Umweltschutz und die nachhaltige Umweltbildung.<\/p>\n<h1><strong><img loading=\"lazy\" decoding=\"async\" class=\"alignnone wp-image-15786 size-full\" src=\"http:\/\/www.maria-koenigin.de\/wordpress\/wp-content\/uploads\/2025\/03\/1-1.png\" alt=\"\" width=\"760\" height=\"506\" srcset=\"https:\/\/www.maria-koenigin.de\/wordpress\/wp-content\/uploads\/2025\/03\/1-1.png 760w, https:\/\/www.maria-koenigin.de\/wordpress\/wp-content\/uploads\/2025\/03\/1-1-300x200.png 300w, https:\/\/www.maria-koenigin.de\/wordpress\/wp-content\/uploads\/2025\/03\/1-1-624x415.png 624w\" sizes=\"auto, (max-width: 760px) 100vw, 760px\" \/><\/strong><\/h1>\n<p><strong>Ein Schulgel\u00e4nde im Einklang mit der Natur<\/strong><\/p>\n<p>Das weitl\u00e4ufige Schulgel\u00e4nde, umgeben von W\u00e4ldern, bietet eine Vielzahl von M\u00f6glichkeiten, den Unterricht mit der Natur zu verbinden. Hier befinden sich unter anderem:<\/p>\n<ul>\n<li>ein Naturlehrpfad, der sich dem Thema \u201eB\u00e4ume\u201c widmet<\/li>\n<li>ein Naturteich<\/li>\n<li>eine Streuobstwiese<\/li>\n<li>Wildblumenwiesen<\/li>\n<li>Bienenstand<\/li>\n<\/ul>\n<p><img loading=\"lazy\" decoding=\"async\" class=\"alignnone wp-image-15788 size-full\" src=\"http:\/\/www.maria-koenigin.de\/wordpress\/wp-content\/uploads\/2025\/03\/3.png\" alt=\"\" width=\"700\" height=\"474\" srcset=\"https:\/\/www.maria-koenigin.de\/wordpress\/wp-content\/uploads\/2025\/03\/3.png 700w, https:\/\/www.maria-koenigin.de\/wordpress\/wp-content\/uploads\/2025\/03\/3-300x203.png 300w, https:\/\/www.maria-koenigin.de\/wordpress\/wp-content\/uploads\/2025\/03\/3-624x423.png 624w\" sizes=\"auto, (max-width: 700px) 100vw, 700px\" \/><\/p>\n<p><img loading=\"lazy\" decoding=\"async\" class=\"alignnone wp-image-15789 size-full\" src=\"http:\/\/www.maria-koenigin.de\/wordpress\/wp-content\/uploads\/2025\/03\/2.png\" alt=\"\" width=\"964\" height=\"642\" srcset=\"https:\/\/www.maria-koenigin.de\/wordpress\/wp-content\/uploads\/2025\/03\/2.png 964w, https:\/\/www.maria-koenigin.de\/wordpress\/wp-content\/uploads\/2025\/03\/2-300x200.png 300w, https:\/\/www.maria-koenigin.de\/wordpress\/wp-content\/uploads\/2025\/03\/2-768x511.png 768w, https:\/\/www.maria-koenigin.de\/wordpress\/wp-content\/uploads\/2025\/03\/2-624x416.png 624w\" sizes=\"auto, (max-width: 964px) 100vw, 964px\" \/><\/p>\n<p><strong>Lernen im Freien: Unterricht direkt in der Natur<\/strong><\/p>\n<p style=\"text-align: justify;\">Dank der einzigartigen Lage und der Schule k\u00f6nnen verschiedene Naturbereiche als Au\u00dfen-klassenzimmer genutzt werden. Hier wird den Sch\u00fclern erm\u00f6glicht, naturwissenschaftliche Themen direkt vor Ort zu erleben und zu begreifen. Theoretisches Wissen kann im praxisorientierten Unterricht direkt Anwendung finden.<\/p>\n<p><img loading=\"lazy\" decoding=\"async\" class=\"alignnone wp-image-15790\" src=\"http:\/\/www.maria-koenigin.de\/wordpress\/wp-content\/uploads\/2025\/03\/4-225x300.png\" alt=\"\" width=\"354\" height=\"472\" srcset=\"https:\/\/www.maria-koenigin.de\/wordpress\/wp-content\/uploads\/2025\/03\/4-225x300.png 225w, https:\/\/www.maria-koenigin.de\/wordpress\/wp-content\/uploads\/2025\/03\/4-624x832.png 624w, https:\/\/www.maria-koenigin.de\/wordpress\/wp-content\/uploads\/2025\/03\/4.png 705w\" sizes=\"auto, (max-width: 354px) 100vw, 354px\" \/><\/p>\n<p><strong>Ein starkes Engagement f\u00fcr nachhaltige Konzepte<\/strong><\/p>\n<p style=\"text-align: justify;\">Die Zertifizierung als Naturpark-Schule er\u00f6ffnet zahlreiche neue M\u00f6glichkeiten zur Zusammen-arbeit mit dem Naturpark Sauerland-Rothaargebirge e.V.. Dies ebnet den Weg f\u00fcr spannende Projekte und Kooperationen, die sowohl den Unterricht bereichern als auch das Engagement der Schule im Bereich Umweltschutz weiter st\u00e4rken. Innerhalb der Jahrgangsstufen 5-Q2 finden kontinuierlich naturparkbezogene Inhalte in Anbindung an Biologie oder andere F\u00e4cher wie Erdkunde ihren festen Platz.<strong>\u00a0<\/strong><\/p>\n<ul>\n<li style=\"list-style-type: none;\">\n<ul>\n<li>Exkursion in hiesige W\u00e4lder mit einem Naturpark-Ranger<\/li>\n<li>Bau von Insektenhotels, Fledermausk\u00e4sten und Vogelnistk\u00e4sten<\/li>\n<li>Anlegen kleinerer Pflanzenbeete mit Pflanzenvertretern verschiedener Pflanzenfamilien<\/li>\n<li>Apfelernte auf der Streuobstwiese<\/li>\n<li>Imkerei am Bienenstock auf der Streuobstwiese<\/li>\n<li>Pflege der Biotope und Instandhaltung<\/li>\n<li>Nachhaltige Landwirtschaft<\/li>\n<li>Klimawandel<\/li>\n<li>\u00d6kologischer Seminartag<\/li>\n<li>\u2026<\/li>\n<\/ul>\n<\/li>\n<\/ul>\n<p>Einen vertiefenden Einblick bietet der folgende Artikel zum Naturlehrpfad \u2013 ein Klick lohnt sich:<\/p>\n<p><a href=\"https:\/\/www.maria-koenigin.de\/?p=9082\" target=\"_blank\" rel=\"noopener\">Der Naturlehrpfad an Maria K\u00f6nigin | Gymnasium Maria K\u00f6nigin (maria-koenigin.de)<\/a><\/p>\n<p><img loading=\"lazy\" decoding=\"async\" class=\"alignnone wp-image-15791 size-full\" src=\"http:\/\/www.maria-koenigin.de\/wordpress\/wp-content\/uploads\/2025\/03\/5.png\" alt=\"\" width=\"822\" height=\"617\" srcset=\"https:\/\/www.maria-koenigin.de\/wordpress\/wp-content\/uploads\/2025\/03\/5.png 822w, https:\/\/www.maria-koenigin.de\/wordpress\/wp-content\/uploads\/2025\/03\/5-300x225.png 300w, https:\/\/www.maria-koenigin.de\/wordpress\/wp-content\/uploads\/2025\/03\/5-768x576.png 768w, https:\/\/www.maria-koenigin.de\/wordpress\/wp-content\/uploads\/2025\/03\/5-624x468.png 624w\" sizes=\"auto, (max-width: 822px) 100vw, 822px\" \/> <img loading=\"lazy\" decoding=\"async\" class=\"alignnone wp-image-15792 size-full\" src=\"http:\/\/www.maria-koenigin.de\/wordpress\/wp-content\/uploads\/2025\/03\/6.png\" alt=\"\" width=\"1024\" height=\"768\" srcset=\"https:\/\/www.maria-koenigin.de\/wordpress\/wp-content\/uploads\/2025\/03\/6.png 1024w, https:\/\/www.maria-koenigin.de\/wordpress\/wp-content\/uploads\/2025\/03\/6-300x225.png 300w, https:\/\/www.maria-koenigin.de\/wordpress\/wp-content\/uploads\/2025\/03\/6-768x576.png 768w, https:\/\/www.maria-koenigin.de\/wordpress\/wp-content\/uploads\/2025\/03\/6-624x468.png 624w\" sizes=\"auto, (max-width: 1024px) 100vw, 1024px\" \/><\/p>\n<p>&nbsp;<\/p>\n<p><strong>Virtueller Rundgang: Einblicke in unsere einzigartige Naturlage<\/strong><\/p>\n<p style=\"text-align: justify;\">Damit nicht nur die Sch\u00fcler*innen des Gymnasiums, sondern auch Au\u00dfenstehende in den Genuss der einmaligen Naturlage der Schule kommen, hat die Klasse 6c zusammen mit Ihrem Klassenlehrer Herr Dr. Linn und Mitarbeitern der Firma\u00a0<em>World of VR <\/em>aus K\u00f6ln einen virtuellen Rundgang produziert. Zwei Sch\u00fclerinnen der Klasse leiten dabei als Hologramme durch die unterschiedlichen Areale des Schulgel\u00e4ndes.<\/p>\n<p><a href=\"https:\/\/vr-tour.maria-koenigin.de\" target=\"_blank\" rel=\"noopener\"><img loading=\"lazy\" decoding=\"async\" class=\"alignnone wp-image-15794 size-full\" src=\"http:\/\/www.maria-koenigin.de\/wordpress\/wp-content\/uploads\/2025\/03\/7.png\" alt=\"\" width=\"640\" height=\"417\" srcset=\"https:\/\/www.maria-koenigin.de\/wordpress\/wp-content\/uploads\/2025\/03\/7.png 640w, https:\/\/www.maria-koenigin.de\/wordpress\/wp-content\/uploads\/2025\/03\/7-300x195.png 300w, https:\/\/www.maria-koenigin.de\/wordpress\/wp-content\/uploads\/2025\/03\/7-624x407.png 624w\" sizes=\"auto, (max-width: 640px) 100vw, 640px\" \/><\/a><\/p>\n<p><a href=\"https:\/\/vr-tour.maria-koenigin.de\" target=\"_blank\" rel=\"noopener\"><img loading=\"lazy\" decoding=\"async\" class=\"aligncenter wp-image-15795 size-medium\" src=\"http:\/\/www.maria-koenigin.de\/wordpress\/wp-content\/uploads\/2025\/03\/Screenshot-2025-03-27-165306-300x294.png\" alt=\"\" width=\"300\" height=\"294\" srcset=\"https:\/\/www.maria-koenigin.de\/wordpress\/wp-content\/uploads\/2025\/03\/Screenshot-2025-03-27-165306-300x294.png 300w, https:\/\/www.maria-koenigin.de\/wordpress\/wp-content\/uploads\/2025\/03\/Screenshot-2025-03-27-165306.png 418w\" sizes=\"auto, (max-width: 300px) 100vw, 300px\" \/><\/a><\/p>\n<p><a href=\"http:\/\/www.maria-koenigin.de\/?page_id=12736\">zur\u00fcck<\/a> zur \u00dcbersicht der Angebote<\/p>\n","protected":false},"excerpt":{"rendered":"<p>Ein Ort f\u00fcr nachhaltige Umweltbildung Im Jahr 2022 wurde das Gymnasium Maria K\u00f6nigin vom Verband Deutscher Naturparke (VDN) als einzige weiterf\u00fchrende Schule im Kreis Olpe zur Naturpark-Schule ernannt. Diese Auszeichnung w\u00fcrdigt das jahrelange Engagement von Sch\u00fcler*innen, Eltern und Lehrkr\u00e4ften f\u00fcr den Umweltschutz und die nachhaltige Umweltbildung. Ein Schulgel\u00e4nde im Einklang mit der Natur Das weitl\u00e4ufige [&hellip;]<\/p>\n","protected":false},"author":14,"featured_media":0,"parent":0,"menu_order":0,"comment_status":"closed","ping_status":"closed","template":"","meta":{"ngg_post_thumbnail":0,"_mc_calendar":[],"footnotes":""},"class_list":["post-15778","page","type-page","status-publish","hentry"],"_links":{"self":[{"href":"https:\/\/www.maria-koenigin.de\/index.php?rest_route=\/wp\/v2\/pages\/15778","targetHints":{"allow":["GET"]}}],"collection":[{"href":"https:\/\/www.maria-koenigin.de\/index.php?rest_route=\/wp\/v2\/pages"}],"about":[{"href":"https:\/\/www.maria-koenigin.de\/index.php?rest_route=\/wp\/v2\/types\/page"}],"author":[{"embeddable":true,"href":"https:\/\/www.maria-koenigin.de\/index.php?rest_route=\/wp\/v2\/users\/14"}],"replies":[{"embeddable":true,"href":"https:\/\/www.maria-koenigin.de\/index.php?rest_route=%2Fwp%2Fv2%2Fcomments&post=15778"}],"version-history":[{"count":12,"href":"https:\/\/www.maria-koenigin.de\/index.php?rest_route=\/wp\/v2\/pages\/15778\/revisions"}],"predecessor-version":[{"id":15799,"href":"https:\/\/www.maria-koenigin.de\/index.php?rest_route=\/wp\/v2\/pages\/15778\/revisions\/15799"}],"wp:attachment":[{"href":"https:\/\/www.maria-koenigin.de\/index.php?rest_route=%2Fwp%2Fv2%2Fmedia&parent=15778"}],"curies":[{"name":"wp","href":"https:\/\/api.w.org\/{rel}","templated":true}]}}