{"id":15781,"date":"2025-03-27T16:40:41","date_gmt":"2025-03-27T15:40:41","guid":{"rendered":"https:\/\/www.maria-koenigin.de\/?page_id=15781"},"modified":"2025-04-23T15:28:57","modified_gmt":"2025-04-23T13:28:57","slug":"biologie-ag","status":"publish","type":"page","link":"https:\/\/www.maria-koenigin.de\/?page_id=15781","title":{"rendered":"Biologie AG"},"content":{"rendered":"<p><strong>Entdecke die spannende Welt der Biologie!<\/strong><\/p>\n<p>Bist du fasziniert von der Natur und ihren Wundern? Willst du mehr \u00fcber Pflanzen und Tiere erfahren? Dann komm zu unserer\u00a0Biologie-AG\u00a0und tauche ein in die faszinierende Welt der Wissenschaft!<\/p>\n<p><strong>Was erwartet dich?<\/strong><\/p>\n<ul>\n<li>Eigenst\u00e4ndiges Forschen und Experimentieren auf der Grundlage entwickelter wissenschaftliche Fragestellungen mit Hilfe naturwissenschaftlicher Arbeitsmethoden<\/li>\n<li>Entdecken, Beobachten und Untersuchen von Naturph\u00e4nomenen<\/li>\n<li>Naturerleben<\/li>\n<li>Entwicklung des Bewusstseins f\u00fcr den Umweltschutz durch nachhaltige Umweltbildung<\/li>\n<\/ul>\n<p><img loading=\"lazy\" decoding=\"async\" class=\"alignnone wp-image-15782 size-full\" src=\"http:\/\/www.maria-koenigin.de\/wordpress\/wp-content\/uploads\/2025\/03\/1.png\" alt=\"\" width=\"1463\" height=\"822\" srcset=\"https:\/\/www.maria-koenigin.de\/wordpress\/wp-content\/uploads\/2025\/03\/1.png 1463w, https:\/\/www.maria-koenigin.de\/wordpress\/wp-content\/uploads\/2025\/03\/1-300x169.png 300w, https:\/\/www.maria-koenigin.de\/wordpress\/wp-content\/uploads\/2025\/03\/1-1024x575.png 1024w, https:\/\/www.maria-koenigin.de\/wordpress\/wp-content\/uploads\/2025\/03\/1-768x432.png 768w, https:\/\/www.maria-koenigin.de\/wordpress\/wp-content\/uploads\/2025\/03\/1-624x351.png 624w\" sizes=\"auto, (max-width: 1463px) 100vw, 1463px\" \/><\/p>\n<p>Durch die umliegenden W\u00e4lder und die naturnahen Einrichtungen auf dem Schulgel\u00e4nde wie z.B. der Schulteich, der Baumlehrpfad, die Streuobstwiese, u.v.m. bieten sich vielf\u00e4ltige M\u00f6glichkeiten praxisorientiert zu arbeiten. Einen vertiefenden Einblick bietet der folgende Artikel zum Naturlehrpfad \u2013 ein Klick lohnt sich:<\/p>\n<p><a href=\"https:\/\/www.maria-koenigin.de\/?p=9082\" target=\"_blank\" rel=\"noopener\">Der Naturlehrpfad an Maria K\u00f6nigin | Gymnasium Maria K\u00f6nigin (maria-koenigin.de)<\/a><\/p>\n<div><\/div>\n<p>M\u00f6chtest du mit uns die Geheimnisse der Natur entdecken und gemeinsam an spannenden Projekten arbeiten? <strong>Dann werde Teil der Biologie-AG!<\/strong><\/p>\n<p>&nbsp;<\/p>\n<p><strong>Ansprechpartner:<\/strong><\/p>\n<ul>\n<li>Rebecca Kirchhoff<\/li>\n<li>Christoph Tebr\u00fcgge<\/li>\n<li>Dennis Plett<\/li>\n<\/ul>\n<p><a href=\"http:\/\/www.maria-koenigin.de\/?page_id=12732\">zur\u00fcck<\/a> zur AG \u00dcbersicht<\/p>\n","protected":false},"excerpt":{"rendered":"<p>Entdecke die spannende Welt der Biologie! Bist du fasziniert von der Natur und ihren Wundern? Willst du mehr \u00fcber Pflanzen und Tiere erfahren? Dann komm zu unserer\u00a0Biologie-AG\u00a0und tauche ein in die faszinierende Welt der Wissenschaft! Was erwartet dich? Eigenst\u00e4ndiges Forschen und Experimentieren auf der Grundlage entwickelter wissenschaftliche Fragestellungen mit Hilfe naturwissenschaftlicher Arbeitsmethoden Entdecken, Beobachten und [&hellip;]<\/p>\n","protected":false},"author":14,"featured_media":0,"parent":0,"menu_order":0,"comment_status":"closed","ping_status":"closed","template":"","meta":{"ngg_post_thumbnail":0,"_mc_calendar":[],"footnotes":""},"class_list":["post-15781","page","type-page","status-publish","hentry"],"_links":{"self":[{"href":"https:\/\/www.maria-koenigin.de\/index.php?rest_route=\/wp\/v2\/pages\/15781","targetHints":{"allow":["GET"]}}],"collection":[{"href":"https:\/\/www.maria-koenigin.de\/index.php?rest_route=\/wp\/v2\/pages"}],"about":[{"href":"https:\/\/www.maria-koenigin.de\/index.php?rest_route=\/wp\/v2\/types\/page"}],"author":[{"embeddable":true,"href":"https:\/\/www.maria-koenigin.de\/index.php?rest_route=\/wp\/v2\/users\/14"}],"replies":[{"embeddable":true,"href":"https:\/\/www.maria-koenigin.de\/index.php?rest_route=%2Fwp%2Fv2%2Fcomments&post=15781"}],"version-history":[{"count":7,"href":"https:\/\/www.maria-koenigin.de\/index.php?rest_route=\/wp\/v2\/pages\/15781\/revisions"}],"predecessor-version":[{"id":16059,"href":"https:\/\/www.maria-koenigin.de\/index.php?rest_route=\/wp\/v2\/pages\/15781\/revisions\/16059"}],"wp:attachment":[{"href":"https:\/\/www.maria-koenigin.de\/index.php?rest_route=%2Fwp%2Fv2%2Fmedia&parent=15781"}],"curies":[{"name":"wp","href":"https:\/\/api.w.org\/{rel}","templated":true}]}}