{"id":15810,"date":"2025-03-28T19:28:39","date_gmt":"2025-03-28T18:28:39","guid":{"rendered":"https:\/\/www.maria-koenigin.de\/?page_id=15810"},"modified":"2025-03-28T20:15:01","modified_gmt":"2025-03-28T19:15:01","slug":"gesundheit-ist-leben","status":"publish","type":"page","link":"https:\/\/www.maria-koenigin.de\/?page_id=15810","title":{"rendered":"Gesundheit ist Leben"},"content":{"rendered":"<p style=\"text-align: justify;\">Im Rahmen des Projekts \u201eGesundheit ist Leben\u201c besuchen die Klassen 6 das St. Josefs-Hospital in Altenhundem, wo sie unter der Anleitung von Dr. Katja K\u00f6hler, Fach\u00e4rztin f\u00fcr Allgemeinmedizin, spannende Einblicke in die Medizin erhalten. Besonders eindrucksvoll dabei ist die Untersuchung des K\u00f6rperinneren mit einem Ultraschallger\u00e4t. Die Sch\u00fcler*innen k\u00f6nnen direkt das im Unterricht erlernte Wissen anwenden, erkennen beispielsweise die Aorta oder verfolgen den Verdauungsprozess nach dem Verzehr eines Schokoriegels.<\/p>\n<p><img loading=\"lazy\" decoding=\"async\" class=\"alignnone wp-image-15812 size-full\" src=\"http:\/\/www.maria-koenigin.de\/wordpress\/wp-content\/uploads\/2025\/03\/1.jpg\" alt=\"\" width=\"640\" height=\"453\" srcset=\"https:\/\/www.maria-koenigin.de\/wordpress\/wp-content\/uploads\/2025\/03\/1.jpg 640w, https:\/\/www.maria-koenigin.de\/wordpress\/wp-content\/uploads\/2025\/03\/1-300x212.jpg 300w, https:\/\/www.maria-koenigin.de\/wordpress\/wp-content\/uploads\/2025\/03\/1-624x442.jpg 624w\" sizes=\"auto, (max-width: 640px) 100vw, 640px\" \/><\/p>\n<p class=\"\" style=\"text-align: justify;\" data-start=\"72\" data-end=\"570\">Dar\u00fcber hinaus vertiefen die Sch\u00fcler*innen ihr Wissen \u00fcber den menschlichen K\u00f6rper aus medizinischer Sicht in regelm\u00e4\u00dfigen \u201eSprechstunden\u201c im Rahmen des Biologieunterrichts. Beim Thema \u201eKnochen und Muskeln\u201c werden z. B. R\u00f6ntgen- und MRT-Bilder ausgewertet, Reflexe getestet und die Wundversorgung bei Verstauchungen einge\u00fcbt. Thematisiert werden weiterhin Diagnose- und Therapiem\u00f6glichkeiten verschiedener Erkrankungen sowie Pr\u00e4ventionsma\u00dfnahmen, z. B. gegen \u201eHandy-Nacken\u201c und \u201eWhatsApp-Daumen\u201c.<\/p>\n<p style=\"text-align: justify;\">Dieses Projekt f\u00f6rdert die Entwicklung der Gesundheitskompetenz, denn es hilft den Sch\u00fcler*innen, Informationen \u00fcber Gesundheitsthemen zu erlernen, kritisch zu hinterfragen und richtig einzuordnen.<\/p>\n<p><img loading=\"lazy\" decoding=\"async\" class=\"alignnone wp-image-15813 size-full\" src=\"http:\/\/www.maria-koenigin.de\/wordpress\/wp-content\/uploads\/2025\/03\/2-1.png\" alt=\"\" width=\"640\" height=\"494\" srcset=\"https:\/\/www.maria-koenigin.de\/wordpress\/wp-content\/uploads\/2025\/03\/2-1.png 640w, https:\/\/www.maria-koenigin.de\/wordpress\/wp-content\/uploads\/2025\/03\/2-1-300x232.png 300w, https:\/\/www.maria-koenigin.de\/wordpress\/wp-content\/uploads\/2025\/03\/2-1-624x482.png 624w\" sizes=\"auto, (max-width: 640px) 100vw, 640px\" \/><\/p>\n<p><img loading=\"lazy\" decoding=\"async\" class=\"alignnone wp-image-15814\" src=\"http:\/\/www.maria-koenigin.de\/wordpress\/wp-content\/uploads\/2025\/03\/3-223x300.jpg\" alt=\"\" width=\"400\" height=\"538\" srcset=\"https:\/\/www.maria-koenigin.de\/wordpress\/wp-content\/uploads\/2025\/03\/3-223x300.jpg 223w, https:\/\/www.maria-koenigin.de\/wordpress\/wp-content\/uploads\/2025\/03\/3-624x839.jpg 624w, https:\/\/www.maria-koenigin.de\/wordpress\/wp-content\/uploads\/2025\/03\/3.jpg 640w\" sizes=\"auto, (max-width: 400px) 100vw, 400px\" \/><\/p>\n<p><a href=\"http:\/\/www.maria-koenigin.de\/?page_id=12736\">zur\u00fcck<\/a> zur \u00dcbersicht der Angebote<\/p>\n","protected":false},"excerpt":{"rendered":"<p>Im Rahmen des Projekts \u201eGesundheit ist Leben\u201c besuchen die Klassen 6 das St. Josefs-Hospital in Altenhundem, wo sie unter der Anleitung von Dr. Katja K\u00f6hler, Fach\u00e4rztin f\u00fcr Allgemeinmedizin, spannende Einblicke in die Medizin erhalten. Besonders eindrucksvoll dabei ist die Untersuchung des K\u00f6rperinneren mit einem Ultraschallger\u00e4t. Die Sch\u00fcler*innen k\u00f6nnen direkt das im Unterricht erlernte Wissen anwenden, [&hellip;]<\/p>\n","protected":false},"author":14,"featured_media":0,"parent":0,"menu_order":0,"comment_status":"closed","ping_status":"closed","template":"","meta":{"ngg_post_thumbnail":0,"_mc_calendar":[],"footnotes":""},"class_list":["post-15810","page","type-page","status-publish","hentry"],"_links":{"self":[{"href":"https:\/\/www.maria-koenigin.de\/index.php?rest_route=\/wp\/v2\/pages\/15810","targetHints":{"allow":["GET"]}}],"collection":[{"href":"https:\/\/www.maria-koenigin.de\/index.php?rest_route=\/wp\/v2\/pages"}],"about":[{"href":"https:\/\/www.maria-koenigin.de\/index.php?rest_route=\/wp\/v2\/types\/page"}],"author":[{"embeddable":true,"href":"https:\/\/www.maria-koenigin.de\/index.php?rest_route=\/wp\/v2\/users\/14"}],"replies":[{"embeddable":true,"href":"https:\/\/www.maria-koenigin.de\/index.php?rest_route=%2Fwp%2Fv2%2Fcomments&post=15810"}],"version-history":[{"count":4,"href":"https:\/\/www.maria-koenigin.de\/index.php?rest_route=\/wp\/v2\/pages\/15810\/revisions"}],"predecessor-version":[{"id":15834,"href":"https:\/\/www.maria-koenigin.de\/index.php?rest_route=\/wp\/v2\/pages\/15810\/revisions\/15834"}],"wp:attachment":[{"href":"https:\/\/www.maria-koenigin.de\/index.php?rest_route=%2Fwp%2Fv2%2Fmedia&parent=15810"}],"curies":[{"name":"wp","href":"https:\/\/api.w.org\/{rel}","templated":true}]}}