{"id":15821,"date":"2025-03-28T20:05:58","date_gmt":"2025-03-28T19:05:58","guid":{"rendered":"https:\/\/www.maria-koenigin.de\/?page_id=15821"},"modified":"2025-04-01T16:21:49","modified_gmt":"2025-04-01T14:21:49","slug":"tierische-besucher","status":"publish","type":"page","link":"https:\/\/www.maria-koenigin.de\/?page_id=15821","title":{"rendered":"Tierische Besucher"},"content":{"rendered":"<p style=\"text-align: justify;\">Ein Unterrichtsvorhaben des Biologieunterrichts in der Klasse 5 besch\u00e4ftigt sich mit \u201eWirbeltieren in meiner Umgebung\u201c. Die Sch\u00fcler*innen lernen im Inhaltsfeld \u201eVielfalt und Angepasstheiten von Lebewesen\u201c die Wirbeltierklassen sowie ihre charakteristischen Merkmale und Lebensweisen kennen. Als Vertreter der S\u00e4ugetiere werden einige Haus- und Nutztiere wie z. B. Katzen, Hunde, Rinder und Pferde thematisiert.<\/p>\n<p><img loading=\"lazy\" decoding=\"async\" class=\"alignnone wp-image-15822 size-full\" src=\"http:\/\/www.maria-koenigin.de\/wordpress\/wp-content\/uploads\/2025\/03\/5-1.png\" alt=\"\" width=\"1187\" height=\"890\" srcset=\"https:\/\/www.maria-koenigin.de\/wordpress\/wp-content\/uploads\/2025\/03\/5-1.png 1187w, https:\/\/www.maria-koenigin.de\/wordpress\/wp-content\/uploads\/2025\/03\/5-1-300x225.png 300w, https:\/\/www.maria-koenigin.de\/wordpress\/wp-content\/uploads\/2025\/03\/5-1-1024x768.png 1024w, https:\/\/www.maria-koenigin.de\/wordpress\/wp-content\/uploads\/2025\/03\/5-1-768x576.png 768w, https:\/\/www.maria-koenigin.de\/wordpress\/wp-content\/uploads\/2025\/03\/5-1-624x468.png 624w\" sizes=\"auto, (max-width: 1187px) 100vw, 1187px\" \/><\/p>\n<p class=\"\" style=\"text-align: justify;\" data-start=\"115\" data-end=\"420\">Hunde eignen sich aufgrund ihrer engen Beziehung zum Menschen, ihrer vielf\u00e4ltigen F\u00e4higkeiten und ihrer biologischen Eigenschaften besonders gut, um grundlegende biologische Konzepte anschaulich, praxisnah und lebendig zu vermitteln \u2013 wobei der respektvolle Umgang mit Tieren stets im Vordergrund steht.<\/p>\n<p style=\"text-align: justify;\">Der Besuch von Hundehaltern mit ihren treuen Vierbeinern zeigt den Sch\u00fcler*innen die Vielf\u00e4ltigkeit der Hunderassen und bietet ihnen zugleich die M\u00f6glichkeit, bereits Gelerntes, z. B. \u00fcber den K\u00f6rperbau, das Raubtiergebiss und Verhaltensweisen, wiederzuerkennen. Gleichzeitig k\u00f6nnen die Sch\u00fcler*innen den Hundebesitzern Fragen zur Haltung, Ern\u00e4hrung, Pflege und Erziehung der Hunde sowie zu deren Besonderheiten stellen. Dieser Aspekt bietet zudem Ankn\u00fcpfungspunkte an das n\u00e4chste Unterrichtsvorhaben \u201eTiergerechter Umgang\u201c.<\/p>\n<p>Manchmal haben wir auch gr\u00f6\u00dfere Besucher bei uns zu Gast &#x1f60a;:<\/p>\n<p><img loading=\"lazy\" decoding=\"async\" class=\"alignnone wp-image-15927 size-full\" src=\"http:\/\/www.maria-koenigin.de\/wordpress\/wp-content\/uploads\/2025\/04\/Pferd8.jpg\" alt=\"\" width=\"2362\" height=\"1574\" srcset=\"https:\/\/www.maria-koenigin.de\/wordpress\/wp-content\/uploads\/2025\/04\/Pferd8.jpg 2362w, https:\/\/www.maria-koenigin.de\/wordpress\/wp-content\/uploads\/2025\/04\/Pferd8-300x200.jpg 300w, https:\/\/www.maria-koenigin.de\/wordpress\/wp-content\/uploads\/2025\/04\/Pferd8-1024x682.jpg 1024w, https:\/\/www.maria-koenigin.de\/wordpress\/wp-content\/uploads\/2025\/04\/Pferd8-768x512.jpg 768w, https:\/\/www.maria-koenigin.de\/wordpress\/wp-content\/uploads\/2025\/04\/Pferd8-1536x1024.jpg 1536w, https:\/\/www.maria-koenigin.de\/wordpress\/wp-content\/uploads\/2025\/04\/Pferd8-2048x1365.jpg 2048w, https:\/\/www.maria-koenigin.de\/wordpress\/wp-content\/uploads\/2025\/04\/Pferd8-624x416.jpg 624w\" sizes=\"auto, (max-width: 2362px) 100vw, 2362px\" \/><\/p>\n<p><a href=\"http:\/\/www.maria-koenigin.de\/?page_id=12736\">zur\u00fcck<\/a> zur \u00dcbersicht der Angebote<\/p>\n","protected":false},"excerpt":{"rendered":"<p>Ein Unterrichtsvorhaben des Biologieunterrichts in der Klasse 5 besch\u00e4ftigt sich mit \u201eWirbeltieren in meiner Umgebung\u201c. Die Sch\u00fcler*innen lernen im Inhaltsfeld \u201eVielfalt und Angepasstheiten von Lebewesen\u201c die Wirbeltierklassen sowie ihre charakteristischen Merkmale und Lebensweisen kennen. Als Vertreter der S\u00e4ugetiere werden einige Haus- und Nutztiere wie z. B. Katzen, Hunde, Rinder und Pferde thematisiert. Hunde eignen sich [&hellip;]<\/p>\n","protected":false},"author":14,"featured_media":0,"parent":0,"menu_order":0,"comment_status":"closed","ping_status":"closed","template":"","meta":{"ngg_post_thumbnail":0,"_mc_calendar":[],"footnotes":""},"class_list":["post-15821","page","type-page","status-publish","hentry"],"_links":{"self":[{"href":"https:\/\/www.maria-koenigin.de\/index.php?rest_route=\/wp\/v2\/pages\/15821","targetHints":{"allow":["GET"]}}],"collection":[{"href":"https:\/\/www.maria-koenigin.de\/index.php?rest_route=\/wp\/v2\/pages"}],"about":[{"href":"https:\/\/www.maria-koenigin.de\/index.php?rest_route=\/wp\/v2\/types\/page"}],"author":[{"embeddable":true,"href":"https:\/\/www.maria-koenigin.de\/index.php?rest_route=\/wp\/v2\/users\/14"}],"replies":[{"embeddable":true,"href":"https:\/\/www.maria-koenigin.de\/index.php?rest_route=%2Fwp%2Fv2%2Fcomments&post=15821"}],"version-history":[{"count":4,"href":"https:\/\/www.maria-koenigin.de\/index.php?rest_route=\/wp\/v2\/pages\/15821\/revisions"}],"predecessor-version":[{"id":15928,"href":"https:\/\/www.maria-koenigin.de\/index.php?rest_route=\/wp\/v2\/pages\/15821\/revisions\/15928"}],"wp:attachment":[{"href":"https:\/\/www.maria-koenigin.de\/index.php?rest_route=%2Fwp%2Fv2%2Fmedia&parent=15821"}],"curies":[{"name":"wp","href":"https:\/\/api.w.org\/{rel}","templated":true}]}}