{"id":15836,"date":"2025-03-29T07:35:51","date_gmt":"2025-03-29T06:35:51","guid":{"rendered":"https:\/\/www.maria-koenigin.de\/?page_id=15836"},"modified":"2025-04-01T16:50:07","modified_gmt":"2025-04-01T14:50:07","slug":"die-offene-mintuer","status":"publish","type":"page","link":"https:\/\/www.maria-koenigin.de\/?page_id=15836","title":{"rendered":"Die offene MINT\u00fcr"},"content":{"rendered":"<h1 data-start=\"100\" data-end=\"347\">Zeit und Raum f\u00fcr deine MINT-Projekte!<\/h1>\n<p class=\"\" style=\"text-align: justify;\" data-start=\"100\" data-end=\"347\">Bist du an MINT-Projekten interessiert? M\u00f6chtest du an der Digital-AG teilnehmen? Arbeitest du gerade an einem Wettbewerb, einem Schulprojekt oder sogar an einem eigenen Forschungsprojekt? Dann bist du bei der offenen MINT\u00fcr genau richtig!<\/p>\n<p data-start=\"100\" data-end=\"347\"><img loading=\"lazy\" decoding=\"async\" class=\"alignnone wp-image-15840 size-full\" src=\"http:\/\/www.maria-koenigin.de\/wordpress\/wp-content\/uploads\/2025\/03\/20250317_124956-scaled.jpg\" alt=\"\" width=\"2560\" height=\"1920\" srcset=\"https:\/\/www.maria-koenigin.de\/wordpress\/wp-content\/uploads\/2025\/03\/20250317_124956-scaled.jpg 2560w, https:\/\/www.maria-koenigin.de\/wordpress\/wp-content\/uploads\/2025\/03\/20250317_124956-300x225.jpg 300w, https:\/\/www.maria-koenigin.de\/wordpress\/wp-content\/uploads\/2025\/03\/20250317_124956-1024x768.jpg 1024w, https:\/\/www.maria-koenigin.de\/wordpress\/wp-content\/uploads\/2025\/03\/20250317_124956-768x576.jpg 768w, https:\/\/www.maria-koenigin.de\/wordpress\/wp-content\/uploads\/2025\/03\/20250317_124956-1536x1152.jpg 1536w, https:\/\/www.maria-koenigin.de\/wordpress\/wp-content\/uploads\/2025\/03\/20250317_124956-2048x1536.jpg 2048w, https:\/\/www.maria-koenigin.de\/wordpress\/wp-content\/uploads\/2025\/03\/20250317_124956-624x468.jpg 624w\" sizes=\"auto, (max-width: 2560px) 100vw, 2560px\" \/><\/p>\n<p class=\"\" style=\"text-align: justify;\" data-start=\"349\" data-end=\"734\">Jeden Dienstag in der 7. und 8. Stunde \u00f6ffnet unser Technikraum seine T\u00fcren f\u00fcr dich. Hier kannst du eine Vielzahl an Werkzeugen nutzen. Neben Tablets und Laptops stehen dir auch klassische Werkzeugk\u00e4sten mit Schraubenziehern, Zangen und mehr zur Verf\u00fcgung. Au\u00dferdem kannst du unsere 3D-Drucker, L\u00f6tstationen und Smart Sensoren nutzen \u2013 und wie du wei\u00dft: Im Technikraum d\u00fcrfen auch mal Sp\u00e4ne fallen!<\/p>\n<p data-start=\"349\" data-end=\"734\"><img loading=\"lazy\" decoding=\"async\" class=\"alignnone wp-image-15842 size-full\" src=\"http:\/\/www.maria-koenigin.de\/wordpress\/wp-content\/uploads\/2025\/03\/20250211_135152-scaled.jpg\" alt=\"\" width=\"2560\" height=\"1920\" srcset=\"https:\/\/www.maria-koenigin.de\/wordpress\/wp-content\/uploads\/2025\/03\/20250211_135152-scaled.jpg 2560w, https:\/\/www.maria-koenigin.de\/wordpress\/wp-content\/uploads\/2025\/03\/20250211_135152-300x225.jpg 300w, https:\/\/www.maria-koenigin.de\/wordpress\/wp-content\/uploads\/2025\/03\/20250211_135152-1024x768.jpg 1024w, https:\/\/www.maria-koenigin.de\/wordpress\/wp-content\/uploads\/2025\/03\/20250211_135152-768x576.jpg 768w, https:\/\/www.maria-koenigin.de\/wordpress\/wp-content\/uploads\/2025\/03\/20250211_135152-1536x1152.jpg 1536w, https:\/\/www.maria-koenigin.de\/wordpress\/wp-content\/uploads\/2025\/03\/20250211_135152-2048x1536.jpg 2048w, https:\/\/www.maria-koenigin.de\/wordpress\/wp-content\/uploads\/2025\/03\/20250211_135152-624x468.jpg 624w\" sizes=\"auto, (max-width: 2560px) 100vw, 2560px\" \/><\/p>\n<p class=\"\" style=\"text-align: justify;\" data-start=\"736\" data-end=\"960\">Falls du lieber flexibel arbeiten m\u00f6chtest, kannst du mit deinen Fachlehrer*innen einen individuellen Termin im Technikraum vereinbaren. Trage dich dazu einfach in die Liste im Sekretariat ein und hole dir einen Schl\u00fcssel.<\/p>\n<p class=\"\" data-start=\"962\" data-end=\"1145\">Und falls dein Projekt mehr Zeit braucht \u2013 kein Problem! Du kannst deine Experimente oder Konstruktionen einfach stehen lassen und zu einem sp\u00e4teren Zeitpunkt weiter daran arbeiten.<\/p>\n<p class=\"\" data-start=\"1147\" data-end=\"1226\">Nutze die M\u00f6glichkeiten der offenen MINT\u00fcr und bring deine Ideen zum Leben!<\/p>\n<p data-start=\"1147\" data-end=\"1226\"><img loading=\"lazy\" decoding=\"async\" class=\"alignnone wp-image-15841 size-full\" src=\"http:\/\/www.maria-koenigin.de\/wordpress\/wp-content\/uploads\/2025\/03\/20250219_104906-scaled.jpg\" alt=\"\" width=\"2560\" height=\"1920\" srcset=\"https:\/\/www.maria-koenigin.de\/wordpress\/wp-content\/uploads\/2025\/03\/20250219_104906-scaled.jpg 2560w, https:\/\/www.maria-koenigin.de\/wordpress\/wp-content\/uploads\/2025\/03\/20250219_104906-300x225.jpg 300w, https:\/\/www.maria-koenigin.de\/wordpress\/wp-content\/uploads\/2025\/03\/20250219_104906-1024x768.jpg 1024w, https:\/\/www.maria-koenigin.de\/wordpress\/wp-content\/uploads\/2025\/03\/20250219_104906-768x576.jpg 768w, https:\/\/www.maria-koenigin.de\/wordpress\/wp-content\/uploads\/2025\/03\/20250219_104906-1536x1152.jpg 1536w, https:\/\/www.maria-koenigin.de\/wordpress\/wp-content\/uploads\/2025\/03\/20250219_104906-2048x1536.jpg 2048w, https:\/\/www.maria-koenigin.de\/wordpress\/wp-content\/uploads\/2025\/03\/20250219_104906-624x468.jpg 624w\" sizes=\"auto, (max-width: 2560px) 100vw, 2560px\" \/><\/p>\n<p data-start=\"1147\" data-end=\"1226\"><img loading=\"lazy\" decoding=\"async\" class=\"alignnone wp-image-15839 size-full\" src=\"http:\/\/www.maria-koenigin.de\/wordpress\/wp-content\/uploads\/2025\/03\/20250224_124428-scaled.jpg\" alt=\"\" width=\"2560\" height=\"1920\" srcset=\"https:\/\/www.maria-koenigin.de\/wordpress\/wp-content\/uploads\/2025\/03\/20250224_124428-scaled.jpg 2560w, https:\/\/www.maria-koenigin.de\/wordpress\/wp-content\/uploads\/2025\/03\/20250224_124428-300x225.jpg 300w, https:\/\/www.maria-koenigin.de\/wordpress\/wp-content\/uploads\/2025\/03\/20250224_124428-1024x768.jpg 1024w, https:\/\/www.maria-koenigin.de\/wordpress\/wp-content\/uploads\/2025\/03\/20250224_124428-768x576.jpg 768w, https:\/\/www.maria-koenigin.de\/wordpress\/wp-content\/uploads\/2025\/03\/20250224_124428-1536x1152.jpg 1536w, https:\/\/www.maria-koenigin.de\/wordpress\/wp-content\/uploads\/2025\/03\/20250224_124428-2048x1536.jpg 2048w, https:\/\/www.maria-koenigin.de\/wordpress\/wp-content\/uploads\/2025\/03\/20250224_124428-624x468.jpg 624w\" sizes=\"auto, (max-width: 2560px) 100vw, 2560px\" \/><\/p>\n<p data-start=\"1147\" data-end=\"1226\"><img loading=\"lazy\" decoding=\"async\" class=\"alignnone wp-image-15847 size-full\" src=\"http:\/\/www.maria-koenigin.de\/wordpress\/wp-content\/uploads\/2025\/03\/20241119_103932-scaled.jpg\" alt=\"\" width=\"2560\" height=\"1920\" srcset=\"https:\/\/www.maria-koenigin.de\/wordpress\/wp-content\/uploads\/2025\/03\/20241119_103932-scaled.jpg 2560w, https:\/\/www.maria-koenigin.de\/wordpress\/wp-content\/uploads\/2025\/03\/20241119_103932-300x225.jpg 300w, https:\/\/www.maria-koenigin.de\/wordpress\/wp-content\/uploads\/2025\/03\/20241119_103932-1024x768.jpg 1024w, https:\/\/www.maria-koenigin.de\/wordpress\/wp-content\/uploads\/2025\/03\/20241119_103932-768x576.jpg 768w, https:\/\/www.maria-koenigin.de\/wordpress\/wp-content\/uploads\/2025\/03\/20241119_103932-1536x1152.jpg 1536w, https:\/\/www.maria-koenigin.de\/wordpress\/wp-content\/uploads\/2025\/03\/20241119_103932-2048x1536.jpg 2048w, https:\/\/www.maria-koenigin.de\/wordpress\/wp-content\/uploads\/2025\/03\/20241119_103932-624x468.jpg 624w\" sizes=\"auto, (max-width: 2560px) 100vw, 2560px\" \/><\/p>\n<p data-start=\"1147\" data-end=\"1226\"><img loading=\"lazy\" decoding=\"async\" class=\"alignnone wp-image-15932 size-large\" src=\"http:\/\/www.maria-koenigin.de\/wordpress\/wp-content\/uploads\/2025\/04\/20250114_114128-1024x768.jpg\" alt=\"\" width=\"625\" height=\"469\" srcset=\"https:\/\/www.maria-koenigin.de\/wordpress\/wp-content\/uploads\/2025\/04\/20250114_114128-1024x768.jpg 1024w, https:\/\/www.maria-koenigin.de\/wordpress\/wp-content\/uploads\/2025\/04\/20250114_114128-300x225.jpg 300w, https:\/\/www.maria-koenigin.de\/wordpress\/wp-content\/uploads\/2025\/04\/20250114_114128-768x576.jpg 768w, https:\/\/www.maria-koenigin.de\/wordpress\/wp-content\/uploads\/2025\/04\/20250114_114128-1536x1152.jpg 1536w, https:\/\/www.maria-koenigin.de\/wordpress\/wp-content\/uploads\/2025\/04\/20250114_114128-2048x1536.jpg 2048w, https:\/\/www.maria-koenigin.de\/wordpress\/wp-content\/uploads\/2025\/04\/20250114_114128-624x468.jpg 624w\" sizes=\"auto, (max-width: 625px) 100vw, 625px\" \/><\/p>\n<p data-start=\"1147\" data-end=\"1226\"><img loading=\"lazy\" decoding=\"async\" class=\"alignnone wp-image-15844 size-large\" src=\"http:\/\/www.maria-koenigin.de\/wordpress\/wp-content\/uploads\/2025\/03\/IMG_20241217_125400-768x1024.jpg\" alt=\"\" width=\"625\" height=\"833\" srcset=\"https:\/\/www.maria-koenigin.de\/wordpress\/wp-content\/uploads\/2025\/03\/IMG_20241217_125400-768x1024.jpg 768w, https:\/\/www.maria-koenigin.de\/wordpress\/wp-content\/uploads\/2025\/03\/IMG_20241217_125400-225x300.jpg 225w, https:\/\/www.maria-koenigin.de\/wordpress\/wp-content\/uploads\/2025\/03\/IMG_20241217_125400-1152x1536.jpg 1152w, https:\/\/www.maria-koenigin.de\/wordpress\/wp-content\/uploads\/2025\/03\/IMG_20241217_125400-1536x2048.jpg 1536w, https:\/\/www.maria-koenigin.de\/wordpress\/wp-content\/uploads\/2025\/03\/IMG_20241217_125400-624x832.jpg 624w, https:\/\/www.maria-koenigin.de\/wordpress\/wp-content\/uploads\/2025\/03\/IMG_20241217_125400-scaled.jpg 1920w\" sizes=\"auto, (max-width: 625px) 100vw, 625px\" \/><\/p>\n<p><a href=\"http:\/\/www.maria-koenigin.de\/?page_id=12736\">zur\u00fcck<\/a> zur \u00dcbersicht der Angebote<\/p>\n","protected":false},"excerpt":{"rendered":"<p>Zeit und Raum f\u00fcr deine MINT-Projekte! Bist du an MINT-Projekten interessiert? M\u00f6chtest du an der Digital-AG teilnehmen? Arbeitest du gerade an einem Wettbewerb, einem Schulprojekt oder sogar an einem eigenen Forschungsprojekt? Dann bist du bei der offenen MINT\u00fcr genau richtig! Jeden Dienstag in der 7. und 8. Stunde \u00f6ffnet unser Technikraum seine T\u00fcren f\u00fcr dich. [&hellip;]<\/p>\n","protected":false},"author":14,"featured_media":0,"parent":0,"menu_order":0,"comment_status":"closed","ping_status":"closed","template":"","meta":{"ngg_post_thumbnail":0,"_mc_calendar":[],"footnotes":""},"class_list":["post-15836","page","type-page","status-publish","hentry"],"_links":{"self":[{"href":"https:\/\/www.maria-koenigin.de\/index.php?rest_route=\/wp\/v2\/pages\/15836","targetHints":{"allow":["GET"]}}],"collection":[{"href":"https:\/\/www.maria-koenigin.de\/index.php?rest_route=\/wp\/v2\/pages"}],"about":[{"href":"https:\/\/www.maria-koenigin.de\/index.php?rest_route=\/wp\/v2\/types\/page"}],"author":[{"embeddable":true,"href":"https:\/\/www.maria-koenigin.de\/index.php?rest_route=\/wp\/v2\/users\/14"}],"replies":[{"embeddable":true,"href":"https:\/\/www.maria-koenigin.de\/index.php?rest_route=%2Fwp%2Fv2%2Fcomments&post=15836"}],"version-history":[{"count":8,"href":"https:\/\/www.maria-koenigin.de\/index.php?rest_route=\/wp\/v2\/pages\/15836\/revisions"}],"predecessor-version":[{"id":15933,"href":"https:\/\/www.maria-koenigin.de\/index.php?rest_route=\/wp\/v2\/pages\/15836\/revisions\/15933"}],"wp:attachment":[{"href":"https:\/\/www.maria-koenigin.de\/index.php?rest_route=%2Fwp%2Fv2%2Fmedia&parent=15836"}],"curies":[{"name":"wp","href":"https:\/\/api.w.org\/{rel}","templated":true}]}}