{"id":15901,"date":"2025-03-31T17:37:53","date_gmt":"2025-03-31T15:37:53","guid":{"rendered":"https:\/\/www.maria-koenigin.de\/?page_id=15901"},"modified":"2025-04-23T15:36:47","modified_gmt":"2025-04-23T13:36:47","slug":"biologisch","status":"publish","type":"page","link":"https:\/\/www.maria-koenigin.de\/?page_id=15901","title":{"rendered":"Biologisch!"},"content":{"rendered":"<p style=\"text-align: justify;\">Der Wettbewerb \u201eBiologisch\u201c ist der landeseigene Sch\u00fclerwettbewerb zur Breitenf\u00f6rderung im Fach Biologie. Der Wettbewerb soll das Interesse an biologischen Fragestellungen und Ph\u00e4nomenen wecken und Kompetenzen im naturwissenschaftlichen Bereich f\u00f6rdern.\u00a0Er richtet sich an alle, die sich f\u00fcr die faszinierende Welt der Biologie begeistern und ihre Ideen und Projekte rund um nachhaltige und umweltfreundliche L\u00f6sungen einbringen m\u00f6chten. Es geht darum, innovative Ans\u00e4tze zu entwickeln, die unsere Umwelt schonen und die biologische Vielfalt f\u00f6rdern.<\/p>\n<p><strong>Warum mitmachen? <\/strong><\/p>\n<ul>\n<li>Ihr k\u00f6nnt eure wissenschaftlichen F\u00e4higkeiten unter Beweis stellen.<\/li>\n<li>Ihr habt die Chance, tolle Preise zu gewinnen.<\/li>\n<li>Ihr lernt, wie wichtig es ist, die Natur zu sch\u00fctzen und Verantwortung zu \u00fcbernehmen.<\/li>\n<\/ul>\n<p><strong>Wer kann teilnehmen?<\/strong><\/p>\n<p style=\"text-align: justify;\">Alle Sch\u00fclerinnen und Sch\u00fcler der Sekundarstufe 1 sind herzlich eingeladen, egal, ob ihr bereits ein Biologie-Profi seid oder einfach eure Neugierde und Kreativit\u00e4t einbringen m\u00f6chtet! Je nach Altersstufe gibt es einige Unterschiede. Es gibt in der Regel vier Aufgaben f\u00fcr alle Klassenstufen. Ab Klassenstufe 7 gibt es eine zus\u00e4tzliche Aufgabe und ab Klassenstufe 9 gibt es zwei zus\u00e4tzliche Aufgaben.<\/p>\n<p style=\"text-align: justify;\">Insbesondere f\u00fcr die Klassenstufe 7 besteht die M\u00f6glichkeit nach Absprache mit der jeweiligen Lehrperson, die Projekte w\u00e4hrend des Unterrichts im Biologievorbereitungsraum zu verfolgen.<\/p>\n<p><strong>Themenbereiche des Wettbewerbs: <\/strong><\/p>\n<ul>\n<li>Umweltschutz<\/li>\n<li>Nachhaltigkeit<\/li>\n<li>Biodiversit\u00e4t<\/li>\n<li>Innovative L\u00f6sungsans\u00e4tze f\u00fcr biologische Herausforderungen<\/li>\n<\/ul>\n<p>Wir freuen uns auf eure Ideen und Projekte!<\/p>\n<p>Die diesj\u00e4hrige Aufgabenstellung und der zur Teilnahme ben\u00f6tigte Erfassungsbogen k\u00f6nnen unter\u00a0<a href=\"http:\/\/www.bio-logisch.nrw.de\/\" target=\"_blank\" rel=\"noopener\"><strong>www.bio-logisch.nrw.de<\/strong><\/a>\u00a0heruntergeladen werden.<\/p>\n<p><a href=\"http:\/\/www.maria-koenigin.de\/?page_id=12734\">zur\u00fcck<\/a> zur \u00dcbersicht der Wettbewerbe<\/p>\n","protected":false},"excerpt":{"rendered":"<p>Der Wettbewerb \u201eBiologisch\u201c ist der landeseigene Sch\u00fclerwettbewerb zur Breitenf\u00f6rderung im Fach Biologie. Der Wettbewerb soll das Interesse an biologischen Fragestellungen und Ph\u00e4nomenen wecken und Kompetenzen im naturwissenschaftlichen Bereich f\u00f6rdern.\u00a0Er richtet sich an alle, die sich f\u00fcr die faszinierende Welt der Biologie begeistern und ihre Ideen und Projekte rund um nachhaltige und umweltfreundliche L\u00f6sungen einbringen m\u00f6chten. [&hellip;]<\/p>\n","protected":false},"author":14,"featured_media":0,"parent":0,"menu_order":0,"comment_status":"closed","ping_status":"closed","template":"","meta":{"ngg_post_thumbnail":0,"_mc_calendar":[],"footnotes":""},"class_list":["post-15901","page","type-page","status-publish","hentry"],"_links":{"self":[{"href":"https:\/\/www.maria-koenigin.de\/index.php?rest_route=\/wp\/v2\/pages\/15901","targetHints":{"allow":["GET"]}}],"collection":[{"href":"https:\/\/www.maria-koenigin.de\/index.php?rest_route=\/wp\/v2\/pages"}],"about":[{"href":"https:\/\/www.maria-koenigin.de\/index.php?rest_route=\/wp\/v2\/types\/page"}],"author":[{"embeddable":true,"href":"https:\/\/www.maria-koenigin.de\/index.php?rest_route=\/wp\/v2\/users\/14"}],"replies":[{"embeddable":true,"href":"https:\/\/www.maria-koenigin.de\/index.php?rest_route=%2Fwp%2Fv2%2Fcomments&post=15901"}],"version-history":[{"count":4,"href":"https:\/\/www.maria-koenigin.de\/index.php?rest_route=\/wp\/v2\/pages\/15901\/revisions"}],"predecessor-version":[{"id":16141,"href":"https:\/\/www.maria-koenigin.de\/index.php?rest_route=\/wp\/v2\/pages\/15901\/revisions\/16141"}],"wp:attachment":[{"href":"https:\/\/www.maria-koenigin.de\/index.php?rest_route=%2Fwp%2Fv2%2Fmedia&parent=15901"}],"curies":[{"name":"wp","href":"https:\/\/api.w.org\/{rel}","templated":true}]}}