{"id":15937,"date":"2025-04-23T09:39:29","date_gmt":"2025-04-23T07:39:29","guid":{"rendered":"https:\/\/www.maria-koenigin.de\/?page_id=15937"},"modified":"2025-04-23T15:50:11","modified_gmt":"2025-04-23T13:50:11","slug":"workshop-app-und-webentwicklung","status":"publish","type":"page","link":"https:\/\/www.maria-koenigin.de\/?page_id=15937","title":{"rendered":"Workshop: App- und Webentwicklung"},"content":{"rendered":"<p style=\"text-align: justify;\">Seit 2013 findet, durchgef\u00fchrt von der Firma Lenne.tech, f\u00fcr die Informatiksch\u00fcler der Jahrgangsstufe 9 ein Workshop zur App- und Webentwicklung statt. Dabei erlernen die Sch\u00fcler den Umgang mit dem Programm Visual Studio zur Implementierung von Webseiten mit HTML und CSS. Damit baut dieser Workshop auf den im Unterricht erworbenen Grundlagen in diesen Bereichen auf und bildet einen sch\u00f6nen Abschluss der Unterrichtsreihe. Mit einem Blick auf die Praxis wird das Einbinden unterschiedlicher online verf\u00fcgbarer Bibliotheken thematisiert, um diese gewinnbringend f\u00fcr die eigenen Webseiten einzusetzen. Neben der inhaltlichen Ebene wird im Rahmen der Berufsorientierung ein Einblick in den Beruf des Informatikers und die unterschiedlichen Fachdisziplinen gegeben.<\/p>\n<p><img loading=\"lazy\" decoding=\"async\" class=\"alignnone wp-image-15940 size-large\" src=\"http:\/\/www.maria-koenigin.de\/wordpress\/wp-content\/uploads\/2025\/04\/20241218_101121-1024x768.jpg\" alt=\"\" width=\"625\" height=\"469\" srcset=\"https:\/\/www.maria-koenigin.de\/wordpress\/wp-content\/uploads\/2025\/04\/20241218_101121-1024x768.jpg 1024w, https:\/\/www.maria-koenigin.de\/wordpress\/wp-content\/uploads\/2025\/04\/20241218_101121-300x225.jpg 300w, https:\/\/www.maria-koenigin.de\/wordpress\/wp-content\/uploads\/2025\/04\/20241218_101121-768x576.jpg 768w, https:\/\/www.maria-koenigin.de\/wordpress\/wp-content\/uploads\/2025\/04\/20241218_101121-1536x1152.jpg 1536w, https:\/\/www.maria-koenigin.de\/wordpress\/wp-content\/uploads\/2025\/04\/20241218_101121-2048x1536.jpg 2048w, https:\/\/www.maria-koenigin.de\/wordpress\/wp-content\/uploads\/2025\/04\/20241218_101121-624x468.jpg 624w\" sizes=\"auto, (max-width: 625px) 100vw, 625px\" \/><img loading=\"lazy\" decoding=\"async\" class=\"alignnone wp-image-15938 size-large\" src=\"http:\/\/www.maria-koenigin.de\/wordpress\/wp-content\/uploads\/2025\/04\/20241218_101038-1024x768.jpg\" alt=\"\" width=\"625\" height=\"469\" srcset=\"https:\/\/www.maria-koenigin.de\/wordpress\/wp-content\/uploads\/2025\/04\/20241218_101038-1024x768.jpg 1024w, https:\/\/www.maria-koenigin.de\/wordpress\/wp-content\/uploads\/2025\/04\/20241218_101038-300x225.jpg 300w, https:\/\/www.maria-koenigin.de\/wordpress\/wp-content\/uploads\/2025\/04\/20241218_101038-768x576.jpg 768w, https:\/\/www.maria-koenigin.de\/wordpress\/wp-content\/uploads\/2025\/04\/20241218_101038-1536x1152.jpg 1536w, https:\/\/www.maria-koenigin.de\/wordpress\/wp-content\/uploads\/2025\/04\/20241218_101038-2048x1536.jpg 2048w, https:\/\/www.maria-koenigin.de\/wordpress\/wp-content\/uploads\/2025\/04\/20241218_101038-624x468.jpg 624w\" sizes=\"auto, (max-width: 625px) 100vw, 625px\" \/><\/p>\n<p><a href=\"http:\/\/www.maria-koenigin.de\/?page_id=12736\">zur\u00fcck<\/a> zur \u00dcbersicht der Angebote<\/p>\n","protected":false},"excerpt":{"rendered":"<p>Seit 2013 findet, durchgef\u00fchrt von der Firma Lenne.tech, f\u00fcr die Informatiksch\u00fcler der Jahrgangsstufe 9 ein Workshop zur App- und Webentwicklung statt. Dabei erlernen die Sch\u00fcler den Umgang mit dem Programm Visual Studio zur Implementierung von Webseiten mit HTML und CSS. Damit baut dieser Workshop auf den im Unterricht erworbenen Grundlagen in diesen Bereichen auf und [&hellip;]<\/p>\n","protected":false},"author":14,"featured_media":0,"parent":0,"menu_order":0,"comment_status":"closed","ping_status":"closed","template":"","meta":{"ngg_post_thumbnail":0,"_mc_calendar":[],"footnotes":""},"class_list":["post-15937","page","type-page","status-publish","hentry"],"_links":{"self":[{"href":"https:\/\/www.maria-koenigin.de\/index.php?rest_route=\/wp\/v2\/pages\/15937","targetHints":{"allow":["GET"]}}],"collection":[{"href":"https:\/\/www.maria-koenigin.de\/index.php?rest_route=\/wp\/v2\/pages"}],"about":[{"href":"https:\/\/www.maria-koenigin.de\/index.php?rest_route=\/wp\/v2\/types\/page"}],"author":[{"embeddable":true,"href":"https:\/\/www.maria-koenigin.de\/index.php?rest_route=\/wp\/v2\/users\/14"}],"replies":[{"embeddable":true,"href":"https:\/\/www.maria-koenigin.de\/index.php?rest_route=%2Fwp%2Fv2%2Fcomments&post=15937"}],"version-history":[{"count":8,"href":"https:\/\/www.maria-koenigin.de\/index.php?rest_route=\/wp\/v2\/pages\/15937\/revisions"}],"predecessor-version":[{"id":16157,"href":"https:\/\/www.maria-koenigin.de\/index.php?rest_route=\/wp\/v2\/pages\/15937\/revisions\/16157"}],"wp:attachment":[{"href":"https:\/\/www.maria-koenigin.de\/index.php?rest_route=%2Fwp%2Fv2%2Fmedia&parent=15937"}],"curies":[{"name":"wp","href":"https:\/\/api.w.org\/{rel}","templated":true}]}}