{"id":16125,"date":"2025-04-23T16:16:44","date_gmt":"2025-04-23T14:16:44","guid":{"rendered":"https:\/\/www.maria-koenigin.de\/?page_id=16125"},"modified":"2025-04-23T16:16:44","modified_gmt":"2025-04-23T14:16:44","slug":"medienscouts-ag","status":"publish","type":"page","link":"https:\/\/www.maria-koenigin.de\/?page_id=16125","title":{"rendered":"Medienscouts-AG"},"content":{"rendered":"<p><a href=\"http:\/\/www.maria-koenigin.de\/wordpress\/wp-content\/uploads\/2025\/04\/Bildschirmfoto-2025-04-23-um-15.11.09.png\"><img loading=\"lazy\" decoding=\"async\" class=\"aligncenter size-full wp-image-16128\" src=\"http:\/\/www.maria-koenigin.de\/wordpress\/wp-content\/uploads\/2025\/04\/Bildschirmfoto-2025-04-23-um-15.11.09.png\" alt=\"\" width=\"1682\" height=\"794\" srcset=\"https:\/\/www.maria-koenigin.de\/wordpress\/wp-content\/uploads\/2025\/04\/Bildschirmfoto-2025-04-23-um-15.11.09.png 1682w, https:\/\/www.maria-koenigin.de\/wordpress\/wp-content\/uploads\/2025\/04\/Bildschirmfoto-2025-04-23-um-15.11.09-300x142.png 300w, https:\/\/www.maria-koenigin.de\/wordpress\/wp-content\/uploads\/2025\/04\/Bildschirmfoto-2025-04-23-um-15.11.09-1024x483.png 1024w, https:\/\/www.maria-koenigin.de\/wordpress\/wp-content\/uploads\/2025\/04\/Bildschirmfoto-2025-04-23-um-15.11.09-768x363.png 768w, https:\/\/www.maria-koenigin.de\/wordpress\/wp-content\/uploads\/2025\/04\/Bildschirmfoto-2025-04-23-um-15.11.09-1536x725.png 1536w, https:\/\/www.maria-koenigin.de\/wordpress\/wp-content\/uploads\/2025\/04\/Bildschirmfoto-2025-04-23-um-15.11.09-624x295.png 624w\" sizes=\"auto, (max-width: 1682px) 100vw, 1682px\" \/><\/a><em>Hat ein Begriff oder haben vielleicht gleich mehrere Schlagworte der obigen Grafik dein Interesse geweckt, dann k\u00f6nnte die Medienscout-AG genau das Richtige f\u00fcr dich sein!<\/em><\/p>\n<p style=\"text-align: justify;\">Dein Interesse im weiten Themenfeld der digitalen sowie sozialen Medien stellt eine tolle Voraussetzung dar, um nach der Ausbildung in der Medienscouts-AG das Team der Medienscouts zu bereichern.<\/p>\n<p>W\u00e4hrend der Ausbildung zum Medienscout wirst du &#8230;<\/p>\n<ul>\n<li>deine Kenntnisse im Bereich der digitalen Medien erweitern und schlie\u00dflich zur Expertin bzw. zum Experten, sodass kein Schlagwort der Grafik mehr ein Fremdwort f\u00fcr dich darstellt.<\/li>\n<li>von erfahrenen Medienscouts spielerisch und praxisorientiert ausgebildet.<\/li>\n<li>Teil eines Teams, das stetig w\u00e4chst.<\/li>\n<\/ul>\n<p><a href=\"http:\/\/www.maria-koenigin.de\/wordpress\/wp-content\/uploads\/2025\/04\/Bildschirmfoto-2025-04-23-um-15.49.05.png\"><img loading=\"lazy\" decoding=\"async\" class=\"aligncenter size-full wp-image-16158\" src=\"http:\/\/www.maria-koenigin.de\/wordpress\/wp-content\/uploads\/2025\/04\/Bildschirmfoto-2025-04-23-um-15.49.05.png\" alt=\"\" width=\"1718\" height=\"964\" srcset=\"https:\/\/www.maria-koenigin.de\/wordpress\/wp-content\/uploads\/2025\/04\/Bildschirmfoto-2025-04-23-um-15.49.05.png 1718w, https:\/\/www.maria-koenigin.de\/wordpress\/wp-content\/uploads\/2025\/04\/Bildschirmfoto-2025-04-23-um-15.49.05-300x168.png 300w, https:\/\/www.maria-koenigin.de\/wordpress\/wp-content\/uploads\/2025\/04\/Bildschirmfoto-2025-04-23-um-15.49.05-1024x575.png 1024w, https:\/\/www.maria-koenigin.de\/wordpress\/wp-content\/uploads\/2025\/04\/Bildschirmfoto-2025-04-23-um-15.49.05-768x431.png 768w, https:\/\/www.maria-koenigin.de\/wordpress\/wp-content\/uploads\/2025\/04\/Bildschirmfoto-2025-04-23-um-15.49.05-1536x862.png 1536w, https:\/\/www.maria-koenigin.de\/wordpress\/wp-content\/uploads\/2025\/04\/Bildschirmfoto-2025-04-23-um-15.49.05-624x350.png 624w\" sizes=\"auto, (max-width: 1718px) 100vw, 1718px\" \/><\/a><\/p>\n<p>Ist die Ausbildung abgeschlossen, wirst du in einem zweiten Schritt &#8230;<\/p>\n<ul>\n<li>in deiner neuen Funktion als Medienscout im Rahmen der Sch\u00fclersprechstunde, in Workshops, &#8230; durchstarten.<\/li>\n<li>neue Ideen im Hinblick auf aktuell laufende oder zuk\u00fcnftige Projekte einbringen und die Arbeit der Medienscouts auf diese Weise verbessern.<\/li>\n<li>Vorbild und Ansprechpartnerin bzw. Ansprechpartner f\u00fcr (j\u00fcngere) Mitsch\u00fclerinnen und Mitsch\u00fcler sein.<\/li>\n<\/ul>\n<p style=\"text-align: justify;\">Je nach Anzahl interessierter Sch\u00fclerinnen und Sch\u00fcler findet die Medienscouts-AG im Rahmen des normalen AG-Betriebs in der Doppelstunde alle zwei Wochen, als Blockveranstaltung an vier l\u00e4ngeren Tagen oder \u00fcber einen l\u00e4ngeren Zeitraum im Rahmen der Begleitung aktueller Medienscouts statt. In einer Einf\u00fchrungsveranstaltung am Anfang des Schuljahrs wird das Format der AG besprochen.<\/p>\n<p>Bei Interesse k\u00f6nnen dir folgende Ansprechpartner genauere Informationen geben:<\/p>\n<ul>\n<li>Jennifer Stahl<\/li>\n<li>Andr\u00e9 Bertels<\/li>\n<li>Daniel Eickhoff<\/li>\n<\/ul>\n<p>Wir w\u00fcrden uns sehr freuen, wenn wir dich als Teil unseres Teams begr\u00fc\u00dfen d\u00fcrften!<\/p>\n<p><a href=\"http:\/\/www.maria-koenigin.de\/?page_id=12732\">zur\u00fcck<\/a> zur AG \u00dcbersicht<\/p>\n","protected":false},"excerpt":{"rendered":"<p>Hat ein Begriff oder haben vielleicht gleich mehrere Schlagworte der obigen Grafik dein Interesse geweckt, dann k\u00f6nnte die Medienscout-AG genau das Richtige f\u00fcr dich sein! Dein Interesse im weiten Themenfeld der digitalen sowie sozialen Medien stellt eine tolle Voraussetzung dar, um nach der Ausbildung in der Medienscouts-AG das Team der Medienscouts zu bereichern. W\u00e4hrend der [&hellip;]<\/p>\n","protected":false},"author":13,"featured_media":0,"parent":0,"menu_order":0,"comment_status":"closed","ping_status":"closed","template":"","meta":{"ngg_post_thumbnail":0,"_mc_calendar":[],"footnotes":""},"class_list":["post-16125","page","type-page","status-publish","hentry"],"_links":{"self":[{"href":"https:\/\/www.maria-koenigin.de\/index.php?rest_route=\/wp\/v2\/pages\/16125","targetHints":{"allow":["GET"]}}],"collection":[{"href":"https:\/\/www.maria-koenigin.de\/index.php?rest_route=\/wp\/v2\/pages"}],"about":[{"href":"https:\/\/www.maria-koenigin.de\/index.php?rest_route=\/wp\/v2\/types\/page"}],"author":[{"embeddable":true,"href":"https:\/\/www.maria-koenigin.de\/index.php?rest_route=\/wp\/v2\/users\/13"}],"replies":[{"embeddable":true,"href":"https:\/\/www.maria-koenigin.de\/index.php?rest_route=%2Fwp%2Fv2%2Fcomments&post=16125"}],"version-history":[{"count":5,"href":"https:\/\/www.maria-koenigin.de\/index.php?rest_route=\/wp\/v2\/pages\/16125\/revisions"}],"predecessor-version":[{"id":16181,"href":"https:\/\/www.maria-koenigin.de\/index.php?rest_route=\/wp\/v2\/pages\/16125\/revisions\/16181"}],"wp:attachment":[{"href":"https:\/\/www.maria-koenigin.de\/index.php?rest_route=%2Fwp%2Fv2%2Fmedia&parent=16125"}],"curies":[{"name":"wp","href":"https:\/\/api.w.org\/{rel}","templated":true}]}}