{"id":32,"date":"2014-07-29T18:44:57","date_gmt":"2014-07-29T16:44:57","guid":{"rendered":"http:\/\/mkwordpress.bertels-online.com\/?page_id=32"},"modified":"2025-10-15T00:49:57","modified_gmt":"2025-10-14T22:49:57","slug":"foerderverein","status":"publish","type":"page","link":"https:\/\/www.maria-koenigin.de\/?page_id=32","title":{"rendered":"F\u00f6rderverein"},"content":{"rendered":"<p style=\"text-align: justify;\">Das Gymnasium Maria K\u00f6nigin ist eine Schule in katholischer Tr\u00e4gerschaft. Die Missionare von der Heiligen Familie haben die Schule in jeder Hinsicht auf das Beste ausgestattet und die dazu notwendigen Mittel bereitgestellt. Der heutige Tr\u00e4gerverein setzt die Arbeit im Sinne und mit Hilfe der Patres fort.<\/p>\n<p style=\"text-align: justify;\">Um diese guten Voraussetzungen zu erhalten und fortzuentwickeln, wurde 1968 &#8211; ein Jahr nach der Gr\u00fcndung des Gymnasiums Maria K\u00f6nigin &#8211; der Verein der Freunde und F\u00f6rderer, kurz der F\u00f6rderverein, ins Leben gerufen.<\/p>\n<p style=\"text-align: justify;\">&nbsp;Dem Vorstand geh\u00f6ren derzeit an:<\/p>\n<ul>\n<li style=\"text-align: justify;\">Vorsitzender: Markus Zimmermann<\/li>\n<li style=\"text-align: justify;\">stellvertretende Vorsitzende: Michaela Rickert<\/li>\n<li style=\"text-align: justify;\">Gesch\u00e4ftsf\u00fchrerin: Miriam Wirtz<\/li>\n<li style=\"text-align: justify;\">Beisitzer: Diana Hanses, Natascha Thiedemann, Hans-Gerd Mummel, Jan Fabian Borys<\/li>\n<\/ul>\n<p>Mitglieder sind Eltern unserer Sch\u00fclerinnen und Sch\u00fcler, die heute das Gymnasium Maria K\u00f6niginbesuchen, die Eltern der \u201eEhemaligen\u201c sowie diese selbst, Mitglieder des Kollegiums und Freunde von Maria K\u00f6nigin.<\/p>\n<p style=\"text-align: justify;\">Erfreulicherweise ist die Mitgliederzahl \u00fcber die Zahl der Sch\u00fclerinnen und Sch\u00fcler hinausgewachsen.<\/p>\n<p style=\"text-align: justify;\">Der Mindestbeitrag liegt bei 13,- Euro. Im Durchschnitt zahlte jedoch in der Vergangenheit jedes Mitglied einen Jahresbeitrag von fast 25,- Euro. In Zeiten geringerer \u00f6ffentlicher Zusch\u00fcsse sind wir verst\u00e4rkt auf Ihre finanzielle Unterst\u00fctzung angewiesen!<\/p>\n<p style=\"text-align: justify;\">Der F\u00f6rderverein unterst\u00fctzt die Arbeit der Schule in vielf\u00e4ltiger Weise. Die dem Verein zur Verf\u00fcgung stehenden Finanzmittel wurden bzw. werden entsprechend der Satzung besonders eingesetzt f\u00fcr:<\/p>\n<p style=\"text-align: justify;\">Bereitstellung von Mitteln zur Verbesserung und Erweiterung der Einrichtung und Ausstattung der Schule:<\/p>\n<ul style=\"text-align: justify;\">\n<li>Einrichtung der Sch\u00fclercafeteria<\/li>\n<li>gro\u00dfe Theaterb\u00fchne<\/li>\n<li>Zweiradunterstand<\/li>\n<li>Ausstattung der Naturwissenschaften<\/li>\n<li>Medienausstattung<\/li>\n<li>Schul &#8211; \/ Sch\u00fclerbibliothek<\/li>\n<li>Kletterwand in der Sporthalle<\/li>\n<\/ul>\n<p style=\"text-align: justify;\">F\u00f6rderung erzieherischer, musischer und sportlicher Veranstaltungen:<\/p>\n<ul style=\"text-align: justify;\">\n<li>Unterst\u00fctzung bed\u00fcrftiger Sch\u00fcler bei Klassen- und Studienfahrten sowie Austauschen<\/li>\n<li>Fahrten zu religi\u00f6sen Freizeiten, Theaterauff\u00fchrungen, Sportveranstaltungen<\/li>\n<li>zentrale Veranstaltungen besonderer Gruppen, z.B.: Schulorchester, Schulchor, Schwarzes Theater, Theater &#8211; AG, Sportveranstaltungen<\/li>\n<\/ul>\n<p style=\"text-align: justify;\">Unterst\u00fctzung der Schule in ihren Erziehungsaufgaben<\/p>\n<ul style=\"text-align: justify;\">\n<li>Kontaktpflege zwischen Schulleitung, Eltern, ehemaligen Sch\u00fclern sowie privater und \u00f6ffentlicher Stelle<\/li>\n<\/ul>\n<p><img loading=\"lazy\" decoding=\"async\" class=\"alignnone wp-image-15383 size-large\" src=\"http:\/\/www.maria-koenigin.de\/wordpress\/wp-content\/uploads\/2025\/02\/POSTER-1-X-1M-Foerderverein-1-1024x1024.jpg\" alt=\"\" width=\"625\" height=\"625\" srcset=\"https:\/\/www.maria-koenigin.de\/wordpress\/wp-content\/uploads\/2025\/02\/POSTER-1-X-1M-Foerderverein-1-1024x1024.jpg 1024w, https:\/\/www.maria-koenigin.de\/wordpress\/wp-content\/uploads\/2025\/02\/POSTER-1-X-1M-Foerderverein-1-300x300.jpg 300w, https:\/\/www.maria-koenigin.de\/wordpress\/wp-content\/uploads\/2025\/02\/POSTER-1-X-1M-Foerderverein-1-150x150.jpg 150w, https:\/\/www.maria-koenigin.de\/wordpress\/wp-content\/uploads\/2025\/02\/POSTER-1-X-1M-Foerderverein-1-768x768.jpg 768w, https:\/\/www.maria-koenigin.de\/wordpress\/wp-content\/uploads\/2025\/02\/POSTER-1-X-1M-Foerderverein-1-1536x1536.jpg 1536w, https:\/\/www.maria-koenigin.de\/wordpress\/wp-content\/uploads\/2025\/02\/POSTER-1-X-1M-Foerderverein-1-2048x2048.jpg 2048w, https:\/\/www.maria-koenigin.de\/wordpress\/wp-content\/uploads\/2025\/02\/POSTER-1-X-1M-Foerderverein-1-624x624.jpg 624w\" sizes=\"auto, (max-width: 625px) 100vw, 625px\" \/><\/p>\n<p style=\"text-align: justify;\">Bei seinen Entscheidungen \u00fcber die Mittelzusage l\u00e4sst sich der Vorstand von folgenden Kriterien leiten:&nbsp;&nbsp; Erleichtert die Ma\u00dfnahme die Arbeit von Schultr\u00e4ger, Schulleitung, Lehrern und Sch\u00fclern?<\/p>\n<p style=\"text-align: justify;\">Tr\u00e4gt die Ma\u00dfnahme zur zeitlichen und finanziellen Entlastung stark beanspruchter Personen der Schulgemeinde bei?<\/p>\n<p style=\"text-align: justify;\">Kann die Ma\u00dfnahme zur Imagebildung und Attraktivierung unserer Schule in der \u00d6ffentlichkeit beitragen?<\/p>\n<p style=\"text-align: justify;\">F\u00f6rdert die Ma\u00dfnahme die Verwirklichung der besonderen Ziele, an denen das Gymnasium Maria K\u00f6nigin seine Erziehungs- und Bildungsziele orientiert?<\/p>\n<p style=\"text-align: justify;\">Ist die Ma\u00dfnahme satzungskonform?<\/p>\n<p style=\"text-align: justify;\">Unser Anliegen: Das Anliegen des Vereins der Freunde und F\u00f6rderer des Gymnasiums Maria K\u00f6nigin ist es, durch das Beisteuern namhafter Betr\u00e4ge zu den unterschiedlichsten Projekten, das Schulleben \u00fcber den Schulalltag hinaus zu bereichern und unseren Sch\u00fclerinnen und Sch\u00fclern den Besuch einer qualifizierten Schule in freier Tr\u00e4gerschaft zu erm\u00f6glichen!<\/p>\n<p style=\"text-align: justify;\">Wir bitten Sie sehr herzlich, unsere Arbeit durch Ihre Mitgliedschaft im F\u00f6rderverein zu unterst\u00fctzen. Der Jahresbeitrag von mindestens 13,- Euro ist steuerlich abzugsf\u00e4hig. Dankbar sind wir auch f\u00fcr h\u00f6here Beitr\u00e4ge oder Spenden. Gerne werden wir Ihnen auf Wunsch eine Spendenquittung ausstellen. Bitte f\u00fcllen Sie die beiliegende Beitrittserkl\u00e4rung zum Verein der Freunde und F\u00f6rderer des Gymnasiums Maria K\u00f6nigin aus und geben Sie diese \u00fcber den Klassenlehrer Ihres Kindes zur\u00fcck. Wir freuen uns darauf, Sie schon bald als neue Mitglieder unseres Vereins begr\u00fc\u00dfen zu k\u00f6nnen.<\/p>\n<p>Bankverbindung:<br \/>\nIBAN: DE44462516300040000671<br \/>\nBIC: WELADED1ALK<br \/>\nSparkasse Attendorn-Lennestadt-Kirchhundem<\/p>\n<p>E-Mail: vff@maria-koenigin.de<\/p>\n<p><strong>Downloads:<\/strong><\/p>\n<ul>\n<li><a href=\"http:\/\/www.maria-koenigin.de\/wordpress\/wp-content\/uploads\/2025\/10\/Beitrittserklaerung.pdf\" target=\"_blank\" rel=\"noopener noreferrer\">Beitrittserkl\u00e4rung<\/a><\/li>\n<li><a href=\"http:\/\/www.maria-koenigin.de\/wordpress\/wp-content\/dokumente\/satzung_fv_stand16.pdf\" target=\"_blank\" rel=\"noopener noreferrer\">Satzung (Stand April 2016)<\/a><\/li>\n<\/ul>\n","protected":false},"excerpt":{"rendered":"<p>Das Gymnasium Maria K\u00f6nigin ist eine Schule in katholischer Tr\u00e4gerschaft. Die Missionare von der Heiligen Familie haben die Schule in jeder Hinsicht auf das Beste ausgestattet und die dazu notwendigen Mittel bereitgestellt. Der heutige Tr\u00e4gerverein setzt die Arbeit im Sinne und mit Hilfe der Patres fort. Um diese guten Voraussetzungen zu erhalten und fortzuentwickeln, wurde [&hellip;]<\/p>\n","protected":false},"author":1,"featured_media":0,"parent":6,"menu_order":0,"comment_status":"closed","ping_status":"closed","template":"","meta":{"ngg_post_thumbnail":0,"_mc_calendar":[],"footnotes":""},"class_list":["post-32","page","type-page","status-publish","hentry"],"_links":{"self":[{"href":"https:\/\/www.maria-koenigin.de\/index.php?rest_route=\/wp\/v2\/pages\/32","targetHints":{"allow":["GET"]}}],"collection":[{"href":"https:\/\/www.maria-koenigin.de\/index.php?rest_route=\/wp\/v2\/pages"}],"about":[{"href":"https:\/\/www.maria-koenigin.de\/index.php?rest_route=\/wp\/v2\/types\/page"}],"author":[{"embeddable":true,"href":"https:\/\/www.maria-koenigin.de\/index.php?rest_route=\/wp\/v2\/users\/1"}],"replies":[{"embeddable":true,"href":"https:\/\/www.maria-koenigin.de\/index.php?rest_route=%2Fwp%2Fv2%2Fcomments&post=32"}],"version-history":[{"count":19,"href":"https:\/\/www.maria-koenigin.de\/index.php?rest_route=\/wp\/v2\/pages\/32\/revisions"}],"predecessor-version":[{"id":17031,"href":"https:\/\/www.maria-koenigin.de\/index.php?rest_route=\/wp\/v2\/pages\/32\/revisions\/17031"}],"up":[{"embeddable":true,"href":"https:\/\/www.maria-koenigin.de\/index.php?rest_route=\/wp\/v2\/pages\/6"}],"wp:attachment":[{"href":"https:\/\/www.maria-koenigin.de\/index.php?rest_route=%2Fwp%2Fv2%2Fmedia&parent=32"}],"curies":[{"name":"wp","href":"https:\/\/api.w.org\/{rel}","templated":true}]}}