{"id":38,"date":"2014-07-29T18:46:29","date_gmt":"2014-07-29T16:46:29","guid":{"rendered":"http:\/\/mkwordpress.bertels-online.com\/?page_id=38"},"modified":"2025-10-10T15:03:05","modified_gmt":"2025-10-10T13:03:05","slug":"anmeldung","status":"publish","type":"page","link":"https:\/\/www.maria-koenigin.de\/?page_id=38","title":{"rendered":"Anmeldung"},"content":{"rendered":"<h3 style=\"text-align: center;\"><strong>Anmeldetermine f\u00fcr das Schuljahr 2026\/2027<\/strong><\/h3>\n<h3 style=\"text-align: center;\"><strong>Montag, 23.02. &#8211; Freitag, 27.02.2026 von 08.00-18.00 Uhr <\/strong><span style=\"font-weight: normal;\">sowie<\/span><\/h3>\n<h3 style=\"text-align: center;\"><strong>Montag 02.03 &#8211; Mittwoch, 04.03.2026 von 08.00-15.00 Uhr.<\/strong><\/h3>\n<p style=\"text-align: justify;\">Bei der Anmeldung f\u00fcr das 5. Schuljahr bitten wir um die Vorlage\u00a0<span style=\"font-size: 1rem;\">der vier Anmeldescheine der Grundschule und der<\/span><span style=\"font-size: 1rem;\">\u00a0letzten drei Grundschulzeugnisse in Fotokopie<\/span><span style=\"font-size: 1rem;\">, um ein m\u00f6glichst umfassendes Leistungsbild ihres Kindes zu erhalten, sowie der Maser-Impfbescheinigung.<br \/>\n<\/span><\/p>\n<p>Bitte melden Sie sich telefonisch unter 02723-68780 im Sekretariat vorher an, sodass keine langen Wartezeiten entstehen. Gerne k\u00f6nnen Sie auch das <a href=\"http:\/\/www.maria-koenigin.de\/wordpress\/wp-content\/uploads\/2019\/11\/anmeldeformular_5.pdf\" target=\"_blank\" rel=\"noopener\">Anmeldeformular<\/a> schon ausgef\u00fcllt mitbringen.<\/p>\n<p>Sofern Sie und Ihre Kinder noch Informationen zu unserem Gymnasium suchen, klicken Sie einfach <a href=\"https:\/\/www.maria-koenigin.de\/?p=10235\" target=\"_blank\" rel=\"noopener\">hier<\/a>.<\/p>\n<p><span style=\"text-align: justify; font-size: 1rem;\">Sch\u00fclerinnen und Sch\u00fcler aus den Gesamt-, Sekundar-, Real- und Hauptschulen, die einen Qualifikationsvermerk f\u00fcr die gymnasiale Oberstufe erhalten, nehmen wir gerne auf. Wir bitten diese Sch\u00fclerinnen und Sch\u00fcler um Vorlage einer Kopie des Halbjahreszeugnisses \u00a0der Klasse 10.\u00a0 Bitte melden Sie sich auch in diesem Fall telefonisch unter 02723-68780 im Sekretariat vorher an. Gerne k\u00f6nnen Sie auch das <a href=\"http:\/\/www.maria-koenigin.de\/wordpress\/wp-content\/uploads\/2025\/01\/Anmeldeschein-11-MB.pdf\" target=\"_blank\" rel=\"noopener\">Anmeldeformular EF<\/a> schon ausgef\u00fcllt mitbringen.<br \/>\n<\/span><\/p>\n<p><img loading=\"lazy\" decoding=\"async\" class=\"alignnone size-full wp-image-13522\" src=\"http:\/\/www.maria-koenigin.de\/wordpress\/wp-content\/uploads\/2024\/01\/2b626257-8299-4845-8b40-9ed9b61ba9ff.jpeg\" alt=\"\" width=\"1536\" height=\"2048\" srcset=\"https:\/\/www.maria-koenigin.de\/wordpress\/wp-content\/uploads\/2024\/01\/2b626257-8299-4845-8b40-9ed9b61ba9ff.jpeg 1536w, https:\/\/www.maria-koenigin.de\/wordpress\/wp-content\/uploads\/2024\/01\/2b626257-8299-4845-8b40-9ed9b61ba9ff-225x300.jpeg 225w, https:\/\/www.maria-koenigin.de\/wordpress\/wp-content\/uploads\/2024\/01\/2b626257-8299-4845-8b40-9ed9b61ba9ff-768x1024.jpeg 768w, https:\/\/www.maria-koenigin.de\/wordpress\/wp-content\/uploads\/2024\/01\/2b626257-8299-4845-8b40-9ed9b61ba9ff-1152x1536.jpeg 1152w, https:\/\/www.maria-koenigin.de\/wordpress\/wp-content\/uploads\/2024\/01\/2b626257-8299-4845-8b40-9ed9b61ba9ff-624x832.jpeg 624w\" sizes=\"auto, (max-width: 1536px) 100vw, 1536px\" \/><\/p>\n","protected":false},"excerpt":{"rendered":"<p>Anmeldetermine f\u00fcr das Schuljahr 2026\/2027 Montag, 23.02. &#8211; Freitag, 27.02.2026 von 08.00-18.00 Uhr sowie Montag 02.03 &#8211; Mittwoch, 04.03.2026 von 08.00-15.00 Uhr. Bei der Anmeldung f\u00fcr das 5. Schuljahr bitten wir um die Vorlage\u00a0der vier Anmeldescheine der Grundschule und der\u00a0letzten drei Grundschulzeugnisse in Fotokopie, um ein m\u00f6glichst umfassendes Leistungsbild ihres Kindes zu erhalten, sowie der [&hellip;]<\/p>\n","protected":false},"author":1,"featured_media":0,"parent":6,"menu_order":0,"comment_status":"closed","ping_status":"closed","template":"","meta":{"ngg_post_thumbnail":0,"_mc_calendar":[],"footnotes":""},"class_list":["post-38","page","type-page","status-publish","hentry"],"_links":{"self":[{"href":"https:\/\/www.maria-koenigin.de\/index.php?rest_route=\/wp\/v2\/pages\/38","targetHints":{"allow":["GET"]}}],"collection":[{"href":"https:\/\/www.maria-koenigin.de\/index.php?rest_route=\/wp\/v2\/pages"}],"about":[{"href":"https:\/\/www.maria-koenigin.de\/index.php?rest_route=\/wp\/v2\/types\/page"}],"author":[{"embeddable":true,"href":"https:\/\/www.maria-koenigin.de\/index.php?rest_route=\/wp\/v2\/users\/1"}],"replies":[{"embeddable":true,"href":"https:\/\/www.maria-koenigin.de\/index.php?rest_route=%2Fwp%2Fv2%2Fcomments&post=38"}],"version-history":[{"count":42,"href":"https:\/\/www.maria-koenigin.de\/index.php?rest_route=\/wp\/v2\/pages\/38\/revisions"}],"predecessor-version":[{"id":16958,"href":"https:\/\/www.maria-koenigin.de\/index.php?rest_route=\/wp\/v2\/pages\/38\/revisions\/16958"}],"up":[{"embeddable":true,"href":"https:\/\/www.maria-koenigin.de\/index.php?rest_route=\/wp\/v2\/pages\/6"}],"wp:attachment":[{"href":"https:\/\/www.maria-koenigin.de\/index.php?rest_route=%2Fwp%2Fv2%2Fmedia&parent=38"}],"curies":[{"name":"wp","href":"https:\/\/api.w.org\/{rel}","templated":true}]}}