{"id":4822,"date":"2016-04-12T07:08:40","date_gmt":"2016-04-12T06:08:40","guid":{"rendered":"http:\/\/www.maria-koenigin.de\/?page_id=4822"},"modified":"2016-04-12T15:04:18","modified_gmt":"2016-04-12T14:04:18","slug":"vertiefungsfaecher","status":"publish","type":"page","link":"https:\/\/www.maria-koenigin.de\/?page_id=4822","title":{"rendered":"Vertiefungsf\u00e4cher"},"content":{"rendered":"<p>Vertiefungsf\u00e4cher in der Einf\u00fchrungsphase der gymnasialen Oberstufe:<\/p>\n<ul>\n<li>Mathematik<\/li>\n<li>Englisch<\/li>\n<li>Deutsch<\/li>\n<li>Latein<\/li>\n<li>Franz\u00f6sisch<\/li>\n<\/ul>\n<p style=\"text-align: justify;\">In der Einf\u00fchrungsphase m\u00fcssen Sch\u00fclerinnen und Sch\u00fcler durchschnittlich 34 Wochenstunden belegen. Alle F\u00e4cher werden in dreist\u00fcndigen Grundkursen unterrichtet. Sch\u00fclerinnen und Sch\u00fclern k\u00f6nnen zur Erf\u00fcllung der Pflichtstundenzahl zus\u00e4tzlich noch bis zu zwei Vertiefungsf\u00e4cher w\u00e4hlen. Vertiefungsunterricht wird in Form von zweist\u00fcndigen Halbjahreskursen angeboten und dient der Intensivierung der individuellen F\u00f6rderung von Kompetenzen in Deutsch, Mathematik und Fremdsprachen.<\/p>\n<p style=\"text-align: justify;\">Die Vertiefungskurse werden auf das Stundenvolumen (34 Wochenstunden pro Jahrgang) angerechnet. Sie z\u00e4hlen aber nicht als belegte Grundkurse und werden auch nicht mit den bekannten Schulnoten bewertet.<\/p>\n<p style=\"text-align: justify;\">Vom Prinzip her sind diese Vertiefungsf\u00e4cher frei w\u00e4hlbar, die zust\u00e4ndigen Fachlehrerinnen und -lehrer der Klassen 9 sprechen aber gegen\u00fcber den Sch\u00fclerinnen und Sch\u00fclern auch entsprechende Empfehlungen aus. Den \u201eSeiteneinsteigern\u201c aus Haupt- und Realschulen wird die Teilnahme je nach Zeugnisnote empfohlen. Diese Kurse k\u00f6nnen nat\u00fcrlich nur bei entsprechenden Kursgr\u00f6\u00dfen eingerichtet werden. In der Regel kommen auf jeden Fall Vertiefungskurse in den F\u00e4chern Mathematik und Englisch zustande. Vereinzelt gab es auch schon Kurse in den F\u00e4chern Deutsch und Latein.<\/p>\n<p style=\"text-align: justify;\">Vertiefungskurse werden f\u00fcr ein ganzes Schuljahr angeboten, sie k\u00f6nnen aber nach dem ersten Halbjahr abgew\u00e4hlt werden.<\/p>\n","protected":false},"excerpt":{"rendered":"<p>Vertiefungsf\u00e4cher in der Einf\u00fchrungsphase der gymnasialen Oberstufe: Mathematik Englisch Deutsch Latein Franz\u00f6sisch In der Einf\u00fchrungsphase m\u00fcssen Sch\u00fclerinnen und Sch\u00fcler durchschnittlich 34 Wochenstunden belegen. Alle F\u00e4cher werden in dreist\u00fcndigen Grundkursen unterrichtet. Sch\u00fclerinnen und Sch\u00fclern k\u00f6nnen zur Erf\u00fcllung der Pflichtstundenzahl zus\u00e4tzlich noch bis zu zwei Vertiefungsf\u00e4cher w\u00e4hlen. Vertiefungsunterricht wird in Form von zweist\u00fcndigen Halbjahreskursen angeboten und dient [&hellip;]<\/p>\n","protected":false},"author":1,"featured_media":0,"parent":1249,"menu_order":0,"comment_status":"closed","ping_status":"closed","template":"","meta":{"ngg_post_thumbnail":0,"_mc_calendar":[],"footnotes":""},"class_list":["post-4822","page","type-page","status-publish","hentry"],"_links":{"self":[{"href":"https:\/\/www.maria-koenigin.de\/index.php?rest_route=\/wp\/v2\/pages\/4822","targetHints":{"allow":["GET"]}}],"collection":[{"href":"https:\/\/www.maria-koenigin.de\/index.php?rest_route=\/wp\/v2\/pages"}],"about":[{"href":"https:\/\/www.maria-koenigin.de\/index.php?rest_route=\/wp\/v2\/types\/page"}],"author":[{"embeddable":true,"href":"https:\/\/www.maria-koenigin.de\/index.php?rest_route=\/wp\/v2\/users\/1"}],"replies":[{"embeddable":true,"href":"https:\/\/www.maria-koenigin.de\/index.php?rest_route=%2Fwp%2Fv2%2Fcomments&post=4822"}],"version-history":[{"count":1,"href":"https:\/\/www.maria-koenigin.de\/index.php?rest_route=\/wp\/v2\/pages\/4822\/revisions"}],"predecessor-version":[{"id":4823,"href":"https:\/\/www.maria-koenigin.de\/index.php?rest_route=\/wp\/v2\/pages\/4822\/revisions\/4823"}],"up":[{"embeddable":true,"href":"https:\/\/www.maria-koenigin.de\/index.php?rest_route=\/wp\/v2\/pages\/1249"}],"wp:attachment":[{"href":"https:\/\/www.maria-koenigin.de\/index.php?rest_route=%2Fwp%2Fv2%2Fmedia&parent=4822"}],"curies":[{"name":"wp","href":"https:\/\/api.w.org\/{rel}","templated":true}]}}