{"id":5483,"date":"2016-12-24T10:03:43","date_gmt":"2016-12-24T09:03:43","guid":{"rendered":"http:\/\/www.maria-koenigin.de\/?page_id=5483"},"modified":"2017-06-13T09:15:58","modified_gmt":"2017-06-13T07:15:58","slug":"ehemaligenfete","status":"publish","type":"page","link":"https:\/\/www.maria-koenigin.de\/?page_id=5483","title":{"rendered":"Ehemaligenfete"},"content":{"rendered":"<p style=\"text-align: justify;\"><img loading=\"lazy\" decoding=\"async\" class=\"alignleft size-full wp-image-6053\" src=\"http:\/\/www.maria-koenigin.de\/wordpress\/wp-content\/uploads\/2017\/05\/ehemaligen17_1.jpg\" alt=\"\" width=\"650\" height=\"433\" srcset=\"https:\/\/www.maria-koenigin.de\/wordpress\/wp-content\/uploads\/2017\/05\/ehemaligen17_1.jpg 650w, https:\/\/www.maria-koenigin.de\/wordpress\/wp-content\/uploads\/2017\/05\/ehemaligen17_1-300x200.jpg 300w, https:\/\/www.maria-koenigin.de\/wordpress\/wp-content\/uploads\/2017\/05\/ehemaligen17_1-624x416.jpg 624w\" sizes=\"auto, (max-width: 650px) 100vw, 650px\" \/><\/p>\n<p style=\"text-align: justify;\">Im Rahmen des Schuljubil\u00e4ums \u201e50 Jahre Gymnasium Maria K\u00f6nigin\u201c hatte der Ehemaligenverein zu einem Fu\u00dfballturnier und zu einer abendlichen Feier eingeladen und die Resonanz war <!--more-->\u00fcberw\u00e4ltigend. Bis in die fr\u00fchen Morgenstunden zog sich die Feier in der Altenhundemer Volksbank-Arena Sauerlandhalle. Weit \u00fcber 500 ehemalige Sch\u00fclerinnen und Sch\u00fcler waren der Einladung gefolgt, um sich wiederzusehen und in Erinnerungen zu schwelgen.<\/p>\n<p style=\"text-align: justify;\"><img loading=\"lazy\" decoding=\"async\" class=\"alignleft size-full wp-image-6054\" src=\"http:\/\/www.maria-koenigin.de\/wordpress\/wp-content\/uploads\/2017\/05\/ehemaligen17_2.jpg\" alt=\"\" width=\"650\" height=\"332\" srcset=\"https:\/\/www.maria-koenigin.de\/wordpress\/wp-content\/uploads\/2017\/05\/ehemaligen17_2.jpg 650w, https:\/\/www.maria-koenigin.de\/wordpress\/wp-content\/uploads\/2017\/05\/ehemaligen17_2-300x153.jpg 300w, https:\/\/www.maria-koenigin.de\/wordpress\/wp-content\/uploads\/2017\/05\/ehemaligen17_2-624x319.jpg 624w\" sizes=\"auto, (max-width: 650px) 100vw, 650px\" \/><br \/>\nNeben dem Vorstand des Vereins, Martin Dornseifer, Mareike Hanses, Michael Stipp, Bastian Ruhrmann und Wilfried Lahme, konnte Schulleiter Berthold Schleime in seiner kurzen Ansprache auch eine Reihe ehemaliger Lehrerinnen und Lehrer begr\u00fc\u00dfen, die zum Teil von weit her angereist waren: Bernhard Bruns, Alfons Koch, Hubert Hufnagel, Christel J\u00fcrgens, Alfred J\u00fcrgens, Susanne Eberwein, Hartmut Koch, Georg Borsch, Marie Luise Honigmann, Reinhold Mikolajczak und Tim Bernshausen.<\/p>\n<p style=\"text-align: justify;\"><img loading=\"lazy\" decoding=\"async\" class=\"alignleft size-full wp-image-6055\" src=\"http:\/\/www.maria-koenigin.de\/wordpress\/wp-content\/uploads\/2017\/05\/ehemaligen17_3.jpg\" alt=\"\" width=\"650\" height=\"308\" srcset=\"https:\/\/www.maria-koenigin.de\/wordpress\/wp-content\/uploads\/2017\/05\/ehemaligen17_3.jpg 650w, https:\/\/www.maria-koenigin.de\/wordpress\/wp-content\/uploads\/2017\/05\/ehemaligen17_3-300x142.jpg 300w, https:\/\/www.maria-koenigin.de\/wordpress\/wp-content\/uploads\/2017\/05\/ehemaligen17_3-624x296.jpg 624w\" sizes=\"auto, (max-width: 650px) 100vw, 650px\" \/><br \/>\n\u201eWo bist du jetzt, was machst du?\u201c, waren die wohl am h\u00e4ufigsten gestellten Fragen, wobei viele interessante private und berufliche Werdeg\u00e4nge zu erfahren waren. Sehr angenehm sp\u00fcrbar war den ganzen Abend die gemeinsame Vergangenheit an Maria K\u00f6nigin, die bei den meisten in bester Erinnerung war. \u201eOhne diese Schule w\u00e4re ich nicht das, was ich jetzt bin\u201c, formulierte eindrucksvoll ein Ehemaliger des ersten Abiturjahrgangs.<\/p>\n<p style=\"text-align: justify;\"><img loading=\"lazy\" decoding=\"async\" class=\"alignleft size-full wp-image-6057\" src=\"http:\/\/www.maria-koenigin.de\/wordpress\/wp-content\/uploads\/2017\/05\/ehemaligen17_5.jpg\" alt=\"\" width=\"650\" height=\"433\" srcset=\"https:\/\/www.maria-koenigin.de\/wordpress\/wp-content\/uploads\/2017\/05\/ehemaligen17_5.jpg 650w, https:\/\/www.maria-koenigin.de\/wordpress\/wp-content\/uploads\/2017\/05\/ehemaligen17_5-300x200.jpg 300w, https:\/\/www.maria-koenigin.de\/wordpress\/wp-content\/uploads\/2017\/05\/ehemaligen17_5-624x416.jpg 624w\" sizes=\"auto, (max-width: 650px) 100vw, 650px\" \/><br \/>\nF\u00fcr stimmungsvolle Musik und Beleuchtung sorgte \u201ePeaktime Showtechnik\u201c mit den ehemaligen Sch\u00fclern David F\u00e4rber, Jonas Kaufmann, Simon Oberste-Dommes und Julian Rasche. Die Bewirtung \u00fcbernahm der Sch\u00fctzenverein Altenhundem. Einhellig war die Meinung, dass man diese gelungene Feier alle vier bis f\u00fcnf Jahre wiederholen sollte.<\/p>\nngg_shortcode_0_placeholder\n","protected":false},"excerpt":{"rendered":"<p>Im Rahmen des Schuljubil\u00e4ums \u201e50 Jahre Gymnasium Maria K\u00f6nigin\u201c hatte der Ehemaligenverein zu einem Fu\u00dfballturnier und zu einer abendlichen Feier eingeladen und die Resonanz war<\/p>\n","protected":false},"author":1,"featured_media":0,"parent":0,"menu_order":0,"comment_status":"closed","ping_status":"closed","template":"","meta":{"ngg_post_thumbnail":0,"_mc_calendar":[],"footnotes":""},"class_list":["post-5483","page","type-page","status-publish","hentry"],"_links":{"self":[{"href":"https:\/\/www.maria-koenigin.de\/index.php?rest_route=\/wp\/v2\/pages\/5483","targetHints":{"allow":["GET"]}}],"collection":[{"href":"https:\/\/www.maria-koenigin.de\/index.php?rest_route=\/wp\/v2\/pages"}],"about":[{"href":"https:\/\/www.maria-koenigin.de\/index.php?rest_route=\/wp\/v2\/types\/page"}],"author":[{"embeddable":true,"href":"https:\/\/www.maria-koenigin.de\/index.php?rest_route=\/wp\/v2\/users\/1"}],"replies":[{"embeddable":true,"href":"https:\/\/www.maria-koenigin.de\/index.php?rest_route=%2Fwp%2Fv2%2Fcomments&post=5483"}],"version-history":[{"count":6,"href":"https:\/\/www.maria-koenigin.de\/index.php?rest_route=\/wp\/v2\/pages\/5483\/revisions"}],"predecessor-version":[{"id":6273,"href":"https:\/\/www.maria-koenigin.de\/index.php?rest_route=\/wp\/v2\/pages\/5483\/revisions\/6273"}],"wp:attachment":[{"href":"https:\/\/www.maria-koenigin.de\/index.php?rest_route=%2Fwp%2Fv2%2Fmedia&parent=5483"}],"curies":[{"name":"wp","href":"https:\/\/api.w.org\/{rel}","templated":true}]}}