{"id":5490,"date":"2017-01-09T17:38:38","date_gmt":"2017-01-09T16:38:38","guid":{"rendered":"http:\/\/www.maria-koenigin.de\/?page_id=5490"},"modified":"2017-01-11T08:49:33","modified_gmt":"2017-01-11T07:49:33","slug":"kindermusical","status":"publish","type":"page","link":"https:\/\/www.maria-koenigin.de\/?page_id=5490","title":{"rendered":"Kindermusical"},"content":{"rendered":"<p><u>Die R\u00fcckkehr der Zeitmaschine (Inhalt)<\/u><\/p>\n<p style=\"text-align: justify;\"><em>Christian und Petra haben von ihrer Oma eine geheimnisvolle Kiste geerbt, von der niemand wei\u00df, was sich darin befindet. Neben S\u00fc\u00dfigkeiten und alten Briefen sto\u00dfen die Kinder auf etwas Interessantes: Sie entdecken das Tagebuch ihrer Oma. Beim St\u00f6bern darin finden sie Omas Schilderungen \u00fcber ihre Reise mit einer Zeitmaschine. Sofort sind die Kinder Feuer und Flamme: Ein Ausflug in die Welt der Wikinger \u2013 was f\u00fcr ein Abenteuer! Oder wie w\u00e4re es, den Geschichten des ersten Astronauten auf dem Mond, Neil Armstrong, zu lauschen? Christian, Petra und ihre Freunde beschlie\u00dfen die Zeitmaschine zu suchen\u2026 .<\/em><\/p>\n<p style=\"text-align: justify;\"><img loading=\"lazy\" decoding=\"async\" class=\"alignnone size-full wp-image-5534\" src=\"http:\/\/www.maria-koenigin.de\/wordpress\/wp-content\/uploads\/2017\/01\/zeitm15_4.jpg\" alt=\"\" width=\"650\" height=\"433\" srcset=\"https:\/\/www.maria-koenigin.de\/wordpress\/wp-content\/uploads\/2017\/01\/zeitm15_4.jpg 650w, https:\/\/www.maria-koenigin.de\/wordpress\/wp-content\/uploads\/2017\/01\/zeitm15_4-300x200.jpg 300w, https:\/\/www.maria-koenigin.de\/wordpress\/wp-content\/uploads\/2017\/01\/zeitm15_4-624x416.jpg 624w\" sizes=\"auto, (max-width: 650px) 100vw, 650px\" \/><\/p>\n<p style=\"text-align: justify;\"><em>Werden sie die Zeitmaschine finden? Und wie bringt man sie zum Laufen? Diese und viele weitere Probleme m\u00fcssen die Kinder l\u00f6sen.<\/em><\/p>\n<p style=\"text-align: justify;\">Seit Beginn dieses Schuljahres arbeiten die Musical-AG der Unterstufe, die MK Band und die Tanz-AG mit gro\u00dfer Begeisterung an der Umsetzung dieses spannenden Sch\u00fclermusicals. Insgesamt drei Auff\u00fchrungen sind am Freitag, den 3. Februar, um 19.00 Uhr bzw. am Samstag, den 4. Februar, um 16.00 und 19.00 Uhr im PZ Meggen zu sehen. Der Eintritt betr\u00e4gt 5 \u20ac f\u00fcr Erwachsene und 2,50 \u20ac f\u00fcr Sch\u00fcler. Eine erste Kostprobe k\u00f6nnen Sch\u00fclerinnen und Sch\u00fcler der 4. Klassen bereits am Tag der offenen T\u00fcr am 21. Januar ab 9.00 Uhr im Gymnasium Maria K\u00f6nigin erleben \u2013 jedes Grundschulkind erh\u00e4lt dort auch eine Freikarte f\u00fcr eine der Auff\u00fchrungen im PZ!<\/p>\n<p style=\"text-align: right;\">Harald J\u00fcngst<\/p>\n<p style=\"text-align: left;\"><img loading=\"lazy\" decoding=\"async\" class=\"alignnone size-full wp-image-5533\" src=\"http:\/\/www.maria-koenigin.de\/wordpress\/wp-content\/uploads\/2017\/01\/zeitm15_3.jpg\" alt=\"\" width=\"650\" height=\"433\" srcset=\"https:\/\/www.maria-koenigin.de\/wordpress\/wp-content\/uploads\/2017\/01\/zeitm15_3.jpg 650w, https:\/\/www.maria-koenigin.de\/wordpress\/wp-content\/uploads\/2017\/01\/zeitm15_3-300x200.jpg 300w, https:\/\/www.maria-koenigin.de\/wordpress\/wp-content\/uploads\/2017\/01\/zeitm15_3-624x416.jpg 624w\" sizes=\"auto, (max-width: 650px) 100vw, 650px\" \/> <img loading=\"lazy\" decoding=\"async\" class=\"alignnone size-full wp-image-5532\" src=\"http:\/\/www.maria-koenigin.de\/wordpress\/wp-content\/uploads\/2017\/01\/zeitm15_2.jpg\" alt=\"\" width=\"650\" height=\"433\" srcset=\"https:\/\/www.maria-koenigin.de\/wordpress\/wp-content\/uploads\/2017\/01\/zeitm15_2.jpg 650w, https:\/\/www.maria-koenigin.de\/wordpress\/wp-content\/uploads\/2017\/01\/zeitm15_2-300x200.jpg 300w, https:\/\/www.maria-koenigin.de\/wordpress\/wp-content\/uploads\/2017\/01\/zeitm15_2-624x416.jpg 624w\" sizes=\"auto, (max-width: 650px) 100vw, 650px\" \/> <img loading=\"lazy\" decoding=\"async\" class=\"alignnone size-full wp-image-5531\" src=\"http:\/\/www.maria-koenigin.de\/wordpress\/wp-content\/uploads\/2017\/01\/zeitm15_1.jpg\" alt=\"\" width=\"650\" height=\"433\" srcset=\"https:\/\/www.maria-koenigin.de\/wordpress\/wp-content\/uploads\/2017\/01\/zeitm15_1.jpg 650w, https:\/\/www.maria-koenigin.de\/wordpress\/wp-content\/uploads\/2017\/01\/zeitm15_1-300x200.jpg 300w, https:\/\/www.maria-koenigin.de\/wordpress\/wp-content\/uploads\/2017\/01\/zeitm15_1-624x416.jpg 624w\" sizes=\"auto, (max-width: 650px) 100vw, 650px\" \/><\/p>\n","protected":false},"excerpt":{"rendered":"<p>Die R\u00fcckkehr der Zeitmaschine (Inhalt) Christian und Petra haben von ihrer Oma eine geheimnisvolle Kiste geerbt, von der niemand wei\u00df, was sich darin befindet. Neben S\u00fc\u00dfigkeiten und alten Briefen sto\u00dfen die Kinder auf etwas Interessantes: Sie entdecken das Tagebuch ihrer Oma. Beim St\u00f6bern darin finden sie Omas Schilderungen \u00fcber ihre Reise mit einer Zeitmaschine. Sofort [&hellip;]<\/p>\n","protected":false},"author":1,"featured_media":0,"parent":0,"menu_order":0,"comment_status":"closed","ping_status":"closed","template":"","meta":{"ngg_post_thumbnail":0,"_mc_calendar":[],"footnotes":""},"class_list":["post-5490","page","type-page","status-publish","hentry"],"_links":{"self":[{"href":"https:\/\/www.maria-koenigin.de\/index.php?rest_route=\/wp\/v2\/pages\/5490","targetHints":{"allow":["GET"]}}],"collection":[{"href":"https:\/\/www.maria-koenigin.de\/index.php?rest_route=\/wp\/v2\/pages"}],"about":[{"href":"https:\/\/www.maria-koenigin.de\/index.php?rest_route=\/wp\/v2\/types\/page"}],"author":[{"embeddable":true,"href":"https:\/\/www.maria-koenigin.de\/index.php?rest_route=\/wp\/v2\/users\/1"}],"replies":[{"embeddable":true,"href":"https:\/\/www.maria-koenigin.de\/index.php?rest_route=%2Fwp%2Fv2%2Fcomments&post=5490"}],"version-history":[{"count":3,"href":"https:\/\/www.maria-koenigin.de\/index.php?rest_route=\/wp\/v2\/pages\/5490\/revisions"}],"predecessor-version":[{"id":5535,"href":"https:\/\/www.maria-koenigin.de\/index.php?rest_route=\/wp\/v2\/pages\/5490\/revisions\/5535"}],"wp:attachment":[{"href":"https:\/\/www.maria-koenigin.de\/index.php?rest_route=%2Fwp%2Fv2%2Fmedia&parent=5490"}],"curies":[{"name":"wp","href":"https:\/\/api.w.org\/{rel}","templated":true}]}}