{"id":5494,"date":"2016-12-31T13:08:39","date_gmt":"2016-12-31T12:08:39","guid":{"rendered":"http:\/\/www.maria-koenigin.de\/?page_id=5494"},"modified":"2017-10-08T19:09:30","modified_gmt":"2017-10-08T17:09:30","slug":"schulfest","status":"publish","type":"page","link":"https:\/\/www.maria-koenigin.de\/?page_id=5494","title":{"rendered":"Schulfest"},"content":{"rendered":"<p style=\"text-align: justify;\">Das Schulfest am 24.09. war der H\u00f6hepunkt des Jubil\u00e4umsjahres.<\/p>\n<p style=\"text-align: justify;\">Weitaus mehr Besucher als wir erwartet hatten, kamen zum Klosterberg, um sich anzusehen, was die einzelnen Klassen und Gruppen vorbereitet hatten. Besonders \u00fcber den Besuch so vieler ehemaliger Sch\u00fclerinnen und Sch\u00fcler haben wir uns gefreut.<\/p>\n<p style=\"text-align: justify;\">Zu erleben gab es ein buntes Programm f\u00fcr Jung und Alt. Dies reichte von Theater mit der Klasse 6c und dem \u201ekleinen Herrn Moritz\u201c \u00fcber Bubble-Soccer, Mini-Carts und andere Sportangebote bis zu Escape-Rooms und einem Geschicklichkeitsparcours.<\/p>\n<p style=\"text-align: justify;\">Zahlreiche Essensangebote, von den unterschiedlichsten herzhaften Speisen bis zu einem S\u00fc\u00dfen Markt und einem riesengro\u00dfen Kuchenbuffet, von internationalen Spezialit\u00e4ten aus Spanien und Frankreich bis zur Ruhrpottcurrywurst und den schw\u00e4bischen Dampfnudeln reichte das Angebot, das teilweise schon am fr\u00fchen Nachmittag ausverkauft war.<\/p>\n<p style=\"text-align: justify;\">Das Gymnasium Maria K\u00f6nigin bedankt sich bei allen Mitwirkenden, Sch\u00fclern, Eltern, Lehrern, Unternehmen und Sponsoren, die zu diesem wunderbaren Fest beigetragen haben. &nbsp;<\/p>\n<p style=\"text-align: justify;\">Die Fotogalerie zeigt eindrucksvoll die Vielzahl der Aktivit\u00e4ten und die besondere Stimmung am 24.09.<\/p>\n<p>&nbsp;<\/p>\nngg_shortcode_0_placeholder\n","protected":false},"excerpt":{"rendered":"<p>Das Schulfest am 24.09. war der H\u00f6hepunkt des Jubil\u00e4umsjahres. Weitaus mehr Besucher als wir erwartet hatten, kamen zum Klosterberg, um sich anzusehen, was die einzelnen Klassen und Gruppen vorbereitet hatten. Besonders \u00fcber den Besuch so vieler ehemaliger Sch\u00fclerinnen und Sch\u00fcler haben wir uns gefreut. Zu erleben gab es ein buntes Programm f\u00fcr Jung und Alt. [&hellip;]<\/p>\n","protected":false},"author":1,"featured_media":0,"parent":0,"menu_order":0,"comment_status":"closed","ping_status":"closed","template":"","meta":{"ngg_post_thumbnail":0,"_mc_calendar":[],"footnotes":""},"class_list":["post-5494","page","type-page","status-publish","hentry"],"_links":{"self":[{"href":"https:\/\/www.maria-koenigin.de\/index.php?rest_route=\/wp\/v2\/pages\/5494","targetHints":{"allow":["GET"]}}],"collection":[{"href":"https:\/\/www.maria-koenigin.de\/index.php?rest_route=\/wp\/v2\/pages"}],"about":[{"href":"https:\/\/www.maria-koenigin.de\/index.php?rest_route=\/wp\/v2\/types\/page"}],"author":[{"embeddable":true,"href":"https:\/\/www.maria-koenigin.de\/index.php?rest_route=\/wp\/v2\/users\/1"}],"replies":[{"embeddable":true,"href":"https:\/\/www.maria-koenigin.de\/index.php?rest_route=%2Fwp%2Fv2%2Fcomments&post=5494"}],"version-history":[{"count":6,"href":"https:\/\/www.maria-koenigin.de\/index.php?rest_route=\/wp\/v2\/pages\/5494\/revisions"}],"predecessor-version":[{"id":6578,"href":"https:\/\/www.maria-koenigin.de\/index.php?rest_route=\/wp\/v2\/pages\/5494\/revisions\/6578"}],"wp:attachment":[{"href":"https:\/\/www.maria-koenigin.de\/index.php?rest_route=%2Fwp%2Fv2%2Fmedia&parent=5494"}],"curies":[{"name":"wp","href":"https:\/\/api.w.org\/{rel}","templated":true}]}}