{"id":65,"date":"2014-07-29T19:25:01","date_gmt":"2014-07-29T17:25:01","guid":{"rendered":"http:\/\/mkwordpress.bertels-online.com\/?page_id=65"},"modified":"2020-11-24T19:49:01","modified_gmt":"2020-11-24T18:49:01","slug":"mk-club","status":"publish","type":"page","link":"https:\/\/www.maria-koenigin.de\/?page_id=65","title":{"rendered":"MK-Club"},"content":{"rendered":"<p style=\"text-align: justify;\">Das Gymnasium Maria K\u00f6nigin hat in Zusammenarbeit mit der Volksbank Bigge-Lenne den MK-Club f\u00fcr seine Sch\u00fclerinnen und Sch\u00fcler gegr\u00fcndet. Er\u00a0soll zu einer st\u00e4rkeren Identifizierung der Sch\u00fcler mit ihrer Schule beitragen und das Gemeinschaftsgef\u00fchl st\u00e4rken. Dar\u00fcber hinaus erhalten die Mitglieder des Clubs gegen Vorlage ihrer Clubkarte und des Sch\u00fclerausweises attraktive Vorteile und Verg\u00fcnstigungen innerhalb und au\u00dferhalb der Schule.<\/p>\n<p style=\"text-align: justify;\">Schnell wird bei einem Blick auf die interessanten und vielversprechenden Aktionen (siehe unten) deutlich, dass die 5 Euro, die pro Sch\u00fcler einmalig f\u00fcr die gesamte Schulzeit bezahlt werden m\u00fcssen, schnell wieder \u201eerspart\u201c sind.<\/p>\n<p style=\"text-align: justify;\">Alle Sch\u00fclerinnen und Sch\u00fcler des Gymnasiums, von Klasse 5 bis zur Q2, k\u00f6nnen ab sofort Mitglied in diesem Club werden und bekommen eine Mitgliedskarte, mit der sie sich ausweisen k\u00f6nnen.\u00a0Anmeldungen nehmen die Mitglieder der SV montags, mittwochs und freitags in der zweiten gro\u00dfen Pause an.<\/p>\n<p style=\"text-align: justify;\"><img loading=\"lazy\" decoding=\"async\" class=\"aligncenter size-full wp-image-2759\" src=\"http:\/\/www.maria-koenigin.de\/wordpress\/wp-content\/uploads\/2014\/07\/mkcard.jpg\" alt=\"mkcard\" width=\"400\" height=\"251\" srcset=\"https:\/\/www.maria-koenigin.de\/wordpress\/wp-content\/uploads\/2014\/07\/mkcard.jpg 400w, https:\/\/www.maria-koenigin.de\/wordpress\/wp-content\/uploads\/2014\/07\/mkcard-300x188.jpg 300w\" sizes=\"auto, (max-width: 400px) 100vw, 400px\" \/><\/p>\n<p style=\"text-align: justify;\">ACHTUNG: Der Clubausweis gilt nur in Kombination mit dem blauen Sch\u00fclerausweis (inklusive eines aufgeklebten Lichtbildes), der auch im SV-Raum erworben werden kann. Dieser muss nat\u00fcrlich jedes Jahr erneuert werden, damit die Unternehmen zweifelsfrei erkennen k\u00f6nnen, dass ihr noch aktuelle Sch\u00fcler von MK seid.<\/p>\n<p style=\"text-align: justify;\">Wir w\u00fcrden uns sehr freuen, wenn m\u00f6glichst viele von Euch mitmachen!<\/p>\n<p style=\"text-align: justify;\">Eure SV<\/p>\n<p style=\"text-align: justify;\">Nun zu den Aktionen:<\/p>\n<p style=\"text-align: justify;\">Innerschulisch:<\/p>\n<ul style=\"text-align: justify;\">\n<li>Verg\u00fcnstigter Eintritt zu <em><strong>schulischen Konzert- oder Theaterauff\u00fchrungen<\/strong><\/em><\/li>\n<li>Rabatt auf die <em><strong>MK-Pullis und MK-T-Shirts<\/strong><\/em><\/li>\n<li>Nachl\u00e4sse auf diverse Aktionen der SV, z.B. Movie Night<\/li>\n<\/ul>\n<p style=\"text-align: justify;\">Au\u00dferschulisch:<\/p>\n<ul>\n<li>Beim Kauf eines Hei\u00dfgetr\u00e4nks gibt es das n\u00e4chstgr\u00f6\u00dfere anstelle des Bestellten bei <strong><em>\u201eB\u00e4ckerei Hesse\u201c<\/em><\/strong> (Hit Lennestadt, Stadtb\u00e4ckerei, Hundem-Lenne-Center).<\/li>\n<li>Bei der\u00a0<strong><em>\u201eFahrschule D\u00f6mer\u201c<\/em><\/strong> gibt es eine Fahrstunde kostenlos<strong><em>.<\/em><\/strong><\/li>\n<li>15 % Preisnachlass bei <strong><em>\u201eSport Engstfeld\u201c<\/em><\/strong> in Grevenbr\u00fcck.<\/li>\n<li>15% Preisnachlass auf Brillen (nur g\u00fcltig in Kombination mit dem Kauf von Brillengl\u00e4sern) oder Kontaktlinsen bei <strong><em>\u201eOptik Wagener\u201c<\/em><\/strong> in Schmallenberg.<\/li>\n<li>10 % Preisnachlass in der \u201e<strong><em>Buchhandlung am Rathaus\u201c<\/em><\/strong> in Finnentrop.<\/li>\n<li>5 % Preisnachlass bei \u201e<strong><em>Sport Schneider\u201c.<\/em><\/strong><\/li>\n<li>2 % Preisnachlas bei dem Elektronikgesch\u00e4ft \u201e<strong><em>Elektroland Lennestadt\u201c<\/em><\/strong>.<\/li>\n<li>F\u00fcr einen Einkauf bei <strong><em>\u201eLederwaren Harnischmacher\u201c<\/em><\/strong> erh\u00e4lt man vierfache Punkte f\u00fcr die Schatzkarte Lennestadt.<\/li>\n<\/ul>\n","protected":false},"excerpt":{"rendered":"<p>Das Gymnasium Maria K\u00f6nigin hat in Zusammenarbeit mit der Volksbank Bigge-Lenne den MK-Club f\u00fcr seine Sch\u00fclerinnen und Sch\u00fcler gegr\u00fcndet. Er\u00a0soll zu einer st\u00e4rkeren Identifizierung der Sch\u00fcler mit ihrer Schule beitragen und das Gemeinschaftsgef\u00fchl st\u00e4rken. Dar\u00fcber hinaus erhalten die Mitglieder des Clubs gegen Vorlage ihrer Clubkarte und des Sch\u00fclerausweises attraktive Vorteile und Verg\u00fcnstigungen innerhalb und au\u00dferhalb [&hellip;]<\/p>\n","protected":false},"author":1,"featured_media":0,"parent":52,"menu_order":0,"comment_status":"closed","ping_status":"closed","template":"","meta":{"ngg_post_thumbnail":0,"_mc_calendar":[],"footnotes":""},"class_list":["post-65","page","type-page","status-publish","hentry"],"_links":{"self":[{"href":"https:\/\/www.maria-koenigin.de\/index.php?rest_route=\/wp\/v2\/pages\/65","targetHints":{"allow":["GET"]}}],"collection":[{"href":"https:\/\/www.maria-koenigin.de\/index.php?rest_route=\/wp\/v2\/pages"}],"about":[{"href":"https:\/\/www.maria-koenigin.de\/index.php?rest_route=\/wp\/v2\/types\/page"}],"author":[{"embeddable":true,"href":"https:\/\/www.maria-koenigin.de\/index.php?rest_route=\/wp\/v2\/users\/1"}],"replies":[{"embeddable":true,"href":"https:\/\/www.maria-koenigin.de\/index.php?rest_route=%2Fwp%2Fv2%2Fcomments&post=65"}],"version-history":[{"count":18,"href":"https:\/\/www.maria-koenigin.de\/index.php?rest_route=\/wp\/v2\/pages\/65\/revisions"}],"predecessor-version":[{"id":9623,"href":"https:\/\/www.maria-koenigin.de\/index.php?rest_route=\/wp\/v2\/pages\/65\/revisions\/9623"}],"up":[{"embeddable":true,"href":"https:\/\/www.maria-koenigin.de\/index.php?rest_route=\/wp\/v2\/pages\/52"}],"wp:attachment":[{"href":"https:\/\/www.maria-koenigin.de\/index.php?rest_route=%2Fwp%2Fv2%2Fmedia&parent=65"}],"curies":[{"name":"wp","href":"https:\/\/api.w.org\/{rel}","templated":true}]}}