{"id":6545,"date":"2017-10-01T09:07:14","date_gmt":"2017-10-01T07:07:14","guid":{"rendered":"http:\/\/www.maria-koenigin.de\/?page_id=6545"},"modified":"2017-10-01T09:07:14","modified_gmt":"2017-10-01T07:07:14","slug":"orgelkonzert-orgel-plus","status":"publish","type":"page","link":"https:\/\/www.maria-koenigin.de\/?page_id=6545","title":{"rendered":"Orgelkonzert &#8222;Orgel Plus&#8220;"},"content":{"rendered":"<p><img loading=\"lazy\" decoding=\"async\" class=\"alignleft size-full wp-image-6548\" src=\"http:\/\/www.maria-koenigin.de\/wordpress\/wp-content\/uploads\/2017\/10\/orgelplus_trompete.jpg\" alt=\"\" height=\"433\" width=\"650\" srcset=\"https:\/\/www.maria-koenigin.de\/wordpress\/wp-content\/uploads\/2017\/10\/orgelplus_trompete.jpg 650w, https:\/\/www.maria-koenigin.de\/wordpress\/wp-content\/uploads\/2017\/10\/orgelplus_trompete-300x200.jpg 300w, https:\/\/www.maria-koenigin.de\/wordpress\/wp-content\/uploads\/2017\/10\/orgelplus_trompete-624x416.jpg 624w\" sizes=\"auto, (max-width: 650px) 100vw, 650px\" \/><\/p>\n<p style=\"text-align: justify;\">\u201eStanding ovations\u201c gab es in der Klosterkirche Maria K\u00f6nigin zum Abschluss des Konzertes \u201eOrgel plus\u201c.&nbsp; Der Applaus galt den Musikern des Abends, den ehemaligen Abiturienten Daniel Beckmann, Bianca Behle, J\u00fcrgen Poggel (alle Orgel), Juliane Beckmann (Gesang), Jonas B\u00f6hmke (Saxofon), Cordula Tr\u00f6ster-Blomberg (Querfl\u00f6te) und Andr\u00e9 Sch\u00fctte (Trompete), die aus vielen St\u00e4dten Deutschlands und sogar aus Helsinki angereist waren.&nbsp; Anl\u00e4sslich des 50-j\u00e4hrigen Schuljubil\u00e4ums des Gymnasiums boten sie ein Konzert auf einem hohen k\u00fcnstlerischen Niveau und mit einer gro\u00dfen musikalischen Vielfalt.&nbsp; Neben klassischen Werken von Heinrich Sch\u00fctz, Georg Friedrich H\u00e4ndel, Johann Sebastian Bach und Giacomo Puccini ert\u00f6nten auch Volksweisen aus Schweden und Finnland, die die Musiker aus Studienaufenthalten an dortigen Musikhochschulen mit in ihre Sauerl\u00e4nder Heimat gebracht hatten. Zwischen den St\u00fccken lasen Jule Steffen und David Assmann, beide aus der Jahrgangsstufe 11, geistliche Texte und Gedichte, die die dargebrachte Musik erg\u00e4nzten und vertieften.<\/p>\n<p><img loading=\"lazy\" decoding=\"async\" class=\"alignleft size-full wp-image-6547\" src=\"http:\/\/www.maria-koenigin.de\/wordpress\/wp-content\/uploads\/2017\/10\/orgelplus_ansager.jpg\" alt=\"\" height=\"434\" width=\"650\" srcset=\"https:\/\/www.maria-koenigin.de\/wordpress\/wp-content\/uploads\/2017\/10\/orgelplus_ansager.jpg 650w, https:\/\/www.maria-koenigin.de\/wordpress\/wp-content\/uploads\/2017\/10\/orgelplus_ansager-300x200.jpg 300w, https:\/\/www.maria-koenigin.de\/wordpress\/wp-content\/uploads\/2017\/10\/orgelplus_ansager-624x417.jpg 624w\" sizes=\"auto, (max-width: 650px) 100vw, 650px\" \/><\/p>\n<p style=\"text-align: justify;\">Mit dem Konzert, das Musiklehrer Harald J\u00fcngst organisiert hatte, sollte im Jubil\u00e4umsjahr der Schule auch die Orgel der Klosterkirche ins Bewusstsein ger\u00fcckt werden, die als sehr gut klingendes Instrument gilt. F\u00fcr besondere Freude sorgte auch der Besuch der Patres der Heiligen Familie, Heinrich B\u00fcdenbender, Egon F\u00e4rber, Johannes Nies und Josef Vodde.<\/p>\n<p><img loading=\"lazy\" decoding=\"async\" class=\"alignleft size-full wp-image-6546\" src=\"http:\/\/www.maria-koenigin.de\/wordpress\/wp-content\/uploads\/2017\/10\/orgelplus_alle.jpg\" alt=\"\" height=\"434\" width=\"650\" srcset=\"https:\/\/www.maria-koenigin.de\/wordpress\/wp-content\/uploads\/2017\/10\/orgelplus_alle.jpg 650w, https:\/\/www.maria-koenigin.de\/wordpress\/wp-content\/uploads\/2017\/10\/orgelplus_alle-300x200.jpg 300w, https:\/\/www.maria-koenigin.de\/wordpress\/wp-content\/uploads\/2017\/10\/orgelplus_alle-624x417.jpg 624w\" sizes=\"auto, (max-width: 650px) 100vw, 650px\" \/><\/p>\n","protected":false},"excerpt":{"rendered":"<p>\u201eStanding ovations\u201c gab es in der Klosterkirche Maria K\u00f6nigin zum Abschluss des Konzertes \u201eOrgel plus\u201c.&nbsp; Der Applaus galt den Musikern des Abends, den ehemaligen Abiturienten Daniel Beckmann, Bianca Behle, J\u00fcrgen Poggel (alle Orgel), Juliane Beckmann (Gesang), Jonas B\u00f6hmke (Saxofon), Cordula Tr\u00f6ster-Blomberg (Querfl\u00f6te) und Andr\u00e9 Sch\u00fctte (Trompete), die aus vielen St\u00e4dten Deutschlands und sogar aus Helsinki [&hellip;]<\/p>\n","protected":false},"author":1,"featured_media":0,"parent":0,"menu_order":0,"comment_status":"closed","ping_status":"closed","template":"","meta":{"ngg_post_thumbnail":0,"_mc_calendar":[],"footnotes":""},"class_list":["post-6545","page","type-page","status-publish","hentry"],"_links":{"self":[{"href":"https:\/\/www.maria-koenigin.de\/index.php?rest_route=\/wp\/v2\/pages\/6545","targetHints":{"allow":["GET"]}}],"collection":[{"href":"https:\/\/www.maria-koenigin.de\/index.php?rest_route=\/wp\/v2\/pages"}],"about":[{"href":"https:\/\/www.maria-koenigin.de\/index.php?rest_route=\/wp\/v2\/types\/page"}],"author":[{"embeddable":true,"href":"https:\/\/www.maria-koenigin.de\/index.php?rest_route=\/wp\/v2\/users\/1"}],"replies":[{"embeddable":true,"href":"https:\/\/www.maria-koenigin.de\/index.php?rest_route=%2Fwp%2Fv2%2Fcomments&post=6545"}],"version-history":[{"count":1,"href":"https:\/\/www.maria-koenigin.de\/index.php?rest_route=\/wp\/v2\/pages\/6545\/revisions"}],"predecessor-version":[{"id":6549,"href":"https:\/\/www.maria-koenigin.de\/index.php?rest_route=\/wp\/v2\/pages\/6545\/revisions\/6549"}],"wp:attachment":[{"href":"https:\/\/www.maria-koenigin.de\/index.php?rest_route=%2Fwp%2Fv2%2Fmedia&parent=6545"}],"curies":[{"name":"wp","href":"https:\/\/api.w.org\/{rel}","templated":true}]}}