{"id":6550,"date":"2017-10-01T09:21:05","date_gmt":"2017-10-01T07:21:05","guid":{"rendered":"http:\/\/www.maria-koenigin.de\/?page_id=6550"},"modified":"2017-10-01T09:21:05","modified_gmt":"2017-10-01T07:21:05","slug":"jubilaeumswallfahrt-zum-kohlhagen","status":"publish","type":"page","link":"https:\/\/www.maria-koenigin.de\/?page_id=6550","title":{"rendered":"Jubil\u00e4umswallfahrt zum Kohlhagen"},"content":{"rendered":"<p><img loading=\"lazy\" decoding=\"async\" class=\"alignleft size-full wp-image-6553\" src=\"http:\/\/www.maria-koenigin.de\/wordpress\/wp-content\/uploads\/2017\/10\/wallfahrt17_3.jpg\" alt=\"\" height=\"433\" width=\"650\" srcset=\"https:\/\/www.maria-koenigin.de\/wordpress\/wp-content\/uploads\/2017\/10\/wallfahrt17_3.jpg 650w, https:\/\/www.maria-koenigin.de\/wordpress\/wp-content\/uploads\/2017\/10\/wallfahrt17_3-300x200.jpg 300w, https:\/\/www.maria-koenigin.de\/wordpress\/wp-content\/uploads\/2017\/10\/wallfahrt17_3-624x416.jpg 624w\" sizes=\"auto, (max-width: 650px) 100vw, 650px\" \/><\/p>\n<p style=\"text-align: justify;\">Mit Weihbischof Hubert Berenbrinker hatte sich hoher Besuch aus Paderborn f\u00fcr die Jubil\u00e4umswallfahrt des Gymnasiums Maria K\u00f6nigin zum Kohlhagen angesagt. Ob es daran oder an der F\u00fcrbitte Mariens lag, dass das Wetter trotz ung\u00fcnstiger Vorhersage hielt und alle wieder trocken zuhause ankamen?<\/p>\n<p style=\"text-align: justify;\">Allj\u00e4hrlich machen sich die Sch\u00fclerinnen und Sch\u00fcler des Gymnasiums Maria K\u00f6nigin auf den Weg zum Walllfahrtsort Kohlhagen, um in zeitlicher N\u00e4he zum Namenstag der Schule, Maria K\u00f6nigin am 22. August, um den Schutz und die Hilfe Mariens zu bitten.<\/p>\n<p style=\"text-align: justify;\">So war es selbstverst\u00e4ndlich, dass auch im Jahr des f\u00fcnfzigj\u00e4hrigen Bestehens des Gymnasiums die Schulgemeinde auf unterschiedlichen Wegen den Kohlhagen ansteuerte. Organisatorisch und inhaltlich vorbereitet hatten die Schulwallfahrt auch in diesem Jahr wieder die Religionskollegen der Schule unter Leitung von Winfried Rettler.<\/p>\n<p><img loading=\"lazy\" decoding=\"async\" class=\"alignleft size-full wp-image-6555\" src=\"http:\/\/www.maria-koenigin.de\/wordpress\/wp-content\/uploads\/2017\/10\/wallfahrt17_5.jpg\" alt=\"\" height=\"433\" width=\"650\" srcset=\"https:\/\/www.maria-koenigin.de\/wordpress\/wp-content\/uploads\/2017\/10\/wallfahrt17_5.jpg 650w, https:\/\/www.maria-koenigin.de\/wordpress\/wp-content\/uploads\/2017\/10\/wallfahrt17_5-300x200.jpg 300w, https:\/\/www.maria-koenigin.de\/wordpress\/wp-content\/uploads\/2017\/10\/wallfahrt17_5-624x416.jpg 624w\" sizes=\"auto, (max-width: 650px) 100vw, 650px\" \/><\/p>\n<p style=\"text-align: justify;\">Unterwegs wurde \u00fcber das Motto des Jubil\u00e4ums \u201elernen \u2013 leben \u2013 glauben \u2013 helfen\u201c gesprochen und nachgedacht und in Klassengruppen gemeinsam gesund gefr\u00fchst\u00fcckt.<\/p>\n<p style=\"text-align: justify;\">Dass zu einer katholischen Schule selbstverst\u00e4ndlich auch die Zuwendung zu den Schw\u00e4cheren und die Unterst\u00fctzung der Kinder geh\u00f6rt, denen es nicht so gut geht, wurde in den Texten des Gottesdienstes und auch in der Predigt des Weihbischofs deutlich.&nbsp; Hubert Berenbrinker bezog sich auf eine Sonnenblumengeschichte und sagte: \u201eWir sollen nicht nur auf unseren eigenen Schulerfolg bedacht sein, sondern auch R\u00fccksicht nehmen auf die Schw\u00e4cheren. Denn die Strahlen der Liebe sollen alle erreichen. Jeder soll die M\u00f6glichkeit haben, seinen Kopf der Sonne entgegenzustrecken.\u201c<\/p>\n<p><img loading=\"lazy\" decoding=\"async\" class=\"alignleft size-full wp-image-6552\" src=\"http:\/\/www.maria-koenigin.de\/wordpress\/wp-content\/uploads\/2017\/10\/wallfahrt17_2.jpg\" alt=\"\" height=\"433\" width=\"650\" srcset=\"https:\/\/www.maria-koenigin.de\/wordpress\/wp-content\/uploads\/2017\/10\/wallfahrt17_2.jpg 650w, https:\/\/www.maria-koenigin.de\/wordpress\/wp-content\/uploads\/2017\/10\/wallfahrt17_2-300x200.jpg 300w, https:\/\/www.maria-koenigin.de\/wordpress\/wp-content\/uploads\/2017\/10\/wallfahrt17_2-624x416.jpg 624w\" sizes=\"auto, (max-width: 650px) 100vw, 650px\" \/><\/p>\n<p style=\"text-align: justify;\">Zum Abschluss der Messfeier erhielten dann auch alle Klassen und Gruppen der Schule eine Sonnenblume als Symbol, verbunden mit dem Wunsch, dass die gesamte Schulgemeinde gem\u00e4\u00df dem Motto des Jubil\u00e4umsjahres Freude am \u201eLernen, Leben, Glauben und Helfen\u201c haben m\u00f6ge.<\/p>\n<p style=\"text-align: justify;\">Mit Weihbischof Berenbrinker standen Pater Johannes Nies MSF, Pastor Heribert Ferber und Vikar Duc Thien Nguyen dem Gottesdienst vor.&nbsp; F\u00fcr die schwungvolle musikalische Gestaltung sorgte eine Sch\u00fclerband unter der Leitung von Referendar Hendrik Sch\u00f6rmann.<\/p>\n<p><img loading=\"lazy\" decoding=\"async\" class=\"alignleft size-full wp-image-6556\" src=\"http:\/\/www.maria-koenigin.de\/wordpress\/wp-content\/uploads\/2017\/10\/wallfahrt17_6.jpg\" alt=\"\" height=\"433\" width=\"650\" srcset=\"https:\/\/www.maria-koenigin.de\/wordpress\/wp-content\/uploads\/2017\/10\/wallfahrt17_6.jpg 650w, https:\/\/www.maria-koenigin.de\/wordpress\/wp-content\/uploads\/2017\/10\/wallfahrt17_6-300x200.jpg 300w, https:\/\/www.maria-koenigin.de\/wordpress\/wp-content\/uploads\/2017\/10\/wallfahrt17_6-624x416.jpg 624w\" sizes=\"auto, (max-width: 650px) 100vw, 650px\" \/><img loading=\"lazy\" decoding=\"async\" class=\"alignleft size-full wp-image-6554\" src=\"http:\/\/www.maria-koenigin.de\/wordpress\/wp-content\/uploads\/2017\/10\/wallfahrt17_4.jpg\" alt=\"\" height=\"433\" width=\"650\" srcset=\"https:\/\/www.maria-koenigin.de\/wordpress\/wp-content\/uploads\/2017\/10\/wallfahrt17_4.jpg 650w, https:\/\/www.maria-koenigin.de\/wordpress\/wp-content\/uploads\/2017\/10\/wallfahrt17_4-300x200.jpg 300w, https:\/\/www.maria-koenigin.de\/wordpress\/wp-content\/uploads\/2017\/10\/wallfahrt17_4-624x416.jpg 624w\" sizes=\"auto, (max-width: 650px) 100vw, 650px\" \/> <img loading=\"lazy\" decoding=\"async\" class=\"alignleft size-full wp-image-6551\" src=\"http:\/\/www.maria-koenigin.de\/wordpress\/wp-content\/uploads\/2017\/10\/wallfahrt17_1.jpg\" alt=\"\" height=\"514\" width=\"650\" srcset=\"https:\/\/www.maria-koenigin.de\/wordpress\/wp-content\/uploads\/2017\/10\/wallfahrt17_1.jpg 650w, https:\/\/www.maria-koenigin.de\/wordpress\/wp-content\/uploads\/2017\/10\/wallfahrt17_1-300x237.jpg 300w, https:\/\/www.maria-koenigin.de\/wordpress\/wp-content\/uploads\/2017\/10\/wallfahrt17_1-624x493.jpg 624w\" sizes=\"auto, (max-width: 650px) 100vw, 650px\" \/><\/p>\n","protected":false},"excerpt":{"rendered":"<p>Mit Weihbischof Hubert Berenbrinker hatte sich hoher Besuch aus Paderborn f\u00fcr die Jubil\u00e4umswallfahrt des Gymnasiums Maria K\u00f6nigin zum Kohlhagen angesagt. Ob es daran oder an der F\u00fcrbitte Mariens lag, dass das Wetter trotz ung\u00fcnstiger Vorhersage hielt und alle wieder trocken zuhause ankamen? Allj\u00e4hrlich machen sich die Sch\u00fclerinnen und Sch\u00fcler des Gymnasiums Maria K\u00f6nigin auf den [&hellip;]<\/p>\n","protected":false},"author":1,"featured_media":0,"parent":0,"menu_order":0,"comment_status":"closed","ping_status":"closed","template":"","meta":{"ngg_post_thumbnail":0,"_mc_calendar":[],"footnotes":""},"class_list":["post-6550","page","type-page","status-publish","hentry"],"_links":{"self":[{"href":"https:\/\/www.maria-koenigin.de\/index.php?rest_route=\/wp\/v2\/pages\/6550","targetHints":{"allow":["GET"]}}],"collection":[{"href":"https:\/\/www.maria-koenigin.de\/index.php?rest_route=\/wp\/v2\/pages"}],"about":[{"href":"https:\/\/www.maria-koenigin.de\/index.php?rest_route=\/wp\/v2\/types\/page"}],"author":[{"embeddable":true,"href":"https:\/\/www.maria-koenigin.de\/index.php?rest_route=\/wp\/v2\/users\/1"}],"replies":[{"embeddable":true,"href":"https:\/\/www.maria-koenigin.de\/index.php?rest_route=%2Fwp%2Fv2%2Fcomments&post=6550"}],"version-history":[{"count":1,"href":"https:\/\/www.maria-koenigin.de\/index.php?rest_route=\/wp\/v2\/pages\/6550\/revisions"}],"predecessor-version":[{"id":6557,"href":"https:\/\/www.maria-koenigin.de\/index.php?rest_route=\/wp\/v2\/pages\/6550\/revisions\/6557"}],"wp:attachment":[{"href":"https:\/\/www.maria-koenigin.de\/index.php?rest_route=%2Fwp%2Fv2%2Fmedia&parent=6550"}],"curies":[{"name":"wp","href":"https:\/\/api.w.org\/{rel}","templated":true}]}}