{"id":6722,"date":"2017-12-15T17:25:51","date_gmt":"2017-12-15T16:25:51","guid":{"rendered":"http:\/\/www.maria-koenigin.de\/?page_id=6722"},"modified":"2024-02-11T16:23:15","modified_gmt":"2024-02-11T15:23:15","slug":"medienscouts","status":"publish","type":"page","link":"https:\/\/www.maria-koenigin.de\/?page_id=6722","title":{"rendered":"Medienscouts"},"content":{"rendered":"<p style=\"text-align: justify;\">Cybermobbing, Datenschutz, Computerspiele und Smartphone waren nur einige der behandel-ten Themen der Medienscouts-Ausbildung, die 2017 erstmalig absolviert wurde. Ziel des Projektes \u201eMedienscouts\u201c, welches durch die Landesanstalt f\u00fcr Medien NRW initiiert wurde und welches in Zusammenarbeit mit dem Kreis Olpe auch f\u00fcr unsere Schule erm\u00f6glicht wurde, ist es, notwendige Strukturen in der Schule und auch im Kreis zu schaffen, um dem Potential, aber auch den Gefahren, welche digitale Medien in der heutigen Zeit bereithalten, gewachsen zu sein. Dabei ist ein gro\u00dfer Vorteil der Medienscouts, dass sie ihre Mitsch\u00fcler auf Augenh\u00f6he beraten k\u00f6nnen. Die Lehrpersonen hingegen dienen als R\u00fcckfallposition bei schwerwiegenden Problemen. Dabei werden diese zus\u00e4tzlich durch Trainer au\u00dferhalb der Schule unterst\u00fctzt, die ebenfalls an der Ausbildung teilnahmen.<\/p>\n<p>Projekte:<\/p>\n<ul>\n<li style=\"list-style-type: none;\">\n<ul>\n<li>Workshops f\u00fcr die Klassen 5 zum Thema WhatsApp<\/li>\n<li>Weitere Projekte in den Jahrgangsstufen 5-10<\/li>\n<li>Vorstellung am Tag der offenen T\u00fcr<\/li>\n<li>Sprechstunde im Schulalltag (Sch\u00fclerbibliothek)<\/li>\n<li>Unterst\u00fctzung von Abendveranstaltungen f\u00fcr Eltern (bspw. Gefahren im Internet)<\/li>\n<li>Ausbildung weiterer Medienscouts<\/li>\n<li>J\u00e4hrliche Fortbildungsveranstaltung<\/li>\n<li>Grundschulprojekte<\/li>\n<li>Seniorenprojekte<\/li>\n<li>u.v.m.<\/li>\n<\/ul>\n<\/li>\n<\/ul>\n<p>Medienscouts (SJ 23\/24):<\/p>\n<ul>\n<li>Jonte Hauschild<\/li>\n<li>Elmedina Muja<\/li>\n<li>Jonathan Regeling<\/li>\n<li>Nora Wiese-Gerlach<\/li>\n<li>Janis Pl\u00f6ger<\/li>\n<\/ul>\n<p>Beratungslehrer Medien:<\/p>\n<ul>\n<li>Herr Bertels<\/li>\n<li>Frau Voss<\/li>\n<li>Herr Eickhoff<\/li>\n<\/ul>\n","protected":false},"excerpt":{"rendered":"<p>Cybermobbing, Datenschutz, Computerspiele und Smartphone waren nur einige der behandel-ten Themen der Medienscouts-Ausbildung, die 2017 erstmalig absolviert wurde. Ziel des Projektes \u201eMedienscouts\u201c, welches durch die Landesanstalt f\u00fcr Medien NRW initiiert wurde und welches in Zusammenarbeit mit dem Kreis Olpe auch f\u00fcr unsere Schule erm\u00f6glicht wurde, ist es, notwendige Strukturen in der Schule und auch im [&hellip;]<\/p>\n","protected":false},"author":1,"featured_media":0,"parent":0,"menu_order":0,"comment_status":"closed","ping_status":"closed","template":"","meta":{"ngg_post_thumbnail":0,"_mc_calendar":[],"footnotes":""},"class_list":["post-6722","page","type-page","status-publish","hentry"],"_links":{"self":[{"href":"https:\/\/www.maria-koenigin.de\/index.php?rest_route=\/wp\/v2\/pages\/6722","targetHints":{"allow":["GET"]}}],"collection":[{"href":"https:\/\/www.maria-koenigin.de\/index.php?rest_route=\/wp\/v2\/pages"}],"about":[{"href":"https:\/\/www.maria-koenigin.de\/index.php?rest_route=\/wp\/v2\/types\/page"}],"author":[{"embeddable":true,"href":"https:\/\/www.maria-koenigin.de\/index.php?rest_route=\/wp\/v2\/users\/1"}],"replies":[{"embeddable":true,"href":"https:\/\/www.maria-koenigin.de\/index.php?rest_route=%2Fwp%2Fv2%2Fcomments&post=6722"}],"version-history":[{"count":10,"href":"https:\/\/www.maria-koenigin.de\/index.php?rest_route=\/wp\/v2\/pages\/6722\/revisions"}],"predecessor-version":[{"id":13727,"href":"https:\/\/www.maria-koenigin.de\/index.php?rest_route=\/wp\/v2\/pages\/6722\/revisions\/13727"}],"wp:attachment":[{"href":"https:\/\/www.maria-koenigin.de\/index.php?rest_route=%2Fwp%2Fv2%2Fmedia&parent=6722"}],"curies":[{"name":"wp","href":"https:\/\/api.w.org\/{rel}","templated":true}]}}