{"id":7702,"date":"2018-11-26T08:18:57","date_gmt":"2018-11-26T07:18:57","guid":{"rendered":"http:\/\/www.maria-koenigin.de\/?page_id=7702"},"modified":"2025-07-30T17:35:40","modified_gmt":"2025-07-30T15:35:40","slug":"bewerberauswahl","status":"publish","type":"page","link":"https:\/\/www.maria-koenigin.de\/?page_id=7702","title":{"rendered":"Bewerberauswahl"},"content":{"rendered":"<h3><strong>Kriterien zur Auswahl der Bewerber:innen<\/strong><\/h3>\n<p>Mit unseren Austauschbegegnungen \/ Studienfahrten ins Ausland wollen wir unseren Sch\u00fcler:innen nicht nur erm\u00f6glichen, erworbene Sprachkenntnisse anzuwenden, sondern auch die Chance bieten, in einer zusammenwachsenden Welt Kontakte zu kn\u00fcpfen, Vorurteile zu \u00fcberdenken und abzulegen sowie den eigenen Horizont zu erweitern.<\/p>\n<p>Wesentliche pers\u00f6nliche Eigenschaften zur Teilnahme sind Offenheit und Toleranz, d. h. die Bereitschaft, sich auf das interkulturelle \u201eAbenteuer\u201c einzulassen und sich den Gegebenheiten anzupassen. Dazu geh\u00f6rt selbstverst\u00e4ndlich die Motivation, Englisch, Franz\u00f6sisch oder Spanisch zu sprechen.<\/p>\n<p>Beim klassischen Sch\u00fcleraustausch ist Grundvoraussetzung die Aufnahme des Partners \/ der Partnerin in der eigenen Familie zum Gegenbesuch. Die Aufteilung der Austauschgruppe eines Durchgangs nach Jungen und M\u00e4dchen erfolgt in Abstimmung mit der Partnerschule und richtet sich nach der jeweiligen Aufnahmekapazit\u00e4t. Die Zuordnung der Partner:innen erfolgt anhand von Steckbriefen nach pers\u00f6nlichen Interessen und Familienzusammensetzung.<\/p>\n<p>Jeder interessierte Lernende sollte sich zun\u00e4chst bevorzugt f\u00fcr einen Austausch bewerben, da h\u00e4ufig die Zahl unserer Bewerber:innen die Anzahl der Pl\u00e4tze \u00fcbersteigt. In diesem Fall haben Sch\u00fcler:innen, die noch nicht an einem Austausch teilgenommen haben, Vorrang. Im ggf. n\u00e4chsten Schritt entscheidet dann das Los.<\/p>\n<h3><strong>Kosten<\/strong><\/h3>\n<p>Die Kosten f\u00fcr die Teilnahme an einem Sch\u00fcleraustausch variieren je nach Programm, Entfernung und den damit verbundenen Fahrtkosten sowie den F\u00f6rderm\u00f6glichkeiten.<\/p>\n","protected":false},"excerpt":{"rendered":"<p>Kriterien zur Auswahl der Bewerber:innen Mit unseren Austauschbegegnungen \/ Studienfahrten ins Ausland wollen wir unseren Sch\u00fcler:innen nicht nur erm\u00f6glichen, erworbene Sprachkenntnisse anzuwenden, sondern auch die Chance bieten, in einer zusammenwachsenden Welt Kontakte zu kn\u00fcpfen, Vorurteile zu \u00fcberdenken und abzulegen sowie den eigenen Horizont zu erweitern. Wesentliche pers\u00f6nliche Eigenschaften zur Teilnahme sind Offenheit und Toleranz, d. [&hellip;]<\/p>\n","protected":false},"author":1,"featured_media":0,"parent":0,"menu_order":0,"comment_status":"closed","ping_status":"closed","template":"","meta":{"ngg_post_thumbnail":0,"_mc_calendar":[],"footnotes":""},"class_list":["post-7702","page","type-page","status-publish","hentry"],"_links":{"self":[{"href":"https:\/\/www.maria-koenigin.de\/index.php?rest_route=\/wp\/v2\/pages\/7702","targetHints":{"allow":["GET"]}}],"collection":[{"href":"https:\/\/www.maria-koenigin.de\/index.php?rest_route=\/wp\/v2\/pages"}],"about":[{"href":"https:\/\/www.maria-koenigin.de\/index.php?rest_route=\/wp\/v2\/types\/page"}],"author":[{"embeddable":true,"href":"https:\/\/www.maria-koenigin.de\/index.php?rest_route=\/wp\/v2\/users\/1"}],"replies":[{"embeddable":true,"href":"https:\/\/www.maria-koenigin.de\/index.php?rest_route=%2Fwp%2Fv2%2Fcomments&post=7702"}],"version-history":[{"count":8,"href":"https:\/\/www.maria-koenigin.de\/index.php?rest_route=\/wp\/v2\/pages\/7702\/revisions"}],"predecessor-version":[{"id":16614,"href":"https:\/\/www.maria-koenigin.de\/index.php?rest_route=\/wp\/v2\/pages\/7702\/revisions\/16614"}],"wp:attachment":[{"href":"https:\/\/www.maria-koenigin.de\/index.php?rest_route=%2Fwp%2Fv2%2Fmedia&parent=7702"}],"curies":[{"name":"wp","href":"https:\/\/api.w.org\/{rel}","templated":true}]}}