{"id":81,"date":"2014-07-29T19:28:36","date_gmt":"2014-07-29T17:28:36","guid":{"rendered":"http:\/\/mkwordpress.bertels-online.com\/?page_id=81"},"modified":"2022-09-14T12:05:55","modified_gmt":"2022-09-14T10:05:55","slug":"medien","status":"publish","type":"page","link":"https:\/\/www.maria-koenigin.de\/?page_id=81","title":{"rendered":"Medien"},"content":{"rendered":"<p><strong>Der Arbeitskreis Medien und Methoden<\/strong><\/p>\n<p style=\"text-align: justify;\">Da Medien einen immer gr\u00f6\u00dferen Raum im Leben einnehmen und der Umgang mit ihnen ma\u00dfgeblich das Leben und Weiterkommen in unserer Gesellschaft beeinflusst, haben sich interessierte Kolleginnen und Kollegen 2012 zusammengetan, um die Voraussetzungen und Ma\u00dfnahmen im schulischen Bereich zusammenzustellen und zu strukturieren, damit im Laufe der schulischen Ausbildung die notwendigen Kenntnisse und Umgangsformen altersgerecht gelernt werden. Nach der Erstellung eines Medien- und Methodenkonzeptes, welches Sch\u00fcler, Lehrer und Eltern gleicherma\u00dfen im Blickfeld hat, geht es bei der t\u00e4glichen Arbeit im Wesentlichen darum, durch die Arbeit in einzelnen Unterrichtsf\u00e4chern und mit Aktionen die Inhalte im Schulalltag zu platzieren, auszuwerten und auf jeweils aktuellem Stand zu halten.<\/p>\n<p>Schwerpunkte der Arbeit u. a.:<\/p>\n<ul>\n<li>Information am \u201eTag der offenen T\u00fcr\u201c<\/li>\n<li>Organisation von Sonderaktionen wie \u201eHandy-Fastenwoche\u201c<\/li>\n<li>Mitarbeit bei Veranstaltungen wie \u201eProjekt und Elternabend zum Thema Internet der Klassen 7\u201c in Zusammenarbeit mit der Polizei Olpe<\/li>\n<\/ul>\n","protected":false},"excerpt":{"rendered":"<p>Der Arbeitskreis Medien und Methoden Da Medien einen immer gr\u00f6\u00dferen Raum im Leben einnehmen und der Umgang mit ihnen ma\u00dfgeblich das Leben und Weiterkommen in unserer Gesellschaft beeinflusst, haben sich interessierte Kolleginnen und Kollegen 2012 zusammengetan, um die Voraussetzungen und Ma\u00dfnahmen im schulischen Bereich zusammenzustellen und zu strukturieren, damit im Laufe der schulischen Ausbildung die [&hellip;]<\/p>\n","protected":false},"author":1,"featured_media":0,"parent":58,"menu_order":0,"comment_status":"closed","ping_status":"closed","template":"","meta":{"ngg_post_thumbnail":0,"_mc_calendar":[],"footnotes":""},"class_list":["post-81","page","type-page","status-publish","hentry"],"_links":{"self":[{"href":"https:\/\/www.maria-koenigin.de\/index.php?rest_route=\/wp\/v2\/pages\/81","targetHints":{"allow":["GET"]}}],"collection":[{"href":"https:\/\/www.maria-koenigin.de\/index.php?rest_route=\/wp\/v2\/pages"}],"about":[{"href":"https:\/\/www.maria-koenigin.de\/index.php?rest_route=\/wp\/v2\/types\/page"}],"author":[{"embeddable":true,"href":"https:\/\/www.maria-koenigin.de\/index.php?rest_route=\/wp\/v2\/users\/1"}],"replies":[{"embeddable":true,"href":"https:\/\/www.maria-koenigin.de\/index.php?rest_route=%2Fwp%2Fv2%2Fcomments&post=81"}],"version-history":[{"count":6,"href":"https:\/\/www.maria-koenigin.de\/index.php?rest_route=\/wp\/v2\/pages\/81\/revisions"}],"predecessor-version":[{"id":11115,"href":"https:\/\/www.maria-koenigin.de\/index.php?rest_route=\/wp\/v2\/pages\/81\/revisions\/11115"}],"up":[{"embeddable":true,"href":"https:\/\/www.maria-koenigin.de\/index.php?rest_route=\/wp\/v2\/pages\/58"}],"wp:attachment":[{"href":"https:\/\/www.maria-koenigin.de\/index.php?rest_route=%2Fwp%2Fv2%2Fmedia&parent=81"}],"curies":[{"name":"wp","href":"https:\/\/api.w.org\/{rel}","templated":true}]}}