{"id":9154,"date":"2020-03-23T17:39:31","date_gmt":"2020-03-23T16:39:31","guid":{"rendered":"http:\/\/www.maria-koenigin.de\/?page_id=9154"},"modified":"2020-04-15T09:12:51","modified_gmt":"2020-04-15T07:12:51","slug":"lernen","status":"publish","type":"page","link":"https:\/\/www.maria-koenigin.de\/?page_id=9154","title":{"rendered":"Lernen"},"content":{"rendered":"<p style=\"text-align: justify;\"><strong>Lernen mit einer App<\/strong><\/p>\n<p style=\"text-align: justify;\">Eine empfehlenswerte App zum Lernen und \u00dcben ist<br \/>\n<a href=\"https:\/\/anton.app\/de\/\" target=\"_blank\" rel=\"noopener noreferrer\">https:\/\/anton.app\/de\/<\/a><br \/>\nZugang und Nutzung sind einfach und kostenlos. Die App l\u00e4uft auch auf dem Smartphone. Es finden sich geeignete Aufgaben und \u00dcbungen f\u00fcr alle Klassenstufen bis Klasse 10.<\/p>\n<p style=\"text-align: justify;\"><strong>Tipps f\u00fcr Eltern f\u00fcr die erfolgreiche Organisationen des Lernens von zuhause aus<\/strong><\/p>\n<p style=\"text-align: justify;\"><a href=\"http:\/\/www.maria-koenigin.de\/wordpress\/wp-content\/uploads\/2020\/03\/Homeschooling-wegen-Corona_-So-unterrichten-Sie-Ihr-Kind-erfolgreich-zu-Hause-WELT.pdf\" target=\"_blank\" rel=\"noopener noreferrer\">Homeschooling wegen Corona_ So unterrichten Sie Ihr Kind erfolgreich zu Hause &#8211; WELT<\/a><\/p>\n<p style=\"text-align: justify;\"><a href=\"http:\/\/www.maria-koenigin.de\/wordpress\/wp-content\/uploads\/2020\/03\/Lernen-mit-Kindern-.pdf\" target=\"_blank\" rel=\"noopener noreferrer\">Lernen mit Kindern<\/a><\/p>\n<p style=\"text-align: justify;\"><strong>Naturwissenschaften<\/strong><\/p>\n<p style=\"text-align: justify;\">Tolle Materialien f\u00fcr die Naturwissenschaften\u00a0finden sich auf der Seite der Max-Planck-Gesellschaft<\/p>\n<p style=\"text-align: justify;\"><a href=\"https:\/\/www.max-wissen.de\" target=\"_blank\" rel=\"noopener noreferrer\">https:\/\/www.max-wissen.de<\/a><\/p>\n<p style=\"text-align: justify;\">Filme, Animationen, Podcasts, die MAX-Hefte, Hintergrundinfos und nicht zuletzt begleitende Materialien f\u00fcr den Unterricht: Das\u00a0<em>Lehrer-Sch\u00fcler-Portal<\/em>\u00a0der Max-Planck-Gesellschaft bietet Aktuelles, Informatives und Spannendes f\u00fcr den Unterricht &#8211; kostenlos und f\u00fcr alle!<\/p>\n<p style=\"text-align: justify;\"><em>Kleine Biologie-Experimente\u00a0\u00a0<\/em><\/p>\n<p style=\"text-align: justify;\">Unser Kollege Herr Scharf hat ein paar Experimente zusammengestellt, die man leicht von zuhause durchf\u00fchren kann.<\/p>\n<p style=\"text-align: justify;\"><a href=\"http:\/\/www.maria-koenigin.de\/wordpress\/wp-content\/uploads\/2020\/04\/Eine-kleine-Experimentesammlung-f\u00fcr-zu-Hause.pdf\" target=\"_blank\" rel=\"noopener noreferrer\">Eine kleine Experimentesammlung f\u00fcr zu Hause<\/a><\/p>\n<p style=\"text-align: justify;\">\n<p style=\"text-align: justify;\"><strong>Gesellschaftswissenschaften<\/strong><\/p>\n<p style=\"text-align: justify;\">Viele Themen aus dem Bereich Politik und Gesellschaftswissenschaft bietet<\/p>\n<p style=\"text-align: justify;\"><a href=\"https:\/\/www.hanisauland.de\" target=\"_blank\" rel=\"noopener noreferrer\">https:\/\/www.hanisauland.de<\/a><\/p>\n<p style=\"text-align: justify;\">HanisauLand m\u00f6chte dich neugierig machen auf Politik und dir\u00a0politische\u00a0Zusammenh\u00e4nge erkl\u00e4ren. Dabei gibt es viel zu entdecken!<\/p>\n<p style=\"text-align: justify;\">Im Comic kannst du verfolgen, wie Hasen, Nilpferde und Wilds\u00e4ue gemeinsam das HanisauLand aufbauen und dabei viele komische Abenteuer erleben. Denn meist sind sich die HanisauL\u00e4nder\/innen nicht einig\u2026<br \/>\nAu\u00dferdem gibt es ein Lexikon, in dem politische Begriffe erkl\u00e4rt werden. Wenn du etwas nicht verstanden hast, beantworten wir deine Frage gerne.<br \/>\nNat\u00fcrlich findest du auf der Seite auch noch vertiefende Informationen \u00fcber politische Themen in den Spezials, viele Spiele, Buch- und Filmtipps, einen Kalender und vieles mehr!<br \/>\nAuf HansiauLand surfst du sicher! Alle Kommentare und auch der Chat werden vormoderiert. Das bedeutet, dass eine erfahrene Redaktion\u00a0alle Beitr\u00e4ge pr\u00fcft, bevor sie online erscheinen. Pers\u00f6nliche Daten werden nicht erhoben.<\/p>\n","protected":false},"excerpt":{"rendered":"<p>Lernen mit einer App Eine empfehlenswerte App zum Lernen und \u00dcben ist https:\/\/anton.app\/de\/ Zugang und Nutzung sind einfach und kostenlos. Die App l\u00e4uft auch auf dem Smartphone. Es finden sich geeignete Aufgaben und \u00dcbungen f\u00fcr alle Klassenstufen bis Klasse 10. Tipps f\u00fcr Eltern f\u00fcr die erfolgreiche Organisationen des Lernens von zuhause aus Homeschooling wegen Corona_ [&hellip;]<\/p>\n","protected":false},"author":1,"featured_media":0,"parent":9142,"menu_order":0,"comment_status":"closed","ping_status":"closed","template":"","meta":{"ngg_post_thumbnail":0,"_mc_calendar":[],"footnotes":""},"class_list":["post-9154","page","type-page","status-publish","hentry"],"_links":{"self":[{"href":"https:\/\/www.maria-koenigin.de\/index.php?rest_route=\/wp\/v2\/pages\/9154","targetHints":{"allow":["GET"]}}],"collection":[{"href":"https:\/\/www.maria-koenigin.de\/index.php?rest_route=\/wp\/v2\/pages"}],"about":[{"href":"https:\/\/www.maria-koenigin.de\/index.php?rest_route=\/wp\/v2\/types\/page"}],"author":[{"embeddable":true,"href":"https:\/\/www.maria-koenigin.de\/index.php?rest_route=\/wp\/v2\/users\/1"}],"replies":[{"embeddable":true,"href":"https:\/\/www.maria-koenigin.de\/index.php?rest_route=%2Fwp%2Fv2%2Fcomments&post=9154"}],"version-history":[{"count":9,"href":"https:\/\/www.maria-koenigin.de\/index.php?rest_route=\/wp\/v2\/pages\/9154\/revisions"}],"predecessor-version":[{"id":9278,"href":"https:\/\/www.maria-koenigin.de\/index.php?rest_route=\/wp\/v2\/pages\/9154\/revisions\/9278"}],"up":[{"embeddable":true,"href":"https:\/\/www.maria-koenigin.de\/index.php?rest_route=\/wp\/v2\/pages\/9142"}],"wp:attachment":[{"href":"https:\/\/www.maria-koenigin.de\/index.php?rest_route=%2Fwp%2Fv2%2Fmedia&parent=9154"}],"curies":[{"name":"wp","href":"https:\/\/api.w.org\/{rel}","templated":true}]}}