{"id":9582,"date":"2020-11-12T11:23:59","date_gmt":"2020-11-12T10:23:59","guid":{"rendered":"http:\/\/www.maria-koenigin.de\/?page_id=9582"},"modified":"2025-10-07T13:17:20","modified_gmt":"2025-10-07T11:17:20","slug":"mittelstufe","status":"publish","type":"page","link":"https:\/\/www.maria-koenigin.de\/?page_id=9582","title":{"rendered":"Mittelstufe"},"content":{"rendered":"<p>Nach der Erprobungsstufe kommen die Sch\u00fclerinnen und Sch\u00fcler in die Mittelstufe (Klasse 7 \u2013 10), in der sie auf die gymnasiale Oberstufe oder einen anderen Bildungsgang der Sekundarstufe II vorbereitet werden. Die Sch\u00fclerinnen und Sch\u00fcler erleben in der Mittelstufe eine f\u00fcr ihr Leben entscheidende Entwicklung. Das Jugendalter ist der \u00dcbergang vom Kind zum Erwachsenen. Die Jugendlichen sind auf dem Weg zu eigenen Zielen und zur Selbstverantwortung. Sie wollen sich selbst kennen lernen, sich ausprobieren, sich orientieren, sich reflektieren. Sie sollten f\u00fcr sich Chancen erkennen und wahrnehmen, au\u00dferdem in \u00fcberschaubaren Bereichen Verantwortung \u00fcbernehmen d\u00fcrfen.<\/p>\n<p>&nbsp;<br \/>\n<strong>Differenzierung in der Mittelstufe<\/strong><br \/>\nIn der Mittelstufe haben die Sch\u00fclerinnen und Sch\u00fcler die M\u00f6glichkeit, in zwei Wahlbereichen ihre eigenen Schwerpunkte zu setzen. Diese Differenzierung wird dann im Kurssystem der Oberstufe weiter entfaltet.<\/p>\n<p>Die erste Differenzierung betrifft die Wahl einer zweiten Fremdsprache, die am Gymnasium Pflicht ist. Am Gymnasium Maria K\u00f6nigin wird die Wahl zwischen Franz\u00f6sisch und Latein getroffen. Diese Fremdsprachen werden ab Klasse 7 unterrichtet und m\u00fcssen mindestens bis zur Klasse 10 belegt werden. Das Wahlfach ist mit Klassenarbeiten verbunden, die teilweise durch m\u00fcndliche Pr\u00fcfungen ersetzt werden. Die zweite Fremdsprache z\u00e4hlt zu den Hauptf\u00e4chern und ist versetzungswirksam.<\/p>\n<p>Ab Klasse 9 werden die Sch\u00fclerinnen und Sch\u00fcler in einem weiteren Wahlpflichtfach unterrichtet. Am Gymnasium Maria K\u00f6nigin haben sie folgende Wahlm\u00f6glichkeiten:<\/p>\n<ul>\n<li>eine dritte Fremdsprache: Spanisch oder Franz\u00f6sisch<\/li>\n<li>ein gesellschaftswissenschaftliches Fach: P\u00e4dagogik<\/li>\n<li>ein naturwissenschaftliches Fach: Informatik, Junior-Ingenieur-Akademie oder Biologie \/ Chemie.<\/li>\n<\/ul>\n<p><img loading=\"lazy\" decoding=\"async\" class=\"alignnone wp-image-14815 size-large\" src=\"http:\/\/www.maria-koenigin.de\/wordpress\/wp-content\/uploads\/2024\/09\/JIA_Abschluss2024_0100-1024x683.jpg\" alt=\"\" width=\"625\" height=\"417\" srcset=\"https:\/\/www.maria-koenigin.de\/wordpress\/wp-content\/uploads\/2024\/09\/JIA_Abschluss2024_0100-1024x683.jpg 1024w, https:\/\/www.maria-koenigin.de\/wordpress\/wp-content\/uploads\/2024\/09\/JIA_Abschluss2024_0100-300x200.jpg 300w, https:\/\/www.maria-koenigin.de\/wordpress\/wp-content\/uploads\/2024\/09\/JIA_Abschluss2024_0100-768x512.jpg 768w, https:\/\/www.maria-koenigin.de\/wordpress\/wp-content\/uploads\/2024\/09\/JIA_Abschluss2024_0100-1536x1025.jpg 1536w, https:\/\/www.maria-koenigin.de\/wordpress\/wp-content\/uploads\/2024\/09\/JIA_Abschluss2024_0100-624x416.jpg 624w, https:\/\/www.maria-koenigin.de\/wordpress\/wp-content\/uploads\/2024\/09\/JIA_Abschluss2024_0100.jpg 2048w\" sizes=\"auto, (max-width: 625px) 100vw, 625px\" \/><\/p>\n<p>Die Kurse des 2. Wahlpflichtbereichs m\u00fcssen in den Klassen 9 und 10 durchgehend belegt werden. Die Inhalte der neuen F\u00e4cher \u00fcberschneiden sich nicht mit den Inhalten des normalen Unterrichts. In allen Differenzierungsf\u00e4chern werden 4 Klassenarbeiten pro Schuljahr von 45 \u2013 90 Minuten Dauer geschrieben. Das Wahlfach z\u00e4hlt zu den Nebenf\u00e4chern. Die Zeugnisnote im Wahlpflichtbereich II ist versetzungswirksam.<\/p>\n<p>&nbsp;<br \/>\n<strong>Lerncoaching<\/strong><br \/>\nSch\u00fclerinnen und Sch\u00fcler der Mittelstufe, die Probleme beim Lernen haben, haben die M\u00f6glichkeit sich individuell zum Lerncoaching anzumelden. Dabei k\u00f6nnen unterschiedliche Probleme thematisiert werden: Schwierigkeiten mit der Zeiteinteilung, fehlender \u00dcberblick \u00fcber den Lernstoff, Suche nach der passenden Lernstrategie, Optimierung des Lernens im Hinblick auf Zeit und Effektivit\u00e4t, Motivationsprobleme, Misserfolge in Klassenarbeiten trotz intensiven Lernens u.\u00e4.<\/p>\n<p>Die Sch\u00fclerinnen oder Sch\u00fcler melden sich freiwillig zum Lerncoaching an und k\u00f6nnen sich einen Coach aussuchen. Der gew\u00fcnschte Coach vereinbart dann Termine. Das Coaching findet w\u00e4hrend des Unterrichts statt und dauert pro Sitzung ca. 30 Minuten. In der Regel werden die Sch\u00fcler 4 Wochen lang regelm\u00e4\u00dfig begleitet. Zum Abschluss wird \u00fcberpr\u00fcft, ob die neuen Strategien zu Erfolgen f\u00fchren.<\/p>\n<p><img loading=\"lazy\" decoding=\"async\" class=\"alignnone wp-image-14797 size-large\" src=\"http:\/\/www.maria-koenigin.de\/wordpress\/wp-content\/uploads\/2024\/09\/Lerncoaches-1024x768.jpg\" alt=\"\" width=\"625\" height=\"469\" srcset=\"https:\/\/www.maria-koenigin.de\/wordpress\/wp-content\/uploads\/2024\/09\/Lerncoaches-1024x768.jpg 1024w, https:\/\/www.maria-koenigin.de\/wordpress\/wp-content\/uploads\/2024\/09\/Lerncoaches-300x225.jpg 300w, https:\/\/www.maria-koenigin.de\/wordpress\/wp-content\/uploads\/2024\/09\/Lerncoaches-768x576.jpg 768w, https:\/\/www.maria-koenigin.de\/wordpress\/wp-content\/uploads\/2024\/09\/Lerncoaches-1536x1152.jpg 1536w, https:\/\/www.maria-koenigin.de\/wordpress\/wp-content\/uploads\/2024\/09\/Lerncoaches-624x468.jpg 624w, https:\/\/www.maria-koenigin.de\/wordpress\/wp-content\/uploads\/2024\/09\/Lerncoaches.jpg 2048w\" sizes=\"auto, (max-width: 625px) 100vw, 625px\" \/><\/p>\n<p>Folgende Kolleginnen und Kollegen haben sich als Lerncoaches ausbilden lassen und bieten ein Coaching an: Herr Eickhoff, Frau Lohmeyer, Frau Ramos-Garcia, Herr Reifenrath,<br \/>\nHerr Schamoni, Frau Schmidt, Herr Sch\u00f6rmann, Herr Tr\u00f6ster.<\/p>\n<p><strong>Berufswahlvorbereitung<\/strong><br \/>\nDie Ausrichtung der Mittelstufe auf die individuelle Zukunft der Sch\u00fclerinnen und Sch\u00fcler wird auch in der Berufswahlvorbereitung deutlich. In Klasse 8 nehmen alle Sch\u00fclerinnen und Sch\u00fcler an einer Potentialanalyse teil, die in Einzelgespr\u00e4chen ausgewertet und f\u00fcr jede Sch\u00fclerin \/ jeden Sch\u00fcler dokumentiert wird. Erg\u00e4nzend dazu haben die Sch\u00fclerinnen und Sch\u00fcler in Klasse 8 und 9 an drei Tagen der Berufsfelderkundung die M\u00f6glichkeit, Einblick in verschiedene Berufsbereiche zu nehmen. Diese Tage werden im Politikunterricht begleitet.<\/p>\n<p>Im Fachunterricht ist die Arbeits- und Berufswelt immer wieder Thema, z.B. im Deutschunterricht, in dem das Schreiben von Bewerbungen ge\u00fcbt wird. In Klasse 10 absolvieren die Sch\u00fclerinnen und Sch\u00fcler ein zweiw\u00f6chiges Betriebspraktikum, das von der Schule vor- und nachbereitet wird. Au\u00dferdem nehmen alle an einem eint\u00e4gigen Praktikum \u201eEnglisch im Beruf\u201c teil.<\/p>\n<p>Weitere Informationen zur Berufswahlvorbereitung finden Sie hier auf der Homepage als eigenen Unterabschnitt in dem Bereich Unterricht_Berufsorientierung.<\/p>\n<p><strong>F\u00f6rderangebote<\/strong><br \/>\nIn Klasse 7 und 8 haben Sch\u00fclerinnen und Sch\u00fcler mit Schwierigkeiten in Mathematik oder in der 2. Fremdsprache die M\u00f6glichkeit, freiwillig an einer Erg\u00e4nzungsstunde teilzunehmen. Dar\u00fcber hinaus werden \u00fcber eine Nachhilfeb\u00f6rse Sch\u00fclerinnen und Sch\u00fcler aus h\u00f6heren Klassen vermittelt, die individuelle Nachhilfe in allen F\u00e4chern geben.<\/p>\n<p>R\u00fcckfragen k\u00f6nnen Sie an die Koordinatorin der Mittelstufe Frau Dr. Monika Lohmeyer richten.<\/p>\n<p>E-Mail: lohmeyer[at]maria-koenigin.de<\/p>\n","protected":false},"excerpt":{"rendered":"<p>Nach der Erprobungsstufe kommen die Sch\u00fclerinnen und Sch\u00fcler in die Mittelstufe (Klasse 7 \u2013 10), in der sie auf die gymnasiale Oberstufe oder einen anderen Bildungsgang der Sekundarstufe II vorbereitet werden. Die Sch\u00fclerinnen und Sch\u00fcler erleben in der Mittelstufe eine f\u00fcr ihr Leben entscheidende Entwicklung. Das Jugendalter ist der \u00dcbergang vom Kind zum Erwachsenen. Die [&hellip;]<\/p>\n","protected":false},"author":1,"featured_media":0,"parent":0,"menu_order":0,"comment_status":"closed","ping_status":"closed","template":"","meta":{"ngg_post_thumbnail":0,"_mc_calendar":[],"footnotes":""},"class_list":["post-9582","page","type-page","status-publish","hentry"],"_links":{"self":[{"href":"https:\/\/www.maria-koenigin.de\/index.php?rest_route=\/wp\/v2\/pages\/9582","targetHints":{"allow":["GET"]}}],"collection":[{"href":"https:\/\/www.maria-koenigin.de\/index.php?rest_route=\/wp\/v2\/pages"}],"about":[{"href":"https:\/\/www.maria-koenigin.de\/index.php?rest_route=\/wp\/v2\/types\/page"}],"author":[{"embeddable":true,"href":"https:\/\/www.maria-koenigin.de\/index.php?rest_route=\/wp\/v2\/users\/1"}],"replies":[{"embeddable":true,"href":"https:\/\/www.maria-koenigin.de\/index.php?rest_route=%2Fwp%2Fv2%2Fcomments&post=9582"}],"version-history":[{"count":10,"href":"https:\/\/www.maria-koenigin.de\/index.php?rest_route=\/wp\/v2\/pages\/9582\/revisions"}],"predecessor-version":[{"id":16935,"href":"https:\/\/www.maria-koenigin.de\/index.php?rest_route=\/wp\/v2\/pages\/9582\/revisions\/16935"}],"wp:attachment":[{"href":"https:\/\/www.maria-koenigin.de\/index.php?rest_route=%2Fwp%2Fv2%2Fmedia&parent=9582"}],"curies":[{"name":"wp","href":"https:\/\/api.w.org\/{rel}","templated":true}]}}