{"id":9625,"date":"2020-11-26T11:23:32","date_gmt":"2020-11-26T10:23:32","guid":{"rendered":"http:\/\/www.maria-koenigin.de\/?page_id=9625"},"modified":"2021-10-10T17:31:22","modified_gmt":"2021-10-10T15:31:22","slug":"lerncoaching","status":"publish","type":"page","link":"https:\/\/www.maria-koenigin.de\/?page_id=9625","title":{"rendered":"Lerncoaching"},"content":{"rendered":"<p><img loading=\"lazy\" decoding=\"async\" class=\"alignnone size-full wp-image-10174\" src=\"http:\/\/www.maria-koenigin.de\/wordpress\/wp-content\/uploads\/2021\/10\/Coaches.jpg\" alt=\"\" width=\"640\" height=\"426\" srcset=\"https:\/\/www.maria-koenigin.de\/wordpress\/wp-content\/uploads\/2021\/10\/Coaches.jpg 640w, https:\/\/www.maria-koenigin.de\/wordpress\/wp-content\/uploads\/2021\/10\/Coaches-300x200.jpg 300w, https:\/\/www.maria-koenigin.de\/wordpress\/wp-content\/uploads\/2021\/10\/Coaches-624x415.jpg 624w\" sizes=\"auto, (max-width: 640px) 100vw, 640px\" \/><\/p>\n<p style=\"text-align: justify;\">Sch\u00fclerinnen und Sch\u00fcler der Mittelstufe, die Probleme beim Lernen haben, haben die M\u00f6glichkeit sich individuell zum Lerncoaching anzumelden. Dabei k\u00f6nnen unterschiedliche Probleme thematisiert werden: Schwierigkeiten mit der Zeiteinteilung, fehlender \u00dcberblick \u00fcber den Lernstoff, Suche nach der passenden Lernstrategie, Optimierung des Lernens im Hinblick auf Zeit und Effektivit\u00e4t, Motivationsprobleme, Misserfolge in Klassenarbeiten trotz intensiven Lernens u.\u00e4.<\/p>\n<p style=\"text-align: justify;\">Die Sch\u00fclerinnen oder Sch\u00fcler melden sich freiwillig zum Lerncoaching an und k\u00f6nnen sich einen Coach aussuchen. Der gew\u00fcnschte Coach vereinbart dann Termine. Das Coaching findet w\u00e4hrend des Unterrichts statt und dauert pro Sitzung ca. 30 Minuten. In der Regel werden die Sch\u00fcler 4 Wochen lang regelm\u00e4\u00dfig begleitet. Zum Abschluss wird \u00fcberpr\u00fcft, ob die neuen Strategien zu Erfolgen f\u00fchren.<\/p>\n<p style=\"text-align: justify;\">Folgende Kolleginnen und Kollegen haben sich als Lerncoaches ausbilden lassen und bieten ein Coaching an: Frau Lohmeyer, Frau Pinner, Herr Reifenrath, Herr Schamoni, Frau Schmidt, Herr Sch\u00f6rmann, Herr Tr\u00f6ster und Frau Dee (fehlt auf dem Foto).<\/p>\n<div id=\"attachment_9586\" style=\"width: 650px\" class=\"wp-caption alignnone\"><img loading=\"lazy\" decoding=\"async\" aria-describedby=\"caption-attachment-9586\" class=\"wp-image-9586 size-full\" src=\"http:\/\/www.maria-koenigin.de\/wordpress\/wp-content\/uploads\/2020\/11\/P1000544.jpg\" alt=\"\" width=\"640\" height=\"480\" srcset=\"https:\/\/www.maria-koenigin.de\/wordpress\/wp-content\/uploads\/2020\/11\/P1000544.jpg 640w, https:\/\/www.maria-koenigin.de\/wordpress\/wp-content\/uploads\/2020\/11\/P1000544-300x225.jpg 300w, https:\/\/www.maria-koenigin.de\/wordpress\/wp-content\/uploads\/2020\/11\/P1000544-624x468.jpg 624w\" sizes=\"auto, (max-width: 640px) 100vw, 640px\" \/><p id=\"caption-attachment-9586\" class=\"wp-caption-text\">Wir haben extra einen eigenen Raum f\u00fcr das Lerncoaching eingerichtet<\/p><\/div>\n","protected":false},"excerpt":{"rendered":"<p>Sch\u00fclerinnen und Sch\u00fcler der Mittelstufe, die Probleme beim Lernen haben, haben die M\u00f6glichkeit sich individuell zum Lerncoaching anzumelden. Dabei k\u00f6nnen unterschiedliche Probleme thematisiert werden: Schwierigkeiten mit der Zeiteinteilung, fehlender \u00dcberblick \u00fcber den Lernstoff, Suche nach der passenden Lernstrategie, Optimierung des Lernens im Hinblick auf Zeit und Effektivit\u00e4t, Motivationsprobleme, Misserfolge in Klassenarbeiten trotz intensiven Lernens u.\u00e4. [&hellip;]<\/p>\n","protected":false},"author":1,"featured_media":0,"parent":0,"menu_order":0,"comment_status":"closed","ping_status":"closed","template":"","meta":{"ngg_post_thumbnail":0,"_mc_calendar":[],"footnotes":""},"class_list":["post-9625","page","type-page","status-publish","hentry"],"_links":{"self":[{"href":"https:\/\/www.maria-koenigin.de\/index.php?rest_route=\/wp\/v2\/pages\/9625","targetHints":{"allow":["GET"]}}],"collection":[{"href":"https:\/\/www.maria-koenigin.de\/index.php?rest_route=\/wp\/v2\/pages"}],"about":[{"href":"https:\/\/www.maria-koenigin.de\/index.php?rest_route=\/wp\/v2\/types\/page"}],"author":[{"embeddable":true,"href":"https:\/\/www.maria-koenigin.de\/index.php?rest_route=\/wp\/v2\/users\/1"}],"replies":[{"embeddable":true,"href":"https:\/\/www.maria-koenigin.de\/index.php?rest_route=%2Fwp%2Fv2%2Fcomments&post=9625"}],"version-history":[{"count":4,"href":"https:\/\/www.maria-koenigin.de\/index.php?rest_route=\/wp\/v2\/pages\/9625\/revisions"}],"predecessor-version":[{"id":10175,"href":"https:\/\/www.maria-koenigin.de\/index.php?rest_route=\/wp\/v2\/pages\/9625\/revisions\/10175"}],"wp:attachment":[{"href":"https:\/\/www.maria-koenigin.de\/index.php?rest_route=%2Fwp%2Fv2%2Fmedia&parent=9625"}],"curies":[{"name":"wp","href":"https:\/\/api.w.org\/{rel}","templated":true}]}}