{"id":9634,"date":"2020-11-28T11:36:47","date_gmt":"2020-11-28T10:36:47","guid":{"rendered":"http:\/\/www.maria-koenigin.de\/?page_id=9634"},"modified":"2020-11-28T14:42:11","modified_gmt":"2020-11-28T13:42:11","slug":"allgemeine-informationen","status":"publish","type":"page","link":"https:\/\/www.maria-koenigin.de\/?page_id=9634","title":{"rendered":"Allgemeine Informationen"},"content":{"rendered":"<p style=\"text-align: justify;\">Das Gymnasium Maria K\u00f6nigin ist eine staatlich anerkannte Schule in freier Tr\u00e4gerschaft. Als Schule, die an christlichen Werten orientiert ist, verstehen wir Bildung und Erziehung als ganzheitliche Aufgabe, die den jungen Menschen mit all seinen F\u00e4higkeiten und Fertigkeiten wahrnimmt. Deshalb bieten wir ein breites Bildungsangebot an F\u00e4chern und an au\u00dferunterrichtlichen Aktivit\u00e4ten und deshalb verstehen wir uns auch als \u201eSchulgemeinde\u201c, in der Sch\u00fcler, Lehrer und Eltern zusammenarbeiten.<\/p>\n<p><img loading=\"lazy\" decoding=\"async\" class=\"alignnone size-full wp-image-9643\" src=\"http:\/\/www.maria-koenigin.de\/wordpress\/wp-content\/uploads\/2020\/11\/Luftaufnahme.jpg\" alt=\"\" width=\"640\" height=\"480\" srcset=\"https:\/\/www.maria-koenigin.de\/wordpress\/wp-content\/uploads\/2020\/11\/Luftaufnahme.jpg 640w, https:\/\/www.maria-koenigin.de\/wordpress\/wp-content\/uploads\/2020\/11\/Luftaufnahme-300x225.jpg 300w, https:\/\/www.maria-koenigin.de\/wordpress\/wp-content\/uploads\/2020\/11\/Luftaufnahme-624x468.jpg 624w\" sizes=\"auto, (max-width: 640px) 100vw, 640px\" \/><\/p>\n<p style=\"text-align: justify;\">Die Bildungsg\u00e4nge und -abschl\u00fcsse unseres Gymnasiums sind gleichwertig und gleichberechtigt mit denen der \u00f6ffentlichen Gymnasien. Auch die gesetzlichen Regelungen hinsichtlich der Lernmittel und der Fahrtkosten entsprechen denen \u00f6ffentlicher Schulen. Aktuell unterrichten knapp 70 Lehrerinnen und Lehrer etwa 800 Sch\u00fclerinnen und Sch\u00fcler an MK.<\/p>\n<p style=\"text-align: justify;\">Das Gymnasium Maria K\u00f6nigin steht in der Tradition der Ordensschulen. Die Schule wurde 1958 gegr\u00fcndet und bis zum Jahr 2002 getragen von den Missionaren von der Heiligen Familie. Seit 2002 liegt die Tr\u00e4gerschaft beim Verein \u201eGymnasium Maria K\u00f6nigin e.V.\u201c\u00a0\u00a0 Bei uns sind aber selbstverst\u00e4ndlich Sch\u00fclerinnen und Sch\u00fcler aller Konfessionen und anderer Religionen herzlich willkommen!<\/p>\n<p style=\"text-align: justify;\">Am Gymnasium Maria K\u00f6nigin ist uns die pers\u00f6nliche Betreuung unserer Sch\u00fclerinnen und Sch\u00fcler besonders wichtig. Sch\u00fclerinnen und Sch\u00fcler sind Individuen mit ihren pers\u00f6nlichen St\u00e4rken und Schw\u00e4chen. Wir begleiten sie auf dem Weg zum Abitur durch intensive Beratung und Zuwendung, so dass das Abitur zielstrebig und mit Erfolg erreicht werden kann. Dies gilt f\u00fcr alle Phasen der Schule von der Erprobungsstufe \u00fcber die Mittelstufe bis zur Oberstufe. Das Kollegium von Maria K\u00f6nigin verfolgt das gemeinsame Ziel, sich bestm\u00f6glich um jeden einzelnen Sch\u00fcler zu k\u00fcmmern.<\/p>\n<p><img loading=\"lazy\" decoding=\"async\" class=\"alignnone size-full wp-image-9641\" src=\"http:\/\/www.maria-koenigin.de\/wordpress\/wp-content\/uploads\/2020\/11\/Nebel.jpg\" alt=\"\" width=\"640\" height=\"413\" srcset=\"https:\/\/www.maria-koenigin.de\/wordpress\/wp-content\/uploads\/2020\/11\/Nebel.jpg 640w, https:\/\/www.maria-koenigin.de\/wordpress\/wp-content\/uploads\/2020\/11\/Nebel-300x194.jpg 300w, https:\/\/www.maria-koenigin.de\/wordpress\/wp-content\/uploads\/2020\/11\/Nebel-624x403.jpg 624w\" sizes=\"auto, (max-width: 640px) 100vw, 640px\" \/><\/p>\n<p style=\"text-align: justify;\">In der <strong>Erprobungsstufe <\/strong>gibt es daher zahlreiche Angebote f\u00fcr unsere Sch\u00fclerinnen und Sch\u00fcler, um den \u00dcbergang von der Grundschule zu erleichtern und erfolgreich am Gymnasium zu beginnen. Dazu geh\u00f6ren u.a. Kennenlerntage zu Beginn des Schuljahres, intensive Betreuung durch Klassenpaten, eine Klassenlehrerstunde pro Woche, das Fach Medien und zahlreiche au\u00dferunterrichtliche Aktivit\u00e4ten.<\/p>\n<p style=\"text-align: justify;\">In der <strong>Mittelstufe <\/strong>machen sich die Jugendlichen auf den Weg zu eigenen Zielen und zu mehr Selbstverantwortung. Diese Entwicklung unterst\u00fctzen wir durch Wahlpflichtbereiche mit vielf\u00e4ltigen Wahlm\u00f6glichkeiten, individuellem Lerncoaching, Zusatzqualifikationen (Klassenpaten, Schulsanit\u00e4tsdienst, Medienscouts, usw.) und zahlreiche Arbeitsgemeinschaften.<\/p>\n<p style=\"text-align: justify;\">Die <strong>Oberstufe <\/strong>f\u00fchrt in drei Jahren zum Abitur und damit zur allgemeinen Hochschulreife. Die Sch\u00fcler k\u00f6nnen ihre Schullaufbahn durch Wahlentscheidungen mitbestimmen. Dadurch ergeben sich individuelle Stundenpl\u00e4ne. Der Unterricht findet nicht mehr im Klassenverband, sondern in Kursen statt. In Tagen der Orientierung f\u00fchren wir in die Oberstufe ein und erm\u00f6glichen ein schnelles Kennenlernen. Ebenso geh\u00f6ren verschiedene Projektkurse, Arbeitsgemeinschaften und umfangreiche digitale Bildungsangebote zum Programm der Oberstufe.<\/p>\n<p><img loading=\"lazy\" decoding=\"async\" class=\"alignnone size-full wp-image-9573\" src=\"http:\/\/www.maria-koenigin.de\/wordpress\/wp-content\/uploads\/2020\/11\/Luftballonaktion20161.jpg\" alt=\"\" width=\"640\" height=\"427\" srcset=\"https:\/\/www.maria-koenigin.de\/wordpress\/wp-content\/uploads\/2020\/11\/Luftballonaktion20161.jpg 640w, https:\/\/www.maria-koenigin.de\/wordpress\/wp-content\/uploads\/2020\/11\/Luftballonaktion20161-300x200.jpg 300w, https:\/\/www.maria-koenigin.de\/wordpress\/wp-content\/uploads\/2020\/11\/Luftballonaktion20161-624x416.jpg 624w\" sizes=\"auto, (max-width: 640px) 100vw, 640px\" \/><\/p>\n<p style=\"text-align: justify;\"><strong>Grunds\u00e4tze <\/strong>nach denen wir am Gymnasium Maria K\u00f6nigin Lernen, Leben, Helfen und Glauben miteinander verbinden.<\/p>\n<ul>\n<li style=\"text-align: justify;\">Wir wollen unsere Sch\u00fcler und Sch\u00fclerinnen fordern und f\u00f6rdern. Individuelle F\u00e4higkeiten und die Freude an der eigenen Leistung wollen wir wecken und erhalten.<\/li>\n<li style=\"text-align: justify;\">Wir wollen unsere Sch\u00fclerinnen und Sch\u00fcler ganzheitlich und vielf\u00e4ltig f\u00f6rdern. Deshalb spielen neben den Gesellschaftswissenschaften, den Sprachen, den MINT-F\u00e4chern auch die musischen F\u00e4cher, Sport und Religion eine wichtige Rolle im F\u00e4cherangebot.<\/li>\n<li style=\"text-align: justify;\">Wir sehen die rasante Entwicklung zur Digitalisierung unserer Welt. Deshalb entwickeln wir unseren Unterricht und das Schulleben weiter zu moderner, digitaler Bildung.<\/li>\n<li style=\"text-align: justify;\">Wir wollen \u00fcber den Unterricht hinaus die Gemeinschaft von Eltern, Lehrern und Sch\u00fclern st\u00e4rken. Deshalb geh\u00f6ren Schulfeste, Feiern und au\u00dferunterrichtliche Veranstaltungen selbstverst\u00e4ndlich zu unserer Schule dazu.<\/li>\n<li style=\"text-align: justify;\">Wir sehen die immer st\u00e4rker werdende Internationalisierung aller Lebensbereiche als wichtige Bildungsaufgabe an. Deshalb f\u00f6rdern wir den kulturellen Austausch, z.B. mit unseren Austauschschulen in Frankreich, in Polen, in Irland und in China.<\/li>\n<li style=\"text-align: justify;\">Wir wollen Solidarit\u00e4t der Sch\u00fcler untereinander und mit Dritten ein\u00fcben und f\u00f6rdern. Deshalb unterst\u00fctzen wir die gegenseitige Hilfe der Sch\u00fcler und deshalb hat das Projekt \u201eServir\u201c zur Unterst\u00fctzung von Kindern und Jugendlichen in Kenia und Brasilien einen besonderen Stellenwert in unserer Schule.<\/li>\n<li style=\"text-align: justify;\">Wir wollen den christlichen Glauben glaubw\u00fcrdig und lebendig vermitteln. Deshalb geh\u00f6ren moderne Formen von Gebet und Gottesdienst zu unserem Schulleben.<\/li>\n<li style=\"text-align: justify;\">Wir wollen unseren Sch\u00fclern in einer immer un\u00fcbersichtlicher und komplizierter werdenden Welt Orientierung anbieten. Dies geschieht im Fachunterricht, im Religionsunterricht und bei den zahlreichen au\u00dferunterrichtlichen Aktivit\u00e4ten.<\/li>\n<li style=\"text-align: justify;\">Wir sind uns dessen bewusst, dass wir selbst und unsere Bem\u00fchungen um Erziehung und Bildung immer wieder an Grenzen sto\u00dfen. Deshalb k\u00f6nnen wir nicht alles W\u00fcnschenswerte realisieren. Wir versuchen aber, die Dinge, die wir tun, gut und gr\u00fcndlich und vor allem mit ganzem Herzen zu tun.<\/li>\n<li style=\"text-align: justify;\">Wir sehen unsere Bem\u00fchungen in enger Verbindung zu den erzieherischen Vorstellungen der Eltern. Deshalb sind uns ein guter Kontakt zu den Eltern, deren Mitarbeit und gemeinsame Veranstaltungen von Eltern, Sch\u00fclern und Lehrern wichtig.<\/li>\n<li style=\"text-align: justify;\">Schlie\u00dflich wissen wir auch, dass Schule und Erziehung in einer sich rasant entwickelnden Gesellschaft stattfindet und dass sich die Rahmenbedingungen unseres Tuns \u00e4ndern. Deshalb reflektieren wir unsere Arbeit, bilden uns regelm\u00e4\u00dfig fort und fragen, wie wir unsere Ziele jeweils neu erreichen k\u00f6nnen.<\/li>\n<\/ul>\n","protected":false},"excerpt":{"rendered":"<p>Das Gymnasium Maria K\u00f6nigin ist eine staatlich anerkannte Schule in freier Tr\u00e4gerschaft. Als Schule, die an christlichen Werten orientiert ist, verstehen wir Bildung und Erziehung als ganzheitliche Aufgabe, die den jungen Menschen mit all seinen F\u00e4higkeiten und Fertigkeiten wahrnimmt. Deshalb bieten wir ein breites Bildungsangebot an F\u00e4chern und an au\u00dferunterrichtlichen Aktivit\u00e4ten und deshalb verstehen wir [&hellip;]<\/p>\n","protected":false},"author":1,"featured_media":0,"parent":0,"menu_order":0,"comment_status":"closed","ping_status":"closed","template":"","meta":{"ngg_post_thumbnail":0,"_mc_calendar":[],"footnotes":""},"class_list":["post-9634","page","type-page","status-publish","hentry"],"_links":{"self":[{"href":"https:\/\/www.maria-koenigin.de\/index.php?rest_route=\/wp\/v2\/pages\/9634","targetHints":{"allow":["GET"]}}],"collection":[{"href":"https:\/\/www.maria-koenigin.de\/index.php?rest_route=\/wp\/v2\/pages"}],"about":[{"href":"https:\/\/www.maria-koenigin.de\/index.php?rest_route=\/wp\/v2\/types\/page"}],"author":[{"embeddable":true,"href":"https:\/\/www.maria-koenigin.de\/index.php?rest_route=\/wp\/v2\/users\/1"}],"replies":[{"embeddable":true,"href":"https:\/\/www.maria-koenigin.de\/index.php?rest_route=%2Fwp%2Fv2%2Fcomments&post=9634"}],"version-history":[{"count":5,"href":"https:\/\/www.maria-koenigin.de\/index.php?rest_route=\/wp\/v2\/pages\/9634\/revisions"}],"predecessor-version":[{"id":9644,"href":"https:\/\/www.maria-koenigin.de\/index.php?rest_route=\/wp\/v2\/pages\/9634\/revisions\/9644"}],"wp:attachment":[{"href":"https:\/\/www.maria-koenigin.de\/index.php?rest_route=%2Fwp%2Fv2%2Fmedia&parent=9634"}],"curies":[{"name":"wp","href":"https:\/\/api.w.org\/{rel}","templated":true}]}}